{"id":157,"date":"2025-02-26T16:21:10","date_gmt":"2025-02-26T21:21:10","guid":{"rendered":"https:\/\/tsie.utn.edu.ec\/2025\/?page_id=157"},"modified":"2025-05-07T09:16:53","modified_gmt":"2025-05-07T14:16:53","slug":"inicio","status":"publish","type":"page","link":"https:\/\/tsie.utn.edu.ec\/2025\/","title":{"rendered":"INICIO"},"content":{"rendered":"\n<div class=\"wp-block-columns is-layout-flex wp-container-core-columns-is-layout-9d6595d7 wp-block-columns-is-layout-flex\">\n<div class=\"wp-block-column is-layout-flow wp-block-column-is-layout-flow\">\n<p>El <strong>III Congreso Internacional: \u201cTecnolog\u00eda, Sustentabilidad e Innovaci\u00f3n Educativa (TSIE)\u201d <\/strong>es un evento acad\u00e9mico organizado por la Asociaci\u00f3n General de Profesores y la Facultad de Educaci\u00f3n, Ciencia y Tecnolog\u00eda con el aval de la Universidad T\u00e9cnica del Norte (UTN) en Ibarra, Ecuador. Este congreso se celebrar\u00e1 los d\u00edas <strong>20 21 y 22 de mayo del 2025 en el Polideportivo de la UTN<\/strong>. El evento constituye una plataforma para la publicaci\u00f3n de trabajos de investigaci\u00f3n en revistas indexadas. Ofrece a los investigadores, docentes y estudiantes la oportunidad de difundir sus contribuciones a un p\u00fablico m\u00e1s amplio y obtener el reconocimiento acad\u00e9mico que merecen. Esta iniciativa fortalece el v\u00ednculo entre la investigaci\u00f3n y la docencia, fomenta una cultura de producci\u00f3n cient\u00edfica de calidad en la UTN y otras instituciones participantes.<\/p>\n\n\n\n<p><strong>TSIE 2025<\/strong> cuenta con la colaboraci\u00f3n de grupos de investigaci\u00f3n como: el Grupo de Investigaci\u00f3n de Ciencias en Red (e-CIER), Grupo de Investigaci\u00f3n Innovaci\u00f3n en Tecnolog\u00eda Educativa de la Universidad de Salamanca-Espa\u00f1a (GITE-USAL) y el Grupo de Investigaci\u00f3n Educaci\u00f3n, Ciencia y Tecnolog\u00eda (GIECYT) que comparten la visi\u00f3n de una sociedad empoderada por el conocimiento.<\/p>\n<\/div>\n<\/div>\n\n\n\n<figure class=\"wp-block-embed aligncenter is-type-video is-provider-youtube wp-block-embed-youtube wp-embed-aspect-16-9 wp-has-aspect-ratio\"><div class=\"wp-block-embed__wrapper\">\n<iframe loading=\"lazy\" title=\"Promo del tercer Congreso TSIE 2025\" width=\"500\" height=\"281\" src=\"https:\/\/www.youtube.com\/embed\/iux_PUs1p6I?feature=oembed\" frameborder=\"0\" allow=\"accelerometer; autoplay; clipboard-write; encrypted-media; gyroscope; picture-in-picture; web-share\" referrerpolicy=\"strict-origin-when-cross-origin\" allowfullscreen><\/iframe>\n<\/div><\/figure>\n\n\n\n<p><\/p>\n\n\n\n<p class=\"has-text-align-center has-white-color has-virtue-primary-background-color has-text-color has-background has-link-color has-medium-font-size wp-elements-163f2239fdffc15833107e37da5a987b\"><strong>FECHAS IMPORTANTES<\/strong><\/p>\n\n\n\n<figure class=\"wp-block-table\"><table class=\"has-fixed-layout\"><tbody><tr><td class=\"has-text-align-center\" data-align=\"center\"><strong>ACTIVIDADES<\/strong><\/td><td class=\"has-text-align-center\" data-align=\"center\"><strong>FECHAS<\/strong><\/td><\/tr><tr><td class=\"has-text-align-center\" data-align=\"center\">Presentaci\u00f3n oficial del evento TSIE 2025<\/td><td class=\"has-text-align-center\" data-align=\"center\">19 de marzo del 2025<\/td><\/tr><tr><td class=\"has-text-align-center\" data-align=\"center\">Recepci\u00f3n de res\u00famenes (ponencia, p\u00f3ster cient\u00edfico y cartel cultural)<\/td><td class=\"has-text-align-center\" data-align=\"center\">Hasta el 13 de mayo del 2025<\/td><\/tr><tr><td class=\"has-text-align-center\" data-align=\"center\">Revisi\u00f3n y aprobaci\u00f3n de res\u00famenes <\/td><td class=\"has-text-align-center\" data-align=\"center\">Hasta el 15 de mayo del 2025<\/td><\/tr><tr><td class=\"has-text-align-center\" data-align=\"center\">Notificaci\u00f3n de resultados<\/td><td class=\"has-text-align-center\" data-align=\"center\">Hasta el 16 de mayo del 2025<\/td><\/tr><tr><td class=\"has-text-align-center\" data-align=\"center\">Recepci\u00f3n de P\u00f3ster Cient\u00edficos y Carteles Culturales<\/td><td class=\"has-text-align-center\" data-align=\"center\">16 de mayo del 2025<\/td><\/tr><tr><td class=\"has-text-align-center\" data-align=\"center\">Registro (inscripci\u00f3n) y pago de participaci\u00f3n en el evento<\/td><td class=\"has-text-align-center\" data-align=\"center\">Hasta el 19 de mayo del 2025<\/td><\/tr><tr><td class=\"has-text-align-center\" data-align=\"center\">Recepci\u00f3n de art\u00edculos cient\u00edficos (Revista Indexada a Web of Science, JCR-Q4)<\/td><td class=\"has-text-align-center\" data-align=\"center\">27 de junio del 2025<\/td><\/tr><tr><td class=\"has-text-align-center\" data-align=\"center\">Recepci\u00f3n de art\u00edculos cient\u00edficos (Revista Formaci\u00f3n Universitaria, Scopus Q3, SJR 2024-Q3) (Revista Ecos de la Academia, Latindex, cat\u00e1logo 2.0)<\/td><td class=\"has-text-align-center\" data-align=\"center\">31 de julio del 2025<\/td><\/tr><tr><td class=\"has-text-align-center\" data-align=\"center\">Revisi\u00f3n de pares ciegos primera ronda en revista indexada en Web of Science, JCR-Q4.<\/td><td class=\"has-text-align-center\" data-align=\"center\">Del 1 al 13 de julio del 2025<\/td><\/tr><tr><td class=\"has-text-align-center\" data-align=\"center\">Notificaci\u00f3n de dictamen de revisores (pares ciegos) primera ronda.<\/td><td class=\"has-text-align-center\" data-align=\"center\">14 y 15 de julio del 2025<\/td><\/tr><\/tbody><\/table><\/figure>\n\n\n\n<p class=\"has-text-align-left\"><\/p>\n\n\n\n<p class=\"has-text-align-Justify\"><strong>Nota:<\/strong> El proceso de evaluaci\u00f3n de los art\u00edculos cient\u00edficos presentados en la Revista <strong><a href=\"https:\/\/www.scielo.cl\/scielo.php?script=sci_serial&amp;pid=0718-5006\" target=\"_blank\" rel=\"noreferrer noopener\">Formaci\u00f3n Universitaria<\/a> y <a href=\"https:\/\/revistasojs.utn.edu.ec\/index.php\/ecosacademia\" target=\"_blank\" rel=\"noreferrer noopener\">Ecos de la Academia<\/a><\/strong> se llevar\u00e1 a cabo dentro de las mismas revistas, siguiendo sus respectivas normativas editoriales y el sistema de revisi\u00f3n por pares, con el objetivo de garantizar la calidad, rigor cient\u00edfico y relevancia de los manuscritos antes de su publicaci\u00f3n.<\/p>\n\n\n\n<p><\/p>\n\n\n\n<p><\/p>\n<div class=\"pvc_clear\"><\/div><p id=\"pvc_stats_157\" class=\"pvc_stats all  \" data-element-id=\"157\" style=\"\"><i class=\"pvc-stats-icon large\" aria-hidden=\"true\"><svg xmlns=\"http:\/\/www.w3.org\/2000\/svg\" version=\"1.0\" viewBox=\"0 0 502 315\" preserveAspectRatio=\"xMidYMid meet\"><g transform=\"translate(0,332) scale(0.1,-0.1)\" fill=\"\" stroke=\"none\"><path d=\"M2394 3279 l-29 -30 -3 -207 c-2 -182 0 -211 15 -242 39 -76 157 -76 196 0 15 31 17 60 15 243 l-3 209 -33 29 c-26 23 -41 29 -80 29 -41 0 -53 -5 -78 -31z\"\/><path d=\"M3085 3251 c-45 -19 -58 -50 -96 -229 -47 -217 -49 -260 -13 -295 52 -53 146 -42 177 20 16 31 87 366 87 410 0 70 -86 122 -155 94z\"\/><path d=\"M1751 3234 c-13 -9 -29 -31 -37 -50 -12 -29 -10 -49 21 -204 19 -94 39 -189 45 -210 14 -50 54 -80 110 -80 34 0 48 6 76 34 21 21 34 44 34 59 0 14 -18 113 -40 219 -37 178 -43 195 -70 221 -36 32 -101 37 -139 11z\"\/><path d=\"M1163 3073 c-36 -7 -73 -59 -73 -102 0 -56 133 -378 171 -413 34 -32 83 -37 129 -13 70 36 67 87 -16 290 -86 209 -89 214 -129 231 -35 14 -42 15 -82 7z\"\/><path d=\"M3689 3066 c-15 -9 -33 -30 -42 -48 -48 -103 -147 -355 -147 -375 0 -98 131 -148 192 -74 13 15 57 108 97 206 80 196 84 226 37 273 -30 30 -99 39 -137 18z\"\/><path d=\"M583 2784 c-38 -19 -67 -74 -58 -113 9 -42 211 -354 242 -373 16 -10 45 -18 66 -18 51 0 107 52 107 100 0 39 -1 41 -124 234 -80 126 -108 162 -133 173 -41 17 -61 16 -100 -3z\"\/><path d=\"M4250 2784 c-14 -9 -74 -91 -133 -183 -95 -150 -107 -173 -107 -213 0 -55 33 -94 87 -104 67 -13 90 8 211 198 130 202 137 225 78 284 -27 27 -42 34 -72 34 -22 0 -50 -8 -64 -16z\"\/><path d=\"M2275 2693 c-553 -48 -1095 -270 -1585 -649 -135 -104 -459 -423 -483 -476 -23 -49 -22 -139 2 -186 73 -142 361 -457 571 -626 285 -228 642 -407 990 -497 242 -63 336 -73 660 -74 310 0 370 5 595 52 535 111 1045 392 1455 803 122 121 250 273 275 326 19 41 19 137 0 174 -41 79 -309 363 -465 492 -447 370 -946 591 -1479 653 -113 14 -422 18 -536 8z m395 -428 c171 -34 330 -124 456 -258 112 -119 167 -219 211 -378 27 -96 24 -300 -5 -401 -72 -255 -236 -447 -474 -557 -132 -62 -201 -76 -368 -76 -167 0 -236 14 -368 76 -213 98 -373 271 -451 485 -162 444 86 934 547 1084 153 49 292 57 452 25z m909 -232 c222 -123 408 -262 593 -441 76 -74 138 -139 138 -144 0 -16 -233 -242 -330 -319 -155 -123 -309 -223 -461 -299 l-81 -41 32 46 c18 26 49 83 70 128 143 306 141 649 -6 957 -25 52 -61 116 -79 142 l-34 47 45 -20 c26 -10 76 -36 113 -56z m-2057 25 c-40 -58 -105 -190 -130 -263 -110 -324 -59 -707 132 -981 25 -35 42 -64 37 -64 -19 0 -241 119 -326 174 -188 122 -406 314 -532 468 l-58 71 108 103 c185 178 428 349 672 473 66 33 121 60 123 61 2 0 -10 -19 -26 -42z\"\/><path d=\"M2375 1950 c-198 -44 -350 -190 -395 -379 -18 -76 -8 -221 19 -290 114 -284 457 -406 731 -260 98 52 188 154 231 260 27 69 37 214 19 290 -38 163 -166 304 -326 360 -67 23 -215 33 -279 19z\"\/><\/g><\/svg><\/i> <img loading=\"lazy\" decoding=\"async\" width=\"16\" height=\"16\" alt=\"Loading\" src=\"https:\/\/tsie.utn.edu.ec\/2025\/wp-content\/plugins\/page-views-count\/ajax-loader-2x.gif\" border=0 \/><\/p><div class=\"pvc_clear\"><\/div>","protected":false},"excerpt":{"rendered":"<p>El III Congreso Internacional: \u201cTecnolog\u00eda, Sustentabilidad e Innovaci\u00f3n Educativa (TSIE)\u201d es un evento acad\u00e9mico organizado por la Asociaci\u00f3n General de Profesores y la Facultad de Educaci\u00f3n, Ciencia y Tecnolog\u00eda con el aval de la Universidad T\u00e9cnica del Norte (UTN) en &hellip; <a href=\"https:\/\/tsie.utn.edu.ec\/2025\/\">Continuar<\/a><\/p>\n<div class=\"pvc_clear\"><\/div>\n<p id=\"pvc_stats_157\" class=\"pvc_stats all  \" data-element-id=\"157\" style=\"\"><i class=\"pvc-stats-icon large\" aria-hidden=\"true\"><svg xmlns=\"http:\/\/www.w3.org\/2000\/svg\" version=\"1.0\" viewBox=\"0 0 502 315\" preserveAspectRatio=\"xMidYMid meet\"><g transform=\"translate(0,332) scale(0.1,-0.1)\" fill=\"\" stroke=\"none\"><path d=\"M2394 3279 l-29 -30 -3 -207 c-2 -182 0 -211 15 -242 39 -76 157 -76 196 0 15 31 17 60 15 243 l-3 209 -33 29 c-26 23 -41 29 -80 29 -41 0 -53 -5 -78 -31z\"\/><path d=\"M3085 3251 c-45 -19 -58 -50 -96 -229 -47 -217 -49 -260 -13 -295 52 -53 146 -42 177 20 16 31 87 366 87 410 0 70 -86 122 -155 94z\"\/><path d=\"M1751 3234 c-13 -9 -29 -31 -37 -50 -12 -29 -10 -49 21 -204 19 -94 39 -189 45 -210 14 -50 54 -80 110 -80 34 0 48 6 76 34 21 21 34 44 34 59 0 14 -18 113 -40 219 -37 178 -43 195 -70 221 -36 32 -101 37 -139 11z\"\/><path d=\"M1163 3073 c-36 -7 -73 -59 -73 -102 0 -56 133 -378 171 -413 34 -32 83 -37 129 -13 70 36 67 87 -16 290 -86 209 -89 214 -129 231 -35 14 -42 15 -82 7z\"\/><path d=\"M3689 3066 c-15 -9 -33 -30 -42 -48 -48 -103 -147 -355 -147 -375 0 -98 131 -148 192 -74 13 15 57 108 97 206 80 196 84 226 37 273 -30 30 -99 39 -137 18z\"\/><path d=\"M583 2784 c-38 -19 -67 -74 -58 -113 9 -42 211 -354 242 -373 16 -10 45 -18 66 -18 51 0 107 52 107 100 0 39 -1 41 -124 234 -80 126 -108 162 -133 173 -41 17 -61 16 -100 -3z\"\/><path d=\"M4250 2784 c-14 -9 -74 -91 -133 -183 -95 -150 -107 -173 -107 -213 0 -55 33 -94 87 -104 67 -13 90 8 211 198 130 202 137 225 78 284 -27 27 -42 34 -72 34 -22 0 -50 -8 -64 -16z\"\/><path d=\"M2275 2693 c-553 -48 -1095 -270 -1585 -649 -135 -104 -459 -423 -483 -476 -23 -49 -22 -139 2 -186 73 -142 361 -457 571 -626 285 -228 642 -407 990 -497 242 -63 336 -73 660 -74 310 0 370 5 595 52 535 111 1045 392 1455 803 122 121 250 273 275 326 19 41 19 137 0 174 -41 79 -309 363 -465 492 -447 370 -946 591 -1479 653 -113 14 -422 18 -536 8z m395 -428 c171 -34 330 -124 456 -258 112 -119 167 -219 211 -378 27 -96 24 -300 -5 -401 -72 -255 -236 -447 -474 -557 -132 -62 -201 -76 -368 -76 -167 0 -236 14 -368 76 -213 98 -373 271 -451 485 -162 444 86 934 547 1084 153 49 292 57 452 25z m909 -232 c222 -123 408 -262 593 -441 76 -74 138 -139 138 -144 0 -16 -233 -242 -330 -319 -155 -123 -309 -223 -461 -299 l-81 -41 32 46 c18 26 49 83 70 128 143 306 141 649 -6 957 -25 52 -61 116 -79 142 l-34 47 45 -20 c26 -10 76 -36 113 -56z m-2057 25 c-40 -58 -105 -190 -130 -263 -110 -324 -59 -707 132 -981 25 -35 42 -64 37 -64 -19 0 -241 119 -326 174 -188 122 -406 314 -532 468 l-58 71 108 103 c185 178 428 349 672 473 66 33 121 60 123 61 2 0 -10 -19 -26 -42z\"\/><path d=\"M2375 1950 c-198 -44 -350 -190 -395 -379 -18 -76 -8 -221 19 -290 114 -284 457 -406 731 -260 98 52 188 154 231 260 27 69 37 214 19 290 -38 163 -166 304 -326 360 -67 23 -215 33 -279 19z\"\/><\/g><\/svg><\/i> <img loading=\"lazy\" decoding=\"async\" width=\"16\" height=\"16\" alt=\"Loading\" src=\"https:\/\/tsie.utn.edu.ec\/2025\/wp-content\/plugins\/page-views-count\/ajax-loader-2x.gif\" border=0 \/><\/p>\n<div class=\"pvc_clear\"><\/div>\n","protected":false},"author":1,"featured_media":0,"parent":0,"menu_order":0,"comment_status":"closed","ping_status":"closed","template":"","meta":{"footnotes":""},"class_list":["post-157","page","type-page","status-publish","hentry"],"_links":{"self":[{"href":"https:\/\/tsie.utn.edu.ec\/2025\/wp-json\/wp\/v2\/pages\/157","targetHints":{"allow":["GET"]}}],"collection":[{"href":"https:\/\/tsie.utn.edu.ec\/2025\/wp-json\/wp\/v2\/pages"}],"about":[{"href":"https:\/\/tsie.utn.edu.ec\/2025\/wp-json\/wp\/v2\/types\/page"}],"author":[{"embeddable":true,"href":"https:\/\/tsie.utn.edu.ec\/2025\/wp-json\/wp\/v2\/users\/1"}],"replies":[{"embeddable":true,"href":"https:\/\/tsie.utn.edu.ec\/2025\/wp-json\/wp\/v2\/comments?post=157"}],"version-history":[{"count":25,"href":"https:\/\/tsie.utn.edu.ec\/2025\/wp-json\/wp\/v2\/pages\/157\/revisions"}],"predecessor-version":[{"id":1102,"href":"https:\/\/tsie.utn.edu.ec\/2025\/wp-json\/wp\/v2\/pages\/157\/revisions\/1102"}],"wp:attachment":[{"href":"https:\/\/tsie.utn.edu.ec\/2025\/wp-json\/wp\/v2\/media?parent=157"}],"curies":[{"name":"wp","href":"https:\/\/api.w.org\/{rel}","templated":true}]}}