{"id":31,"date":"2025-02-25T14:56:24","date_gmt":"2025-02-25T14:56:24","guid":{"rendered":"https:\/\/tsie.utn.edu.ec\/2025\/?page_id=31"},"modified":"2025-03-20T10:09:38","modified_gmt":"2025-03-20T15:09:38","slug":"presentacion-de-trabajos","status":"publish","type":"page","link":"https:\/\/tsie.utn.edu.ec\/2025\/presentacion-de-trabajos\/","title":{"rendered":"ENV\u00cdOS"},"content":{"rendered":"\n<figure class=\"wp-block-image size-large\"><img loading=\"lazy\" decoding=\"async\" width=\"1024\" height=\"383\" src=\"https:\/\/tsie.utn.edu.ec\/2025\/wp-content\/uploads\/2025\/03\/portada-3-1-1024x383.png\" alt=\"\" class=\"wp-image-910\" srcset=\"https:\/\/tsie.utn.edu.ec\/2025\/wp-content\/uploads\/2025\/03\/portada-3-1-1024x383.png 1024w, https:\/\/tsie.utn.edu.ec\/2025\/wp-content\/uploads\/2025\/03\/portada-3-1-300x112.png 300w, https:\/\/tsie.utn.edu.ec\/2025\/wp-content\/uploads\/2025\/03\/portada-3-1-768x287.png 768w, https:\/\/tsie.utn.edu.ec\/2025\/wp-content\/uploads\/2025\/03\/portada-3-1.png 1073w\" sizes=\"auto, (max-width: 1024px) 100vw, 1024px\" \/><\/figure>\n\n\n\n<p class=\"has-text-align-center has-medium-font-size\"><strong>Convocatoria Acad\u00e9mica \u2013 TSIE 2025<\/strong><\/p>\n\n\n\n<p>\ud83d\udcc5 <strong>20, 21 y 22<\/strong> de mayo de 2025 | \ud83d\udccd <strong>Universidad T\u00e9cnica del Norte<\/strong><\/p>\n\n\n<p class=\"has-text-align-justify\">La educaci\u00f3n es el pilar del desarrollo sostenible y el conocimiento es su motor de transformaci\u00f3n. Conscientes de los desaf\u00edos y oportunidades que enfrenta la ense\u00f1anza en la era digital, la Universidad T\u00e9cnica del Norte (UTN) invita a docentes, investigadores, especialistas y profesionales del \u00e1mbito educativo a participar en el Congreso Internacional TSIE 2025, un espacio de encuentro, reflexi\u00f3n y transferencia cient\u00edfica en torno a la innovaci\u00f3n educativa y la generaci\u00f3n de conocimientos interdisciplinarios.<\/p>\n<p class=\"has-text-align-justify\">Bajo el enfoque del Objetivo de Desarrollo Sostenible (ODS) 4: Educaci\u00f3n de Calidad, este congreso ofrece una plataforma para exponer y socializar investigaciones, experiencias did\u00e1cticas y metodolog\u00edas innovadoras, promoviendo el intercambio de saberes y el fortalecimiento del trabajo colaborativo. Los participantes podr\u00e1n presentar ponencias en ocho ejes tem\u00e1ticos que abarcan la tecnolog\u00eda, la neurociencia, la comunicaci\u00f3n, la interculturalidad, el arte, la sustentabilidad, la inteligencia artificial y la actividad f\u00edsica en la educaci\u00f3n.<\/p>\n<p class=\"has-text-align-justify\">Los trabajos aceptados ser\u00e1n reconocidos con <strong>certificaci\u00f3n acad\u00e9mica<\/strong> con una duraci\u00f3n de<strong> 40 horas<\/strong> y contribuir\u00e1n a la construcci\u00f3n de un conocimiento aplicado y transformador. \u00a1S\u00e9 parte de este espacio de di\u00e1logo y transferencia cient\u00edfica!<\/p>\n\n\n<p class=\"has-medium-font-size\">\ud83d\udce2 <strong><em>Postula tu investigaci\u00f3n y construyamos juntos el futuro de la educaci\u00f3n.<\/em><\/strong><\/p>\n\n\n\n<div class=\"wp-block-columns are-vertically-aligned-center is-layout-flex wp-container-core-columns-is-layout-9d6595d7 wp-block-columns-is-layout-flex\">\n<div class=\"wp-block-column is-vertically-aligned-center is-layout-flow wp-block-column-is-layout-flow\" style=\"flex-basis:25%\"><\/div>\n\n\n\n<div class=\"wp-block-column is-vertically-aligned-center is-layout-flow wp-block-column-is-layout-flow\" style=\"flex-basis:50%\">\n<figure class=\"wp-block-table is-style-stripes\"><table class=\"has-vivid-cyan-blue-color has-text-color has-link-color has-fixed-layout\"><tbody><tr><td><a href=\"https:\/\/tsie.utn.edu.ec\/2025\/ponencias\/\"><strong>Ponencias<\/strong><\/a><\/td><\/tr><tr><td><a href=\"https:\/\/tsie.utn.edu.ec\/2025\/poster\/\"><strong>P\u00f3ster Cient\u00edfico<\/strong><\/a><\/td><\/tr><tr><td><strong><a href=\"https:\/\/tsie.utn.edu.ec\/2025\/cartel-cultural\/\">Cartel Cultural<\/a><\/strong><\/td><\/tr><tr><td><a href=\"https:\/\/tsie.utn.edu.ec\/2025\/articulos\/\"><strong>Art\u00edculos<\/strong><\/a><\/td><\/tr><\/tbody><\/table><\/figure>\n<\/div>\n\n\n\n<div class=\"wp-block-column is-vertically-aligned-center is-layout-flow wp-block-column-is-layout-flow\" style=\"flex-basis:25%\"><\/div>\n<\/div>\n\n\n\n<p><\/p>\n<div class=\"pvc_clear\"><\/div><p id=\"pvc_stats_31\" class=\"pvc_stats all  \" data-element-id=\"31\" style=\"\"><i class=\"pvc-stats-icon large\" aria-hidden=\"true\"><svg xmlns=\"http:\/\/www.w3.org\/2000\/svg\" version=\"1.0\" viewBox=\"0 0 502 315\" preserveAspectRatio=\"xMidYMid meet\"><g transform=\"translate(0,332) scale(0.1,-0.1)\" fill=\"\" stroke=\"none\"><path d=\"M2394 3279 l-29 -30 -3 -207 c-2 -182 0 -211 15 -242 39 -76 157 -76 196 0 15 31 17 60 15 243 l-3 209 -33 29 c-26 23 -41 29 -80 29 -41 0 -53 -5 -78 -31z\"\/><path d=\"M3085 3251 c-45 -19 -58 -50 -96 -229 -47 -217 -49 -260 -13 -295 52 -53 146 -42 177 20 16 31 87 366 87 410 0 70 -86 122 -155 94z\"\/><path d=\"M1751 3234 c-13 -9 -29 -31 -37 -50 -12 -29 -10 -49 21 -204 19 -94 39 -189 45 -210 14 -50 54 -80 110 -80 34 0 48 6 76 34 21 21 34 44 34 59 0 14 -18 113 -40 219 -37 178 -43 195 -70 221 -36 32 -101 37 -139 11z\"\/><path d=\"M1163 3073 c-36 -7 -73 -59 -73 -102 0 -56 133 -378 171 -413 34 -32 83 -37 129 -13 70 36 67 87 -16 290 -86 209 -89 214 -129 231 -35 14 -42 15 -82 7z\"\/><path d=\"M3689 3066 c-15 -9 -33 -30 -42 -48 -48 -103 -147 -355 -147 -375 0 -98 131 -148 192 -74 13 15 57 108 97 206 80 196 84 226 37 273 -30 30 -99 39 -137 18z\"\/><path d=\"M583 2784 c-38 -19 -67 -74 -58 -113 9 -42 211 -354 242 -373 16 -10 45 -18 66 -18 51 0 107 52 107 100 0 39 -1 41 -124 234 -80 126 -108 162 -133 173 -41 17 -61 16 -100 -3z\"\/><path d=\"M4250 2784 c-14 -9 -74 -91 -133 -183 -95 -150 -107 -173 -107 -213 0 -55 33 -94 87 -104 67 -13 90 8 211 198 130 202 137 225 78 284 -27 27 -42 34 -72 34 -22 0 -50 -8 -64 -16z\"\/><path d=\"M2275 2693 c-553 -48 -1095 -270 -1585 -649 -135 -104 -459 -423 -483 -476 -23 -49 -22 -139 2 -186 73 -142 361 -457 571 -626 285 -228 642 -407 990 -497 242 -63 336 -73 660 -74 310 0 370 5 595 52 535 111 1045 392 1455 803 122 121 250 273 275 326 19 41 19 137 0 174 -41 79 -309 363 -465 492 -447 370 -946 591 -1479 653 -113 14 -422 18 -536 8z m395 -428 c171 -34 330 -124 456 -258 112 -119 167 -219 211 -378 27 -96 24 -300 -5 -401 -72 -255 -236 -447 -474 -557 -132 -62 -201 -76 -368 -76 -167 0 -236 14 -368 76 -213 98 -373 271 -451 485 -162 444 86 934 547 1084 153 49 292 57 452 25z m909 -232 c222 -123 408 -262 593 -441 76 -74 138 -139 138 -144 0 -16 -233 -242 -330 -319 -155 -123 -309 -223 -461 -299 l-81 -41 32 46 c18 26 49 83 70 128 143 306 141 649 -6 957 -25 52 -61 116 -79 142 l-34 47 45 -20 c26 -10 76 -36 113 -56z m-2057 25 c-40 -58 -105 -190 -130 -263 -110 -324 -59 -707 132 -981 25 -35 42 -64 37 -64 -19 0 -241 119 -326 174 -188 122 -406 314 -532 468 l-58 71 108 103 c185 178 428 349 672 473 66 33 121 60 123 61 2 0 -10 -19 -26 -42z\"\/><path d=\"M2375 1950 c-198 -44 -350 -190 -395 -379 -18 -76 -8 -221 19 -290 114 -284 457 -406 731 -260 98 52 188 154 231 260 27 69 37 214 19 290 -38 163 -166 304 -326 360 -67 23 -215 33 -279 19z\"\/><\/g><\/svg><\/i> <img loading=\"lazy\" decoding=\"async\" width=\"16\" height=\"16\" alt=\"Loading\" src=\"https:\/\/tsie.utn.edu.ec\/2025\/wp-content\/plugins\/page-views-count\/ajax-loader-2x.gif\" border=0 \/><\/p><div class=\"pvc_clear\"><\/div>","protected":false},"excerpt":{"rendered":"<p>Convocatoria Acad\u00e9mica \u2013 TSIE 2025 \ud83d\udcc5 20, 21 y 22 de mayo de 2025 | \ud83d\udccd Universidad T\u00e9cnica del Norte La educaci\u00f3n es el pilar del desarrollo sostenible y el conocimiento es su motor de transformaci\u00f3n. Conscientes de los desaf\u00edos &hellip; <a href=\"https:\/\/tsie.utn.edu.ec\/2025\/presentacion-de-trabajos\/\">Continuar<\/a><\/p>\n<div class=\"pvc_clear\"><\/div>\n<p id=\"pvc_stats_31\" class=\"pvc_stats all  \" data-element-id=\"31\" style=\"\"><i class=\"pvc-stats-icon large\" aria-hidden=\"true\"><svg xmlns=\"http:\/\/www.w3.org\/2000\/svg\" version=\"1.0\" viewBox=\"0 0 502 315\" preserveAspectRatio=\"xMidYMid meet\"><g transform=\"translate(0,332) scale(0.1,-0.1)\" fill=\"\" stroke=\"none\"><path d=\"M2394 3279 l-29 -30 -3 -207 c-2 -182 0 -211 15 -242 39 -76 157 -76 196 0 15 31 17 60 15 243 l-3 209 -33 29 c-26 23 -41 29 -80 29 -41 0 -53 -5 -78 -31z\"\/><path d=\"M3085 3251 c-45 -19 -58 -50 -96 -229 -47 -217 -49 -260 -13 -295 52 -53 146 -42 177 20 16 31 87 366 87 410 0 70 -86 122 -155 94z\"\/><path d=\"M1751 3234 c-13 -9 -29 -31 -37 -50 -12 -29 -10 -49 21 -204 19 -94 39 -189 45 -210 14 -50 54 -80 110 -80 34 0 48 6 76 34 21 21 34 44 34 59 0 14 -18 113 -40 219 -37 178 -43 195 -70 221 -36 32 -101 37 -139 11z\"\/><path d=\"M1163 3073 c-36 -7 -73 -59 -73 -102 0 -56 133 -378 171 -413 34 -32 83 -37 129 -13 70 36 67 87 -16 290 -86 209 -89 214 -129 231 -35 14 -42 15 -82 7z\"\/><path d=\"M3689 3066 c-15 -9 -33 -30 -42 -48 -48 -103 -147 -355 -147 -375 0 -98 131 -148 192 -74 13 15 57 108 97 206 80 196 84 226 37 273 -30 30 -99 39 -137 18z\"\/><path d=\"M583 2784 c-38 -19 -67 -74 -58 -113 9 -42 211 -354 242 -373 16 -10 45 -18 66 -18 51 0 107 52 107 100 0 39 -1 41 -124 234 -80 126 -108 162 -133 173 -41 17 -61 16 -100 -3z\"\/><path d=\"M4250 2784 c-14 -9 -74 -91 -133 -183 -95 -150 -107 -173 -107 -213 0 -55 33 -94 87 -104 67 -13 90 8 211 198 130 202 137 225 78 284 -27 27 -42 34 -72 34 -22 0 -50 -8 -64 -16z\"\/><path d=\"M2275 2693 c-553 -48 -1095 -270 -1585 -649 -135 -104 -459 -423 -483 -476 -23 -49 -22 -139 2 -186 73 -142 361 -457 571 -626 285 -228 642 -407 990 -497 242 -63 336 -73 660 -74 310 0 370 5 595 52 535 111 1045 392 1455 803 122 121 250 273 275 326 19 41 19 137 0 174 -41 79 -309 363 -465 492 -447 370 -946 591 -1479 653 -113 14 -422 18 -536 8z m395 -428 c171 -34 330 -124 456 -258 112 -119 167 -219 211 -378 27 -96 24 -300 -5 -401 -72 -255 -236 -447 -474 -557 -132 -62 -201 -76 -368 -76 -167 0 -236 14 -368 76 -213 98 -373 271 -451 485 -162 444 86 934 547 1084 153 49 292 57 452 25z m909 -232 c222 -123 408 -262 593 -441 76 -74 138 -139 138 -144 0 -16 -233 -242 -330 -319 -155 -123 -309 -223 -461 -299 l-81 -41 32 46 c18 26 49 83 70 128 143 306 141 649 -6 957 -25 52 -61 116 -79 142 l-34 47 45 -20 c26 -10 76 -36 113 -56z m-2057 25 c-40 -58 -105 -190 -130 -263 -110 -324 -59 -707 132 -981 25 -35 42 -64 37 -64 -19 0 -241 119 -326 174 -188 122 -406 314 -532 468 l-58 71 108 103 c185 178 428 349 672 473 66 33 121 60 123 61 2 0 -10 -19 -26 -42z\"\/><path d=\"M2375 1950 c-198 -44 -350 -190 -395 -379 -18 -76 -8 -221 19 -290 114 -284 457 -406 731 -260 98 52 188 154 231 260 27 69 37 214 19 290 -38 163 -166 304 -326 360 -67 23 -215 33 -279 19z\"\/><\/g><\/svg><\/i> <img loading=\"lazy\" decoding=\"async\" width=\"16\" height=\"16\" alt=\"Loading\" src=\"https:\/\/tsie.utn.edu.ec\/2025\/wp-content\/plugins\/page-views-count\/ajax-loader-2x.gif\" border=0 \/><\/p>\n<div class=\"pvc_clear\"><\/div>\n","protected":false},"author":2,"featured_media":0,"parent":0,"menu_order":0,"comment_status":"closed","ping_status":"closed","template":"","meta":{"footnotes":""},"class_list":["post-31","page","type-page","status-publish","hentry"],"_links":{"self":[{"href":"https:\/\/tsie.utn.edu.ec\/2025\/wp-json\/wp\/v2\/pages\/31","targetHints":{"allow":["GET"]}}],"collection":[{"href":"https:\/\/tsie.utn.edu.ec\/2025\/wp-json\/wp\/v2\/pages"}],"about":[{"href":"https:\/\/tsie.utn.edu.ec\/2025\/wp-json\/wp\/v2\/types\/page"}],"author":[{"embeddable":true,"href":"https:\/\/tsie.utn.edu.ec\/2025\/wp-json\/wp\/v2\/users\/2"}],"replies":[{"embeddable":true,"href":"https:\/\/tsie.utn.edu.ec\/2025\/wp-json\/wp\/v2\/comments?post=31"}],"version-history":[{"count":21,"href":"https:\/\/tsie.utn.edu.ec\/2025\/wp-json\/wp\/v2\/pages\/31\/revisions"}],"predecessor-version":[{"id":913,"href":"https:\/\/tsie.utn.edu.ec\/2025\/wp-json\/wp\/v2\/pages\/31\/revisions\/913"}],"wp:attachment":[{"href":"https:\/\/tsie.utn.edu.ec\/2025\/wp-json\/wp\/v2\/media?parent=31"}],"curies":[{"name":"wp","href":"https:\/\/api.w.org\/{rel}","templated":true}]}}