{"id":33,"date":"2025-02-25T14:57:17","date_gmt":"2025-02-25T14:57:17","guid":{"rendered":"https:\/\/tsie.utn.edu.ec\/2025\/?page_id=33"},"modified":"2025-05-12T10:26:41","modified_gmt":"2025-05-12T15:26:41","slug":"ponencias","status":"publish","type":"page","link":"https:\/\/tsie.utn.edu.ec\/2025\/ponencias\/","title":{"rendered":"PONENCIAS"},"content":{"rendered":"\n<p>Para participar en una ponencia, es necesario enviar un resumen detallado de la propuesta de investigaci\u00f3n a trav\u00e9s de la plataforma EasyChair. El autor que realiza el env\u00edo ser\u00e1 considerado el autor de correspondencia, ser\u00e1 responsable de la gesti\u00f3n del proceso de env\u00edo y de la recepci\u00f3n del informe de revisi\u00f3n por pares. Adem\u00e1s, deber\u00e1 asegurarse de que todos los coautores est\u00e9n correctamente incluidos en la lista de autores y hayan le\u00eddo y aprobado la versi\u00f3n enviada del resumen. Solicitamos a los autores utilizar la plantilla de Microsoft Word para preparar su resumen.<\/p>\n\n\n\n<p>Todos los res\u00famenes ser\u00e1n rigurosamente evaluados por el Comit\u00e9 Cient\u00edfico Nacional e Internacional del TSIE 2025. Una vez que finalice esta etapa, los autores de los trabajos aprobados recibir\u00e1n una notificaci\u00f3n formal con los detalles espec\u00edficos para el registro en la plataforma y pago de su participaci\u00f3n (revisar costos por participaci\u00f3n en ponencia).<\/p>\n\n\n\n<p>Validado el pago, recibir\u00e1 un correo con la informaci\u00f3n de su participaci\u00f3n: lugar, fecha y el tiempo asignado.<\/p>\n\n\n\n<p>El resumen debe tener una extensi\u00f3n entre 250 y 300 palabras, la redacci\u00f3n debe ser clara y concisa resaltando la relevancia e impacto de la propuesta. Este debe incluir los siguientes elementos:<\/p>\n\n\n\n<ul class=\"wp-block-list\">\n<li>T\u00edtulo en espa\u00f1ol de la ponencia<\/li>\n\n\n\n<li>T\u00edtulo en ingl\u00e9s de la ponencia<\/li>\n\n\n\n<li>\u00c1rea tem\u00e1tica en la que inscribe la propuesta<\/li>\n\n\n\n<li>Modalidad en la que inscribe la propuesta<\/li>\n\n\n\n<li>Nombre y apellidos completos de cada autor<\/li>\n\n\n\n<li>Correo electr\u00f3nico de cada autor<\/li>\n\n\n\n<li>C\u00f3digo ORCID de cada autor<\/li>\n\n\n\n<li>Filiaci\u00f3n institucional<\/li>\n\n\n\n<li>Resumen en el idioma espa\u00f1ol. La redacci\u00f3n del resumen:<\/li>\n<\/ul>\n\n\n\n<p>El resumen debe redactarse en un solo p\u00e1rrafo, entre 250 y 300 palabras. Debe incluir el problema o motivaci\u00f3n. El objetivo de la investigaci\u00f3n. La metodolog\u00eda empleada. Los hallazgos m\u00e1s relevantes. La o las conclusiones principales. Es fundamental enfatizar los aspectos novedosos y significativos del trabajo, resaltar su contribuci\u00f3n al campo de estudio. La redacci\u00f3n debe realizarse en tiempo pret\u00e9rito, con un tono impersonal, sin abreviaturas ni citas de autor, a fin de garantizar la claridad y objetividad. Adem\u00e1s, el texto debe cumplir con los est\u00e1ndares de presentaci\u00f3n acad\u00e9mica, utilizar fuente Times New Roman, tama\u00f1o 12 y alineaci\u00f3n justificada.<\/p>\n\n\n\n<p>Palabras clave: escribir un m\u00e1ximo de 6 palabras clave (puede usar palabras compuestas), separadas por punto y coma, y en min\u00fasculas. Se recomienda que las palabras clave procedan del Tesauro de la UNESCO <a href=\"https:\/\/vocabularies.unesco.org\/browser\/thesaurus\/es\/\">https:\/\/vocabularies.unesco.org\/browser\/thesaurus\/es\/<\/a>, escribir en Time New Roman, tama\u00f1o 12 y justificado.<\/p>\n\n\n\n<ul class=\"wp-block-list\">\n<li>El resumen en ingl\u00e9s&nbsp;<strong>(abstract).<\/strong><\/li>\n\n\n\n<li><strong>Palabras claves:<\/strong>&nbsp;incluir entre cinco y diez palabras clave, separadas con coma. Se sugiere emplear el Tesauro de la UNESCO o ERIC.<\/li>\n<\/ul>\n\n\n\n<p>Todos los res\u00famenes aprobados se publicar\u00e1n en un libro de actas, bajo el sello editorial de la Universidad T\u00e9cnica del Norte, con registro de ISBN a fin de garantizar la difusi\u00f3n y preservaci\u00f3n de los aportes realizados en los \u00e1mbitos de la tecnolog\u00eda, la sustentabilidad y la innovaci\u00f3n educativa. <strong>La publicaci\u00f3n del libro de memorias se realizar\u00e1 hasta el 15 de diciembre del 2025.<\/strong><\/p>\n\n\n\n<p>A continuaci\u00f3n, se presenta el formato o plantilla del resumen para la presentaci\u00f3n de una ponencia.<\/p>\n\n\n\n<div class=\"wp-block-file\"><a id=\"wp-block-file--media-6b172ad2-1392-498b-9d50-505cf57a893b\" href=\"https:\/\/tsie.utn.edu.ec\/2025\/wp-content\/uploads\/2025\/05\/FORMATO-PONENCIA-TSIE-2025-1.docx\">FORMATO-PONENCIA-TSIE-2025<\/a><a href=\"https:\/\/tsie.utn.edu.ec\/2025\/wp-content\/uploads\/2025\/05\/FORMATO-PONENCIA-TSIE-2025-1.docx\" class=\"wp-block-file__button wp-element-button\" download aria-describedby=\"wp-block-file--media-6b172ad2-1392-498b-9d50-505cf57a893b\">Descarga<\/a><\/div>\n\n\n\n<p><\/p>\n<div class=\"pvc_clear\"><\/div><p id=\"pvc_stats_33\" class=\"pvc_stats all  \" data-element-id=\"33\" style=\"\"><i class=\"pvc-stats-icon large\" aria-hidden=\"true\"><svg xmlns=\"http:\/\/www.w3.org\/2000\/svg\" version=\"1.0\" viewBox=\"0 0 502 315\" preserveAspectRatio=\"xMidYMid meet\"><g transform=\"translate(0,332) scale(0.1,-0.1)\" fill=\"\" stroke=\"none\"><path d=\"M2394 3279 l-29 -30 -3 -207 c-2 -182 0 -211 15 -242 39 -76 157 -76 196 0 15 31 17 60 15 243 l-3 209 -33 29 c-26 23 -41 29 -80 29 -41 0 -53 -5 -78 -31z\"\/><path d=\"M3085 3251 c-45 -19 -58 -50 -96 -229 -47 -217 -49 -260 -13 -295 52 -53 146 -42 177 20 16 31 87 366 87 410 0 70 -86 122 -155 94z\"\/><path d=\"M1751 3234 c-13 -9 -29 -31 -37 -50 -12 -29 -10 -49 21 -204 19 -94 39 -189 45 -210 14 -50 54 -80 110 -80 34 0 48 6 76 34 21 21 34 44 34 59 0 14 -18 113 -40 219 -37 178 -43 195 -70 221 -36 32 -101 37 -139 11z\"\/><path d=\"M1163 3073 c-36 -7 -73 -59 -73 -102 0 -56 133 -378 171 -413 34 -32 83 -37 129 -13 70 36 67 87 -16 290 -86 209 -89 214 -129 231 -35 14 -42 15 -82 7z\"\/><path d=\"M3689 3066 c-15 -9 -33 -30 -42 -48 -48 -103 -147 -355 -147 -375 0 -98 131 -148 192 -74 13 15 57 108 97 206 80 196 84 226 37 273 -30 30 -99 39 -137 18z\"\/><path d=\"M583 2784 c-38 -19 -67 -74 -58 -113 9 -42 211 -354 242 -373 16 -10 45 -18 66 -18 51 0 107 52 107 100 0 39 -1 41 -124 234 -80 126 -108 162 -133 173 -41 17 -61 16 -100 -3z\"\/><path d=\"M4250 2784 c-14 -9 -74 -91 -133 -183 -95 -150 -107 -173 -107 -213 0 -55 33 -94 87 -104 67 -13 90 8 211 198 130 202 137 225 78 284 -27 27 -42 34 -72 34 -22 0 -50 -8 -64 -16z\"\/><path d=\"M2275 2693 c-553 -48 -1095 -270 -1585 -649 -135 -104 -459 -423 -483 -476 -23 -49 -22 -139 2 -186 73 -142 361 -457 571 -626 285 -228 642 -407 990 -497 242 -63 336 -73 660 -74 310 0 370 5 595 52 535 111 1045 392 1455 803 122 121 250 273 275 326 19 41 19 137 0 174 -41 79 -309 363 -465 492 -447 370 -946 591 -1479 653 -113 14 -422 18 -536 8z m395 -428 c171 -34 330 -124 456 -258 112 -119 167 -219 211 -378 27 -96 24 -300 -5 -401 -72 -255 -236 -447 -474 -557 -132 -62 -201 -76 -368 -76 -167 0 -236 14 -368 76 -213 98 -373 271 -451 485 -162 444 86 934 547 1084 153 49 292 57 452 25z m909 -232 c222 -123 408 -262 593 -441 76 -74 138 -139 138 -144 0 -16 -233 -242 -330 -319 -155 -123 -309 -223 -461 -299 l-81 -41 32 46 c18 26 49 83 70 128 143 306 141 649 -6 957 -25 52 -61 116 -79 142 l-34 47 45 -20 c26 -10 76 -36 113 -56z m-2057 25 c-40 -58 -105 -190 -130 -263 -110 -324 -59 -707 132 -981 25 -35 42 -64 37 -64 -19 0 -241 119 -326 174 -188 122 -406 314 -532 468 l-58 71 108 103 c185 178 428 349 672 473 66 33 121 60 123 61 2 0 -10 -19 -26 -42z\"\/><path d=\"M2375 1950 c-198 -44 -350 -190 -395 -379 -18 -76 -8 -221 19 -290 114 -284 457 -406 731 -260 98 52 188 154 231 260 27 69 37 214 19 290 -38 163 -166 304 -326 360 -67 23 -215 33 -279 19z\"\/><\/g><\/svg><\/i> <img loading=\"lazy\" decoding=\"async\" width=\"16\" height=\"16\" alt=\"Loading\" src=\"https:\/\/tsie.utn.edu.ec\/2025\/wp-content\/plugins\/page-views-count\/ajax-loader-2x.gif\" border=0 \/><\/p><div class=\"pvc_clear\"><\/div>","protected":false},"excerpt":{"rendered":"<p>Para participar en una ponencia, es necesario enviar un resumen detallado de la propuesta de investigaci\u00f3n a trav\u00e9s de la plataforma EasyChair. El autor que realiza el env\u00edo ser\u00e1 considerado el autor de correspondencia, ser\u00e1 responsable de la gesti\u00f3n del &hellip; <a href=\"https:\/\/tsie.utn.edu.ec\/2025\/ponencias\/\">Continuar<\/a><\/p>\n<div class=\"pvc_clear\"><\/div>\n<p id=\"pvc_stats_33\" class=\"pvc_stats all  \" data-element-id=\"33\" style=\"\"><i class=\"pvc-stats-icon large\" aria-hidden=\"true\"><svg xmlns=\"http:\/\/www.w3.org\/2000\/svg\" version=\"1.0\" viewBox=\"0 0 502 315\" preserveAspectRatio=\"xMidYMid meet\"><g transform=\"translate(0,332) scale(0.1,-0.1)\" fill=\"\" stroke=\"none\"><path d=\"M2394 3279 l-29 -30 -3 -207 c-2 -182 0 -211 15 -242 39 -76 157 -76 196 0 15 31 17 60 15 243 l-3 209 -33 29 c-26 23 -41 29 -80 29 -41 0 -53 -5 -78 -31z\"\/><path d=\"M3085 3251 c-45 -19 -58 -50 -96 -229 -47 -217 -49 -260 -13 -295 52 -53 146 -42 177 20 16 31 87 366 87 410 0 70 -86 122 -155 94z\"\/><path d=\"M1751 3234 c-13 -9 -29 -31 -37 -50 -12 -29 -10 -49 21 -204 19 -94 39 -189 45 -210 14 -50 54 -80 110 -80 34 0 48 6 76 34 21 21 34 44 34 59 0 14 -18 113 -40 219 -37 178 -43 195 -70 221 -36 32 -101 37 -139 11z\"\/><path d=\"M1163 3073 c-36 -7 -73 -59 -73 -102 0 -56 133 -378 171 -413 34 -32 83 -37 129 -13 70 36 67 87 -16 290 -86 209 -89 214 -129 231 -35 14 -42 15 -82 7z\"\/><path d=\"M3689 3066 c-15 -9 -33 -30 -42 -48 -48 -103 -147 -355 -147 -375 0 -98 131 -148 192 -74 13 15 57 108 97 206 80 196 84 226 37 273 -30 30 -99 39 -137 18z\"\/><path d=\"M583 2784 c-38 -19 -67 -74 -58 -113 9 -42 211 -354 242 -373 16 -10 45 -18 66 -18 51 0 107 52 107 100 0 39 -1 41 -124 234 -80 126 -108 162 -133 173 -41 17 -61 16 -100 -3z\"\/><path d=\"M4250 2784 c-14 -9 -74 -91 -133 -183 -95 -150 -107 -173 -107 -213 0 -55 33 -94 87 -104 67 -13 90 8 211 198 130 202 137 225 78 284 -27 27 -42 34 -72 34 -22 0 -50 -8 -64 -16z\"\/><path d=\"M2275 2693 c-553 -48 -1095 -270 -1585 -649 -135 -104 -459 -423 -483 -476 -23 -49 -22 -139 2 -186 73 -142 361 -457 571 -626 285 -228 642 -407 990 -497 242 -63 336 -73 660 -74 310 0 370 5 595 52 535 111 1045 392 1455 803 122 121 250 273 275 326 19 41 19 137 0 174 -41 79 -309 363 -465 492 -447 370 -946 591 -1479 653 -113 14 -422 18 -536 8z m395 -428 c171 -34 330 -124 456 -258 112 -119 167 -219 211 -378 27 -96 24 -300 -5 -401 -72 -255 -236 -447 -474 -557 -132 -62 -201 -76 -368 -76 -167 0 -236 14 -368 76 -213 98 -373 271 -451 485 -162 444 86 934 547 1084 153 49 292 57 452 25z m909 -232 c222 -123 408 -262 593 -441 76 -74 138 -139 138 -144 0 -16 -233 -242 -330 -319 -155 -123 -309 -223 -461 -299 l-81 -41 32 46 c18 26 49 83 70 128 143 306 141 649 -6 957 -25 52 -61 116 -79 142 l-34 47 45 -20 c26 -10 76 -36 113 -56z m-2057 25 c-40 -58 -105 -190 -130 -263 -110 -324 -59 -707 132 -981 25 -35 42 -64 37 -64 -19 0 -241 119 -326 174 -188 122 -406 314 -532 468 l-58 71 108 103 c185 178 428 349 672 473 66 33 121 60 123 61 2 0 -10 -19 -26 -42z\"\/><path d=\"M2375 1950 c-198 -44 -350 -190 -395 -379 -18 -76 -8 -221 19 -290 114 -284 457 -406 731 -260 98 52 188 154 231 260 27 69 37 214 19 290 -38 163 -166 304 -326 360 -67 23 -215 33 -279 19z\"\/><\/g><\/svg><\/i> <img loading=\"lazy\" decoding=\"async\" width=\"16\" height=\"16\" alt=\"Loading\" src=\"https:\/\/tsie.utn.edu.ec\/2025\/wp-content\/plugins\/page-views-count\/ajax-loader-2x.gif\" border=0 \/><\/p>\n<div class=\"pvc_clear\"><\/div>\n","protected":false},"author":2,"featured_media":0,"parent":0,"menu_order":0,"comment_status":"closed","ping_status":"closed","template":"","meta":{"footnotes":""},"class_list":["post-33","page","type-page","status-publish","hentry"],"_links":{"self":[{"href":"https:\/\/tsie.utn.edu.ec\/2025\/wp-json\/wp\/v2\/pages\/33","targetHints":{"allow":["GET"]}}],"collection":[{"href":"https:\/\/tsie.utn.edu.ec\/2025\/wp-json\/wp\/v2\/pages"}],"about":[{"href":"https:\/\/tsie.utn.edu.ec\/2025\/wp-json\/wp\/v2\/types\/page"}],"author":[{"embeddable":true,"href":"https:\/\/tsie.utn.edu.ec\/2025\/wp-json\/wp\/v2\/users\/2"}],"replies":[{"embeddable":true,"href":"https:\/\/tsie.utn.edu.ec\/2025\/wp-json\/wp\/v2\/comments?post=33"}],"version-history":[{"count":25,"href":"https:\/\/tsie.utn.edu.ec\/2025\/wp-json\/wp\/v2\/pages\/33\/revisions"}],"predecessor-version":[{"id":1110,"href":"https:\/\/tsie.utn.edu.ec\/2025\/wp-json\/wp\/v2\/pages\/33\/revisions\/1110"}],"wp:attachment":[{"href":"https:\/\/tsie.utn.edu.ec\/2025\/wp-json\/wp\/v2\/media?parent=33"}],"curies":[{"name":"wp","href":"https:\/\/api.w.org\/{rel}","templated":true}]}}