{"id":35,"date":"2025-02-25T14:57:38","date_gmt":"2025-02-25T14:57:38","guid":{"rendered":"https:\/\/tsie.utn.edu.ec\/2025\/?page_id=35"},"modified":"2025-04-23T11:06:43","modified_gmt":"2025-04-23T16:06:43","slug":"articulos","status":"publish","type":"page","link":"https:\/\/tsie.utn.edu.ec\/2025\/articulos\/","title":{"rendered":"ART\u00cdCULO CIENT\u00cdFICO"},"content":{"rendered":"\n<p style=\"font-size:16px\">Los autores que presentaron sus ponencias en el congreso <strong>TSIE 2025<\/strong>, recibir\u00e1n un correo electr\u00f3nico con la oportunidad de preparar y enviar una versi\u00f3n ampliada de su trabajo. Se aceptan trabajos no publicados y que no est\u00e9n en proceso de publicaci\u00f3n en otras revistas, estos deben cumplir con las normas editoriales para publicaci\u00f3n en las siguientes revistas indexadas, de prestigio y alto impacto acad\u00e9mico.<\/p>\n\n\n\n<p class=\"has-white-color has-virtue-primary-background-color has-text-color has-background has-link-color has-medium-font-size wp-elements-5288d7ae137c8e5607c0230e78ddb0b4\"><strong><a href=\"https:\/\/www.citrevistas.cl\/formacionuniversitaria\/revistafu.htm\">Revista Formaci\u00f3n Universitaria<\/a><\/strong><\/p>\n\n\n\n<ul class=\"wp-block-list\">\n<li>La Revista Formaci\u00f3n Universitaria, indexada en Scopus, SJR-Q3, brinda la oportunidad de obtener un reconocimiento internacional para los trabajos presentados. El costo de publicaci\u00f3n es de $275.00 USD, y requiere que los art\u00edculos tengan 10 p\u00e1ginas para garantizar una presentaci\u00f3n completa y rigurosa de los resultados. Se establece un m\u00e1ximo de cuatro autores por trabajo, y la oferta es limitada a un art\u00edculo por autor. Es decir, un mismo autor no podr\u00e1 publicar m\u00e1s de un art\u00edculo en la revista bajo esta convocatoria especial.<\/li>\n\n\n\n<li>El plazo final para el env\u00edo de manuscritos bajo esta convocatoria es el 31 de julio de 2025. No obstante, los trabajos pueden ser enviados previo a la fecha de cierre, y la revista los procesar\u00e1 en estricto orden de recepci\u00f3n. Por ello, un env\u00edo temprano aumenta las posibilidades de una publicaci\u00f3n anticipada, siempre que el manuscrito cumpla con los requisitos editoriales.<\/li>\n\n\n\n<li>Las normas detalladas para la publicaci\u00f3n se puede descargar en el siguiente archivo <a href=\"https:\/\/tsie.utn.edu.ec\/2025\/wp-content\/uploads\/2025\/03\/CIT_Normas_Revistas.pdf\" target=\"_blank\" rel=\"noreferrer noopener\"><img loading=\"lazy\" decoding=\"async\" width=\"50\" height=\"50\" class=\"wp-image-351\" style=\"width: 50px;\" src=\"https:\/\/tsie.utn.edu.ec\/2025\/wp-content\/uploads\/2025\/03\/png-PDF-1.png\" alt=\"\" srcset=\"https:\/\/tsie.utn.edu.ec\/2025\/wp-content\/uploads\/2025\/03\/png-PDF-1.png 920w, https:\/\/tsie.utn.edu.ec\/2025\/wp-content\/uploads\/2025\/03\/png-PDF-1-300x300.png 300w, https:\/\/tsie.utn.edu.ec\/2025\/wp-content\/uploads\/2025\/03\/png-PDF-1-150x150.png 150w, https:\/\/tsie.utn.edu.ec\/2025\/wp-content\/uploads\/2025\/03\/png-PDF-1-768x768.png 768w\" sizes=\"auto, (max-width: 50px) 100vw, 50px\" \/><\/a> <\/li>\n<\/ul>\n\n\n\n<p class=\"has-white-color has-virtue-primary-background-color has-text-color has-background has-link-color has-medium-font-size wp-elements-471c083f7969328c9e5a836c171b00d1\"><strong>Revistas indexadas a Web Of Science<\/strong><\/p>\n\n\n\n<ul class=\"wp-block-list\">\n<li>Las Revistas de prestigio internacional, indexada en SciELO y Web of Science (WoS, Q4), ofrecen la publicaci\u00f3n de trabajos entre 4500 y 8000 palabras. Sin costo. (Por cuestiones de evaluaci\u00f3n, el editor solicit\u00f3 no mencionar el nombre de la revista en el Congreso, pero forma parte de la colaboraci\u00f3n para la publicaci\u00f3n de los art\u00edculos). La publicaci\u00f3n de los art\u00edculos en estas revistas ser\u00e1 de forma progresiva en los n\u00fameros ordinarios de la revista Conrado. Las normas detalladas para la publicaci\u00f3n se encuentran disponibles en la p\u00e1gina web oficial del evento.<\/li>\n<\/ul>\n\n\n\n<p class=\"has-white-color has-virtue-primary-background-color has-text-color has-background has-link-color has-medium-font-size wp-elements-f89e621a0af6b71ed9673c0c571548b2\"><strong><a href=\"https:\/\/revistasojs.utn.edu.ec\/index.php\/ecosacademia\">Revista Ecos de la Academia<\/a><\/strong><\/p>\n\n\n\n<ul class=\"wp-block-list\">\n<li>La Revista Ecos de la Academia, indexada en el <a href=\"https:\/\/www.latindex.org\/latindex\/ficha\/1060\" target=\"_blank\" rel=\"noreferrer noopener\">Cat\u00e1logo 2.0 Latindex<\/a> y <a href=\"https:\/\/dialnet.unirioja.es\/servlet\/revista?codigo=28317\" target=\"_blank\" rel=\"noreferrer noopener\">Dialnet Plus<\/a> ofrece una plataforma adicional para la difusi\u00f3n de los trabajos seleccionados bajo la modalidad de publicaci\u00f3n continua, sin costo para los autores y de acceso abierto.<\/li>\n\n\n\n<li>Las normas detalladas para la publicaci\u00f3n se puede descargar en el siguiente enlace \ud83d\udd17<a href=\"https:\/\/tsie.utn.edu.ec\/2025\/wp-content\/uploads\/2025\/03\/Plantilla_Articulo_Ecos_de_la_Academia_2024-OTH-1-OTH.docx\" target=\"_blank\" rel=\"noreferrer noopener\">Plantilla Art\u00edculo Ecos de la Academia<\/a><\/li>\n<\/ul>\n\n\n\n<p><\/p>\n<div class=\"pvc_clear\"><\/div><p id=\"pvc_stats_35\" class=\"pvc_stats all  \" data-element-id=\"35\" style=\"\"><i class=\"pvc-stats-icon large\" aria-hidden=\"true\"><svg xmlns=\"http:\/\/www.w3.org\/2000\/svg\" version=\"1.0\" viewBox=\"0 0 502 315\" preserveAspectRatio=\"xMidYMid meet\"><g transform=\"translate(0,332) scale(0.1,-0.1)\" fill=\"\" stroke=\"none\"><path d=\"M2394 3279 l-29 -30 -3 -207 c-2 -182 0 -211 15 -242 39 -76 157 -76 196 0 15 31 17 60 15 243 l-3 209 -33 29 c-26 23 -41 29 -80 29 -41 0 -53 -5 -78 -31z\"\/><path d=\"M3085 3251 c-45 -19 -58 -50 -96 -229 -47 -217 -49 -260 -13 -295 52 -53 146 -42 177 20 16 31 87 366 87 410 0 70 -86 122 -155 94z\"\/><path d=\"M1751 3234 c-13 -9 -29 -31 -37 -50 -12 -29 -10 -49 21 -204 19 -94 39 -189 45 -210 14 -50 54 -80 110 -80 34 0 48 6 76 34 21 21 34 44 34 59 0 14 -18 113 -40 219 -37 178 -43 195 -70 221 -36 32 -101 37 -139 11z\"\/><path d=\"M1163 3073 c-36 -7 -73 -59 -73 -102 0 -56 133 -378 171 -413 34 -32 83 -37 129 -13 70 36 67 87 -16 290 -86 209 -89 214 -129 231 -35 14 -42 15 -82 7z\"\/><path d=\"M3689 3066 c-15 -9 -33 -30 -42 -48 -48 -103 -147 -355 -147 -375 0 -98 131 -148 192 -74 13 15 57 108 97 206 80 196 84 226 37 273 -30 30 -99 39 -137 18z\"\/><path d=\"M583 2784 c-38 -19 -67 -74 -58 -113 9 -42 211 -354 242 -373 16 -10 45 -18 66 -18 51 0 107 52 107 100 0 39 -1 41 -124 234 -80 126 -108 162 -133 173 -41 17 -61 16 -100 -3z\"\/><path d=\"M4250 2784 c-14 -9 -74 -91 -133 -183 -95 -150 -107 -173 -107 -213 0 -55 33 -94 87 -104 67 -13 90 8 211 198 130 202 137 225 78 284 -27 27 -42 34 -72 34 -22 0 -50 -8 -64 -16z\"\/><path d=\"M2275 2693 c-553 -48 -1095 -270 -1585 -649 -135 -104 -459 -423 -483 -476 -23 -49 -22 -139 2 -186 73 -142 361 -457 571 -626 285 -228 642 -407 990 -497 242 -63 336 -73 660 -74 310 0 370 5 595 52 535 111 1045 392 1455 803 122 121 250 273 275 326 19 41 19 137 0 174 -41 79 -309 363 -465 492 -447 370 -946 591 -1479 653 -113 14 -422 18 -536 8z m395 -428 c171 -34 330 -124 456 -258 112 -119 167 -219 211 -378 27 -96 24 -300 -5 -401 -72 -255 -236 -447 -474 -557 -132 -62 -201 -76 -368 -76 -167 0 -236 14 -368 76 -213 98 -373 271 -451 485 -162 444 86 934 547 1084 153 49 292 57 452 25z m909 -232 c222 -123 408 -262 593 -441 76 -74 138 -139 138 -144 0 -16 -233 -242 -330 -319 -155 -123 -309 -223 -461 -299 l-81 -41 32 46 c18 26 49 83 70 128 143 306 141 649 -6 957 -25 52 -61 116 -79 142 l-34 47 45 -20 c26 -10 76 -36 113 -56z m-2057 25 c-40 -58 -105 -190 -130 -263 -110 -324 -59 -707 132 -981 25 -35 42 -64 37 -64 -19 0 -241 119 -326 174 -188 122 -406 314 -532 468 l-58 71 108 103 c185 178 428 349 672 473 66 33 121 60 123 61 2 0 -10 -19 -26 -42z\"\/><path d=\"M2375 1950 c-198 -44 -350 -190 -395 -379 -18 -76 -8 -221 19 -290 114 -284 457 -406 731 -260 98 52 188 154 231 260 27 69 37 214 19 290 -38 163 -166 304 -326 360 -67 23 -215 33 -279 19z\"\/><\/g><\/svg><\/i> <img loading=\"lazy\" decoding=\"async\" width=\"16\" height=\"16\" alt=\"Loading\" src=\"https:\/\/tsie.utn.edu.ec\/2025\/wp-content\/plugins\/page-views-count\/ajax-loader-2x.gif\" border=0 \/><\/p><div class=\"pvc_clear\"><\/div>","protected":false},"excerpt":{"rendered":"<p>Los autores que presentaron sus ponencias en el congreso TSIE 2025, recibir\u00e1n un correo electr\u00f3nico con la oportunidad de preparar y enviar una versi\u00f3n ampliada de su trabajo. Se aceptan trabajos no publicados y que no est\u00e9n en proceso de &hellip; <a href=\"https:\/\/tsie.utn.edu.ec\/2025\/articulos\/\">Continuar<\/a><\/p>\n<div class=\"pvc_clear\"><\/div>\n<p id=\"pvc_stats_35\" class=\"pvc_stats all  \" data-element-id=\"35\" style=\"\"><i class=\"pvc-stats-icon large\" aria-hidden=\"true\"><svg xmlns=\"http:\/\/www.w3.org\/2000\/svg\" version=\"1.0\" viewBox=\"0 0 502 315\" preserveAspectRatio=\"xMidYMid meet\"><g transform=\"translate(0,332) scale(0.1,-0.1)\" fill=\"\" stroke=\"none\"><path d=\"M2394 3279 l-29 -30 -3 -207 c-2 -182 0 -211 15 -242 39 -76 157 -76 196 0 15 31 17 60 15 243 l-3 209 -33 29 c-26 23 -41 29 -80 29 -41 0 -53 -5 -78 -31z\"\/><path d=\"M3085 3251 c-45 -19 -58 -50 -96 -229 -47 -217 -49 -260 -13 -295 52 -53 146 -42 177 20 16 31 87 366 87 410 0 70 -86 122 -155 94z\"\/><path d=\"M1751 3234 c-13 -9 -29 -31 -37 -50 -12 -29 -10 -49 21 -204 19 -94 39 -189 45 -210 14 -50 54 -80 110 -80 34 0 48 6 76 34 21 21 34 44 34 59 0 14 -18 113 -40 219 -37 178 -43 195 -70 221 -36 32 -101 37 -139 11z\"\/><path d=\"M1163 3073 c-36 -7 -73 -59 -73 -102 0 -56 133 -378 171 -413 34 -32 83 -37 129 -13 70 36 67 87 -16 290 -86 209 -89 214 -129 231 -35 14 -42 15 -82 7z\"\/><path d=\"M3689 3066 c-15 -9 -33 -30 -42 -48 -48 -103 -147 -355 -147 -375 0 -98 131 -148 192 -74 13 15 57 108 97 206 80 196 84 226 37 273 -30 30 -99 39 -137 18z\"\/><path d=\"M583 2784 c-38 -19 -67 -74 -58 -113 9 -42 211 -354 242 -373 16 -10 45 -18 66 -18 51 0 107 52 107 100 0 39 -1 41 -124 234 -80 126 -108 162 -133 173 -41 17 -61 16 -100 -3z\"\/><path d=\"M4250 2784 c-14 -9 -74 -91 -133 -183 -95 -150 -107 -173 -107 -213 0 -55 33 -94 87 -104 67 -13 90 8 211 198 130 202 137 225 78 284 -27 27 -42 34 -72 34 -22 0 -50 -8 -64 -16z\"\/><path d=\"M2275 2693 c-553 -48 -1095 -270 -1585 -649 -135 -104 -459 -423 -483 -476 -23 -49 -22 -139 2 -186 73 -142 361 -457 571 -626 285 -228 642 -407 990 -497 242 -63 336 -73 660 -74 310 0 370 5 595 52 535 111 1045 392 1455 803 122 121 250 273 275 326 19 41 19 137 0 174 -41 79 -309 363 -465 492 -447 370 -946 591 -1479 653 -113 14 -422 18 -536 8z m395 -428 c171 -34 330 -124 456 -258 112 -119 167 -219 211 -378 27 -96 24 -300 -5 -401 -72 -255 -236 -447 -474 -557 -132 -62 -201 -76 -368 -76 -167 0 -236 14 -368 76 -213 98 -373 271 -451 485 -162 444 86 934 547 1084 153 49 292 57 452 25z m909 -232 c222 -123 408 -262 593 -441 76 -74 138 -139 138 -144 0 -16 -233 -242 -330 -319 -155 -123 -309 -223 -461 -299 l-81 -41 32 46 c18 26 49 83 70 128 143 306 141 649 -6 957 -25 52 -61 116 -79 142 l-34 47 45 -20 c26 -10 76 -36 113 -56z m-2057 25 c-40 -58 -105 -190 -130 -263 -110 -324 -59 -707 132 -981 25 -35 42 -64 37 -64 -19 0 -241 119 -326 174 -188 122 -406 314 -532 468 l-58 71 108 103 c185 178 428 349 672 473 66 33 121 60 123 61 2 0 -10 -19 -26 -42z\"\/><path d=\"M2375 1950 c-198 -44 -350 -190 -395 -379 -18 -76 -8 -221 19 -290 114 -284 457 -406 731 -260 98 52 188 154 231 260 27 69 37 214 19 290 -38 163 -166 304 -326 360 -67 23 -215 33 -279 19z\"\/><\/g><\/svg><\/i> <img loading=\"lazy\" decoding=\"async\" width=\"16\" height=\"16\" alt=\"Loading\" src=\"https:\/\/tsie.utn.edu.ec\/2025\/wp-content\/plugins\/page-views-count\/ajax-loader-2x.gif\" border=0 \/><\/p>\n<div class=\"pvc_clear\"><\/div>\n","protected":false},"author":2,"featured_media":0,"parent":0,"menu_order":0,"comment_status":"closed","ping_status":"closed","template":"","meta":{"footnotes":""},"class_list":["post-35","page","type-page","status-publish","hentry"],"_links":{"self":[{"href":"https:\/\/tsie.utn.edu.ec\/2025\/wp-json\/wp\/v2\/pages\/35","targetHints":{"allow":["GET"]}}],"collection":[{"href":"https:\/\/tsie.utn.edu.ec\/2025\/wp-json\/wp\/v2\/pages"}],"about":[{"href":"https:\/\/tsie.utn.edu.ec\/2025\/wp-json\/wp\/v2\/types\/page"}],"author":[{"embeddable":true,"href":"https:\/\/tsie.utn.edu.ec\/2025\/wp-json\/wp\/v2\/users\/2"}],"replies":[{"embeddable":true,"href":"https:\/\/tsie.utn.edu.ec\/2025\/wp-json\/wp\/v2\/comments?post=35"}],"version-history":[{"count":25,"href":"https:\/\/tsie.utn.edu.ec\/2025\/wp-json\/wp\/v2\/pages\/35\/revisions"}],"predecessor-version":[{"id":1082,"href":"https:\/\/tsie.utn.edu.ec\/2025\/wp-json\/wp\/v2\/pages\/35\/revisions\/1082"}],"wp:attachment":[{"href":"https:\/\/tsie.utn.edu.ec\/2025\/wp-json\/wp\/v2\/media?parent=35"}],"curies":[{"name":"wp","href":"https:\/\/api.w.org\/{rel}","templated":true}]}}