{"id":37,"date":"2025-02-25T14:58:07","date_gmt":"2025-02-25T14:58:07","guid":{"rendered":"https:\/\/tsie.utn.edu.ec\/2025\/?page_id=37"},"modified":"2025-04-16T13:04:22","modified_gmt":"2025-04-16T18:04:22","slug":"poster","status":"publish","type":"page","link":"https:\/\/tsie.utn.edu.ec\/2025\/poster\/","title":{"rendered":"P\u00d3STER CIENT\u00cdFICO"},"content":{"rendered":"<p><strong>Instrucciones para la postulaci\u00f3n en la modalidad P\u00f3ster Cient\u00edfico <\/strong><\/p>\n<p>Para participar en esta modalidad, siga los siguientes pasos:<\/p>\n\n\n<div class=\"wp-block-columns is-layout-flex wp-container-core-columns-is-layout-9d6595d7 wp-block-columns-is-layout-flex\">\n<div class=\"wp-block-column is-layout-flow wp-block-column-is-layout-flow\" style=\"flex-basis:33.33%\">\n<p class=\"has-text-align-center has-virtue-primary-color has-text-color has-link-color has-large-font-size wp-elements-97680d019daa343dbe4fd3af47b64117\">PASO 1<\/p>\n<\/div>\n\n\n\n<div class=\"wp-block-column is-vertically-aligned-center is-layout-flow wp-block-column-is-layout-flow\" style=\"flex-basis:66.66%\">\n<p><strong>Inscripci\u00f3n en la modalidad<\/strong><br>Dir\u00edjase al bot\u00f3n <strong>\u00abENV\u00cdOS\u00bb<\/strong> y seleccione la opci\u00f3n <strong>\u00abP\u00f3ster Cient\u00edfico\u00bb<\/strong> complete la informaci\u00f3n requerida en el formulario de inscripci\u00f3n.<\/p>\n<\/div>\n<\/div>\n\n\n\n<div class=\"wp-block-columns is-layout-flex wp-container-core-columns-is-layout-9d6595d7 wp-block-columns-is-layout-flex\">\n<div class=\"wp-block-column is-vertically-aligned-top is-layout-flow wp-block-column-is-layout-flow\" style=\"flex-basis:33.33%\">\n<p class=\"has-text-align-center has-virtue-primary-color has-text-color has-link-color has-large-font-size wp-elements-2d5ede73daadbfd7034e891b4e882f8d\">PASO 2<\/p>\n<\/div>\n\n\n\n<div class=\"wp-block-column is-layout-flow wp-block-column-is-layout-flow\" style=\"flex-basis:66.66%\">\n<p><strong>Env\u00edo del Resumen<\/strong><\/p>\n\n\n\n<p>Use esta <strong><u><a href=\"https:\/\/tsie.utn.edu.ec\/2025\/wp-content\/uploads\/2025\/03\/FORMATO-POSTER-CIENTIFICO-TSIE-2025-2.docx\"><strong><u>plantilla de<\/u><\/strong> <strong><u>Microsoft Word<\/u><\/strong><\/a><\/u><\/strong> para prepar el resumen de su p\u00f3ster cient\u00edfico. Con el documento listo, ingrese al siguiente <strong><u><a href=\"https:\/\/forms.gle\/FJckCkxdorb4CLxs9\" target=\"_blank\" rel=\"noreferrer noopener\">Enlace al Formulario Forms<\/a><\/u> <\/strong>y llene cada campo con la informaci\u00f3n solicitada.<br><\/p>\n\n\n\n<p>El autor que realiza el env\u00edo ser\u00e1 considerado el autor de correspondencia, ser\u00e1 responsable de la gesti\u00f3n del proceso de env\u00edo y de la recepci\u00f3n del dictamen. Adem\u00e1s, deber\u00e1 asegurarse de que todos los coautores est\u00e9n correctamente incluidos en la lista de autores y hayan le\u00eddo y aprobado la versi\u00f3n enviada del resumen. En el siguiente enlace encontrar\u00e1 la normativa para presentar un p\u00f3ster cient\u00edfico. <a href=\"https:\/\/tsie.utn.edu.ec\/2025\/wp-content\/uploads\/2025\/03\/FORMATO-POSTER-CIENTIFICO-1.pdf\" target=\"_blank\" rel=\"noreferrer noopener\">DESCARGAR<\/a><\/p>\n\n\n\n<p>Todos los res\u00famenes y propuestas  ser\u00e1n rigurosamente evaluados por el Comit\u00e9 evaluador P\u00f3ster Cient\u00edfico del TSIE 2025. Una vez que finalice esta etapa, los autores de los trabajos aprobados recibir\u00e1n una notificaci\u00f3n formal solicitando el pago de su participaci\u00f3n.<\/p>\n<\/div>\n<\/div>\n\n\n\n<div class=\"wp-block-columns is-layout-flex wp-container-core-columns-is-layout-9d6595d7 wp-block-columns-is-layout-flex\">\n<div class=\"wp-block-column is-vertically-aligned-top is-layout-flow wp-block-column-is-layout-flow\" style=\"flex-basis:33.33%\">\n<p class=\"has-text-align-center has-virtue-primary-color has-text-color has-link-color has-large-font-size wp-elements-9be96b832881598212f7011ce536dfa1\">PASO 3<\/p>\n<\/div>\n\n\n\n<div class=\"wp-block-column is-vertically-aligned-center is-layout-flow wp-block-column-is-layout-flow\" style=\"flex-basis:66.66%\">\n<p>Cada uno de los autores debe completar el proceso de inscripci\u00f3n y realizar el pago correspondiente a trav\u00e9s de la plataforma de la Asociaci\u00f3n de Profesores UTN<em> (<strong>Proceso individual y recibir\u00e1 el certificado de asistencia y participaci\u00f3n)<\/strong><\/em><\/p>\n\n\n\n<p>Validado el pago, recibir\u00e1 un correo con la informaci\u00f3n de su participaci\u00f3n: lugar, fecha y el tiempo asignado. <\/p>\n<\/div>\n<\/div>\n\n\n\n<div class=\"wp-block-columns is-layout-flex wp-container-core-columns-is-layout-9d6595d7 wp-block-columns-is-layout-flex\">\n<div class=\"wp-block-column is-vertically-aligned-top is-layout-flow wp-block-column-is-layout-flow\" style=\"flex-basis:33.33%\">\n<p class=\"has-text-align-center has-virtue-primary-color has-text-color has-link-color has-large-font-size wp-elements-42fc6cbe7f66776c16b5c445ae7f92e2\">PASO 4<\/p>\n<\/div>\n\n\n\n<div class=\"wp-block-column is-vertically-aligned-center is-layout-flow wp-block-column-is-layout-flow\" style=\"flex-basis:66.66%\">\n<p><strong>Especificaciones t\u00e9cnicas PARA IMPRESI\u00d3N<\/strong> <em>(propuestas aprobadas)<\/em><\/p>\n\n\n\n<p>Una vez que reciba la <strong><u>aceptaci\u00f3n oficial<\/u><\/strong> para presentar su p\u00f3ster cient\u00edfico, debe adaptar su propuesta al formato establecido para impresi\u00f3n:<\/p>\n\n\n\n<ul class=\"wp-block-list\">\n<li>Cada expositor es responsable de elaborar e imprimir su p\u00f3ster adapt\u00e1ndolo a las siguientes dimensiones: 70cm ancho x 90 cm alto, soporte en lona opaca de 13oz., impresi\u00f3n full color de alta definici\u00f3n.<\/li>\n\n\n\n<li>Los textos, ilustraciones y otros, deben estar suficientemente resaltadas, como para ser le\u00eddas a una distancia de dos metros.<\/li>\n\n\n\n<li>Cinta adhesiva u otro material t\u00e9cnico estar\u00e1n disponibles para el montaje de su p\u00f3ster. El personal tambi\u00e9n estar\u00e1 disponible para ayudarle.<\/li>\n<\/ul>\n\n\n\n<p><strong>NOTA:<\/strong> La fecha de entrega de su p\u00f3ster cient\u00edfico impreso es el 16 de mayo del 2025, desde las 08h00 hasta 16h00 en secretar\u00eda de decanato de la FECYT-UTN.<\/p>\n\n\n\n<p><a href=\"https:\/\/tsie.utn.edu.ec\/2025\/wp-content\/uploads\/2025\/03\/FORMATO-POSTER-CIENTIFICO-TSIE-2025-2.docx\">FORMATO-POSTER-CIENTIFICO-TSIE-2025.<\/a><\/p>\n<\/div>\n<\/div>\n\n\n\n<p><\/p>\n<div class=\"pvc_clear\"><\/div><p id=\"pvc_stats_37\" class=\"pvc_stats all  \" data-element-id=\"37\" style=\"\"><i class=\"pvc-stats-icon large\" aria-hidden=\"true\"><svg xmlns=\"http:\/\/www.w3.org\/2000\/svg\" version=\"1.0\" viewBox=\"0 0 502 315\" preserveAspectRatio=\"xMidYMid meet\"><g transform=\"translate(0,332) scale(0.1,-0.1)\" fill=\"\" stroke=\"none\"><path d=\"M2394 3279 l-29 -30 -3 -207 c-2 -182 0 -211 15 -242 39 -76 157 -76 196 0 15 31 17 60 15 243 l-3 209 -33 29 c-26 23 -41 29 -80 29 -41 0 -53 -5 -78 -31z\"\/><path d=\"M3085 3251 c-45 -19 -58 -50 -96 -229 -47 -217 -49 -260 -13 -295 52 -53 146 -42 177 20 16 31 87 366 87 410 0 70 -86 122 -155 94z\"\/><path d=\"M1751 3234 c-13 -9 -29 -31 -37 -50 -12 -29 -10 -49 21 -204 19 -94 39 -189 45 -210 14 -50 54 -80 110 -80 34 0 48 6 76 34 21 21 34 44 34 59 0 14 -18 113 -40 219 -37 178 -43 195 -70 221 -36 32 -101 37 -139 11z\"\/><path d=\"M1163 3073 c-36 -7 -73 -59 -73 -102 0 -56 133 -378 171 -413 34 -32 83 -37 129 -13 70 36 67 87 -16 290 -86 209 -89 214 -129 231 -35 14 -42 15 -82 7z\"\/><path d=\"M3689 3066 c-15 -9 -33 -30 -42 -48 -48 -103 -147 -355 -147 -375 0 -98 131 -148 192 -74 13 15 57 108 97 206 80 196 84 226 37 273 -30 30 -99 39 -137 18z\"\/><path d=\"M583 2784 c-38 -19 -67 -74 -58 -113 9 -42 211 -354 242 -373 16 -10 45 -18 66 -18 51 0 107 52 107 100 0 39 -1 41 -124 234 -80 126 -108 162 -133 173 -41 17 -61 16 -100 -3z\"\/><path d=\"M4250 2784 c-14 -9 -74 -91 -133 -183 -95 -150 -107 -173 -107 -213 0 -55 33 -94 87 -104 67 -13 90 8 211 198 130 202 137 225 78 284 -27 27 -42 34 -72 34 -22 0 -50 -8 -64 -16z\"\/><path d=\"M2275 2693 c-553 -48 -1095 -270 -1585 -649 -135 -104 -459 -423 -483 -476 -23 -49 -22 -139 2 -186 73 -142 361 -457 571 -626 285 -228 642 -407 990 -497 242 -63 336 -73 660 -74 310 0 370 5 595 52 535 111 1045 392 1455 803 122 121 250 273 275 326 19 41 19 137 0 174 -41 79 -309 363 -465 492 -447 370 -946 591 -1479 653 -113 14 -422 18 -536 8z m395 -428 c171 -34 330 -124 456 -258 112 -119 167 -219 211 -378 27 -96 24 -300 -5 -401 -72 -255 -236 -447 -474 -557 -132 -62 -201 -76 -368 -76 -167 0 -236 14 -368 76 -213 98 -373 271 -451 485 -162 444 86 934 547 1084 153 49 292 57 452 25z m909 -232 c222 -123 408 -262 593 -441 76 -74 138 -139 138 -144 0 -16 -233 -242 -330 -319 -155 -123 -309 -223 -461 -299 l-81 -41 32 46 c18 26 49 83 70 128 143 306 141 649 -6 957 -25 52 -61 116 -79 142 l-34 47 45 -20 c26 -10 76 -36 113 -56z m-2057 25 c-40 -58 -105 -190 -130 -263 -110 -324 -59 -707 132 -981 25 -35 42 -64 37 -64 -19 0 -241 119 -326 174 -188 122 -406 314 -532 468 l-58 71 108 103 c185 178 428 349 672 473 66 33 121 60 123 61 2 0 -10 -19 -26 -42z\"\/><path d=\"M2375 1950 c-198 -44 -350 -190 -395 -379 -18 -76 -8 -221 19 -290 114 -284 457 -406 731 -260 98 52 188 154 231 260 27 69 37 214 19 290 -38 163 -166 304 -326 360 -67 23 -215 33 -279 19z\"\/><\/g><\/svg><\/i> <img loading=\"lazy\" decoding=\"async\" width=\"16\" height=\"16\" alt=\"Loading\" src=\"https:\/\/tsie.utn.edu.ec\/2025\/wp-content\/plugins\/page-views-count\/ajax-loader-2x.gif\" border=0 \/><\/p><div class=\"pvc_clear\"><\/div>","protected":false},"excerpt":{"rendered":"<p>Instrucciones para la postulaci\u00f3n en la modalidad P\u00f3ster Cient\u00edfico Para participar en esta modalidad, siga los siguientes pasos: PASO 1 Inscripci\u00f3n en la modalidadDir\u00edjase al bot\u00f3n \u00abENV\u00cdOS\u00bb y seleccione la opci\u00f3n \u00abP\u00f3ster Cient\u00edfico\u00bb complete la informaci\u00f3n requerida en el formulario &hellip; <a href=\"https:\/\/tsie.utn.edu.ec\/2025\/poster\/\">Continuar<\/a><\/p>\n<div class=\"pvc_clear\"><\/div>\n<p id=\"pvc_stats_37\" class=\"pvc_stats all  \" data-element-id=\"37\" style=\"\"><i class=\"pvc-stats-icon large\" aria-hidden=\"true\"><svg xmlns=\"http:\/\/www.w3.org\/2000\/svg\" version=\"1.0\" viewBox=\"0 0 502 315\" preserveAspectRatio=\"xMidYMid meet\"><g transform=\"translate(0,332) scale(0.1,-0.1)\" fill=\"\" stroke=\"none\"><path d=\"M2394 3279 l-29 -30 -3 -207 c-2 -182 0 -211 15 -242 39 -76 157 -76 196 0 15 31 17 60 15 243 l-3 209 -33 29 c-26 23 -41 29 -80 29 -41 0 -53 -5 -78 -31z\"\/><path d=\"M3085 3251 c-45 -19 -58 -50 -96 -229 -47 -217 -49 -260 -13 -295 52 -53 146 -42 177 20 16 31 87 366 87 410 0 70 -86 122 -155 94z\"\/><path d=\"M1751 3234 c-13 -9 -29 -31 -37 -50 -12 -29 -10 -49 21 -204 19 -94 39 -189 45 -210 14 -50 54 -80 110 -80 34 0 48 6 76 34 21 21 34 44 34 59 0 14 -18 113 -40 219 -37 178 -43 195 -70 221 -36 32 -101 37 -139 11z\"\/><path d=\"M1163 3073 c-36 -7 -73 -59 -73 -102 0 -56 133 -378 171 -413 34 -32 83 -37 129 -13 70 36 67 87 -16 290 -86 209 -89 214 -129 231 -35 14 -42 15 -82 7z\"\/><path d=\"M3689 3066 c-15 -9 -33 -30 -42 -48 -48 -103 -147 -355 -147 -375 0 -98 131 -148 192 -74 13 15 57 108 97 206 80 196 84 226 37 273 -30 30 -99 39 -137 18z\"\/><path d=\"M583 2784 c-38 -19 -67 -74 -58 -113 9 -42 211 -354 242 -373 16 -10 45 -18 66 -18 51 0 107 52 107 100 0 39 -1 41 -124 234 -80 126 -108 162 -133 173 -41 17 -61 16 -100 -3z\"\/><path d=\"M4250 2784 c-14 -9 -74 -91 -133 -183 -95 -150 -107 -173 -107 -213 0 -55 33 -94 87 -104 67 -13 90 8 211 198 130 202 137 225 78 284 -27 27 -42 34 -72 34 -22 0 -50 -8 -64 -16z\"\/><path d=\"M2275 2693 c-553 -48 -1095 -270 -1585 -649 -135 -104 -459 -423 -483 -476 -23 -49 -22 -139 2 -186 73 -142 361 -457 571 -626 285 -228 642 -407 990 -497 242 -63 336 -73 660 -74 310 0 370 5 595 52 535 111 1045 392 1455 803 122 121 250 273 275 326 19 41 19 137 0 174 -41 79 -309 363 -465 492 -447 370 -946 591 -1479 653 -113 14 -422 18 -536 8z m395 -428 c171 -34 330 -124 456 -258 112 -119 167 -219 211 -378 27 -96 24 -300 -5 -401 -72 -255 -236 -447 -474 -557 -132 -62 -201 -76 -368 -76 -167 0 -236 14 -368 76 -213 98 -373 271 -451 485 -162 444 86 934 547 1084 153 49 292 57 452 25z m909 -232 c222 -123 408 -262 593 -441 76 -74 138 -139 138 -144 0 -16 -233 -242 -330 -319 -155 -123 -309 -223 -461 -299 l-81 -41 32 46 c18 26 49 83 70 128 143 306 141 649 -6 957 -25 52 -61 116 -79 142 l-34 47 45 -20 c26 -10 76 -36 113 -56z m-2057 25 c-40 -58 -105 -190 -130 -263 -110 -324 -59 -707 132 -981 25 -35 42 -64 37 -64 -19 0 -241 119 -326 174 -188 122 -406 314 -532 468 l-58 71 108 103 c185 178 428 349 672 473 66 33 121 60 123 61 2 0 -10 -19 -26 -42z\"\/><path d=\"M2375 1950 c-198 -44 -350 -190 -395 -379 -18 -76 -8 -221 19 -290 114 -284 457 -406 731 -260 98 52 188 154 231 260 27 69 37 214 19 290 -38 163 -166 304 -326 360 -67 23 -215 33 -279 19z\"\/><\/g><\/svg><\/i> <img loading=\"lazy\" decoding=\"async\" width=\"16\" height=\"16\" alt=\"Loading\" src=\"https:\/\/tsie.utn.edu.ec\/2025\/wp-content\/plugins\/page-views-count\/ajax-loader-2x.gif\" border=0 \/><\/p>\n<div class=\"pvc_clear\"><\/div>\n","protected":false},"author":2,"featured_media":0,"parent":0,"menu_order":0,"comment_status":"closed","ping_status":"closed","template":"","meta":{"footnotes":""},"class_list":["post-37","page","type-page","status-publish","hentry"],"_links":{"self":[{"href":"https:\/\/tsie.utn.edu.ec\/2025\/wp-json\/wp\/v2\/pages\/37","targetHints":{"allow":["GET"]}}],"collection":[{"href":"https:\/\/tsie.utn.edu.ec\/2025\/wp-json\/wp\/v2\/pages"}],"about":[{"href":"https:\/\/tsie.utn.edu.ec\/2025\/wp-json\/wp\/v2\/types\/page"}],"author":[{"embeddable":true,"href":"https:\/\/tsie.utn.edu.ec\/2025\/wp-json\/wp\/v2\/users\/2"}],"replies":[{"embeddable":true,"href":"https:\/\/tsie.utn.edu.ec\/2025\/wp-json\/wp\/v2\/comments?post=37"}],"version-history":[{"count":36,"href":"https:\/\/tsie.utn.edu.ec\/2025\/wp-json\/wp\/v2\/pages\/37\/revisions"}],"predecessor-version":[{"id":1076,"href":"https:\/\/tsie.utn.edu.ec\/2025\/wp-json\/wp\/v2\/pages\/37\/revisions\/1076"}],"wp:attachment":[{"href":"https:\/\/tsie.utn.edu.ec\/2025\/wp-json\/wp\/v2\/media?parent=37"}],"curies":[{"name":"wp","href":"https:\/\/api.w.org\/{rel}","templated":true}]}}