{"id":556,"date":"2025-03-18T16:10:36","date_gmt":"2025-03-18T21:10:36","guid":{"rendered":"https:\/\/tsie.utn.edu.ec\/2025\/?page_id=556"},"modified":"2025-05-19T12:19:10","modified_gmt":"2025-05-19T17:19:10","slug":"organizacion","status":"publish","type":"page","link":"https:\/\/tsie.utn.edu.ec\/2025\/organizacion\/","title":{"rendered":"ORGANIZACI\u00d3N"},"content":{"rendered":"\n<figure class=\"wp-block-image size-large\"><img loading=\"lazy\" decoding=\"async\" width=\"1024\" height=\"383\" src=\"https:\/\/tsie.utn.edu.ec\/2025\/wp-content\/uploads\/2025\/03\/portada-3-1-1024x383.png\" alt=\"\" class=\"wp-image-910\" srcset=\"https:\/\/tsie.utn.edu.ec\/2025\/wp-content\/uploads\/2025\/03\/portada-3-1-1024x383.png 1024w, https:\/\/tsie.utn.edu.ec\/2025\/wp-content\/uploads\/2025\/03\/portada-3-1-300x112.png 300w, https:\/\/tsie.utn.edu.ec\/2025\/wp-content\/uploads\/2025\/03\/portada-3-1-768x287.png 768w, https:\/\/tsie.utn.edu.ec\/2025\/wp-content\/uploads\/2025\/03\/portada-3-1.png 1073w\" sizes=\"auto, (max-width: 1024px) 100vw, 1024px\" \/><\/figure>\n\n\n\n<p class=\"has-white-color has-virtue-primary-background-color has-text-color has-background has-link-color has-medium-font-size wp-elements-bb98493aaf6088a0d7e9a960ede48834\"><strong>Coordinadora general del evento<\/strong><\/p>\n\n\n\n<ul class=\"wp-block-list\">\n<li>Asociaci\u00f3n General de Profesores de la Universidad T\u00e9cnica del Norte.<\/li>\n<\/ul>\n\n\n\n<p class=\"has-white-color has-virtue-primary-background-color has-text-color has-background has-link-color has-medium-font-size wp-elements-609e7503b3bc554d9831541ae6dcea39\"><strong>Comit\u00e9 cient\u00edfico internacional<\/strong><\/p>\n\n\n\n<ul class=\"wp-block-list\">\n<li>PhD. Sonia Casillas-Mart\u00edn. Universidad de Salamanca. Espa\u00f1a<\/li>\n\n\n\n<li>PhD. Marcos Cabezas- Gonz\u00e1lez. Universidad de Salamanca. Espa\u00f1a<\/li>\n\n\n\n<li>PhD. Francisco Pe\u00f1alvo. Universidad de Salamanca. Espa\u00f1a<\/li>\n\n\n\n<li>PhD(c). Alicia Rodas. Universidad de Salamanca. Espa\u00f1a<\/li>\n\n\n\n<li>PhD. Maricarmen Caldeiro. Universidad Santiago de Compostela. Espa\u00f1a<\/li>\n\n\n\n<li>PhD. Denis Fern\u00e1ndez \u00c1lvares. Universidad de Cienfuegos. Cuba<\/li>\n\n\n\n<li>PhD. Ana Mar\u00eda Hern\u00e1ndez Carretero, Universidad de Extremadura. Espa\u00f1a<\/li>\n\n\n\n<li>PhD. Carina Claudia Cabo, Universidad Nacional de Rosario. Argentina<\/li>\n\n\n\n<li>PhD. Anal\u00eda Ver\u00f3nica Caputto, Universidad Nacional de Rosario. Argentina<\/li>\n\n\n\n<li>PhD(c). Andr\u00e9s Naranjo Vinueza. Universidad Salamanca. Espa\u00f1a<\/li>\n\n\n\n<li>PhD. Claudia Del Huerto Romero, Universidad Nacional de C\u00f3rdova. Argentina<\/li>\n\n\n\n<li>MSc. Alejandro Nu\u00f1ez Alberca, Universidad de San Mart\u00edn de Porres. Per\u00fa<\/li>\n\n\n\n<li>PhD. B\u00e1rbara Castillo Abdul Hadi, Universidad de Dise\u00f1o, Innovaci\u00f3n y Tecnolog\u00eda (UDIT). Espa\u00f1a<\/li>\n\n\n\n<li>PhD. Walther Hern\u00e1n Casimiro Urcos, Universidad Nacional de Educaci\u00f3n. Per\u00fa<\/li>\n\n\n\n<li>PhD. Sof\u00eda Barr\u00f3n Abad, Universidad Internacional de Valencia. Espa\u00f1a<\/li>\n\n\n\n<li>PhD. Juan Flores Preciado. Universidad de las Am\u00e9ricas y del Caribe. M\u00e9xico<\/li>\n\n\n\n<li>PhD. Javier Mazeres. Universidad de Hu\u00e1naco. Per\u00fa<\/li>\n\n\n\n<li>MSc. Eugenia del Carmen Mora Quintana. Universidad de Cienfuegos. Cuba<\/li>\n<\/ul>\n\n\n\n<p class=\"has-white-color has-virtue-primary-background-color has-text-color has-background has-link-color has-medium-font-size wp-elements-fb6e338d3ee0cd5c114aa944bc3b6f14\"><strong>Comit\u00e9 cient\u00edfico nacional<\/strong><\/p>\n\n\n\n<ul class=\"wp-block-list\">\n<li>PhD. Marlon Santiago Leal Paredes. Universidad de Otavalo. Ecuador<\/li>\n\n\n\n<li>PhD. Pablo Andr\u00e9s Escand\u00f3n Montenegro. Universidad Andina Sim\u00f3n Bol\u00edvar, sede Ecuador. Ecuador<\/li>\n\n\n\n<li>PhD. Ana Mar\u00eda Beltr\u00e1n Flandoli. Universidad T\u00e9cnica Particular de Loja. Ecuador<\/li>\n\n\n\n<li>PhD. H\u00e9ctor Tapia Ram\u00edrez. Universidad de Otavalo. Ecuador<\/li>\n\n\n\n<li>PhD. Bel\u00e9n Amador Rodr\u00edguez. Universidad T\u00e9cnica Luis Vargas Torres de Esmeraldas. Ecuador<\/li>\n\n\n\n<li>PhD. Diego Alfonso Almeida Gal\u00e1rraga. Universidad Yachay Tech. Ecuador<\/li>\n\n\n\n<li>PhD. Christian Andr\u00e9s Tirado Espin. Universidad Yachay Tech. Ecuador<\/li>\n<\/ul>\n\n\n\n<p><\/p>\n<div class=\"pvc_clear\"><\/div><p id=\"pvc_stats_556\" class=\"pvc_stats all  \" data-element-id=\"556\" style=\"\"><i class=\"pvc-stats-icon large\" aria-hidden=\"true\"><svg xmlns=\"http:\/\/www.w3.org\/2000\/svg\" version=\"1.0\" viewBox=\"0 0 502 315\" preserveAspectRatio=\"xMidYMid meet\"><g transform=\"translate(0,332) scale(0.1,-0.1)\" fill=\"\" stroke=\"none\"><path d=\"M2394 3279 l-29 -30 -3 -207 c-2 -182 0 -211 15 -242 39 -76 157 -76 196 0 15 31 17 60 15 243 l-3 209 -33 29 c-26 23 -41 29 -80 29 -41 0 -53 -5 -78 -31z\"\/><path d=\"M3085 3251 c-45 -19 -58 -50 -96 -229 -47 -217 -49 -260 -13 -295 52 -53 146 -42 177 20 16 31 87 366 87 410 0 70 -86 122 -155 94z\"\/><path d=\"M1751 3234 c-13 -9 -29 -31 -37 -50 -12 -29 -10 -49 21 -204 19 -94 39 -189 45 -210 14 -50 54 -80 110 -80 34 0 48 6 76 34 21 21 34 44 34 59 0 14 -18 113 -40 219 -37 178 -43 195 -70 221 -36 32 -101 37 -139 11z\"\/><path d=\"M1163 3073 c-36 -7 -73 -59 -73 -102 0 -56 133 -378 171 -413 34 -32 83 -37 129 -13 70 36 67 87 -16 290 -86 209 -89 214 -129 231 -35 14 -42 15 -82 7z\"\/><path d=\"M3689 3066 c-15 -9 -33 -30 -42 -48 -48 -103 -147 -355 -147 -375 0 -98 131 -148 192 -74 13 15 57 108 97 206 80 196 84 226 37 273 -30 30 -99 39 -137 18z\"\/><path d=\"M583 2784 c-38 -19 -67 -74 -58 -113 9 -42 211 -354 242 -373 16 -10 45 -18 66 -18 51 0 107 52 107 100 0 39 -1 41 -124 234 -80 126 -108 162 -133 173 -41 17 -61 16 -100 -3z\"\/><path d=\"M4250 2784 c-14 -9 -74 -91 -133 -183 -95 -150 -107 -173 -107 -213 0 -55 33 -94 87 -104 67 -13 90 8 211 198 130 202 137 225 78 284 -27 27 -42 34 -72 34 -22 0 -50 -8 -64 -16z\"\/><path d=\"M2275 2693 c-553 -48 -1095 -270 -1585 -649 -135 -104 -459 -423 -483 -476 -23 -49 -22 -139 2 -186 73 -142 361 -457 571 -626 285 -228 642 -407 990 -497 242 -63 336 -73 660 -74 310 0 370 5 595 52 535 111 1045 392 1455 803 122 121 250 273 275 326 19 41 19 137 0 174 -41 79 -309 363 -465 492 -447 370 -946 591 -1479 653 -113 14 -422 18 -536 8z m395 -428 c171 -34 330 -124 456 -258 112 -119 167 -219 211 -378 27 -96 24 -300 -5 -401 -72 -255 -236 -447 -474 -557 -132 -62 -201 -76 -368 -76 -167 0 -236 14 -368 76 -213 98 -373 271 -451 485 -162 444 86 934 547 1084 153 49 292 57 452 25z m909 -232 c222 -123 408 -262 593 -441 76 -74 138 -139 138 -144 0 -16 -233 -242 -330 -319 -155 -123 -309 -223 -461 -299 l-81 -41 32 46 c18 26 49 83 70 128 143 306 141 649 -6 957 -25 52 -61 116 -79 142 l-34 47 45 -20 c26 -10 76 -36 113 -56z m-2057 25 c-40 -58 -105 -190 -130 -263 -110 -324 -59 -707 132 -981 25 -35 42 -64 37 -64 -19 0 -241 119 -326 174 -188 122 -406 314 -532 468 l-58 71 108 103 c185 178 428 349 672 473 66 33 121 60 123 61 2 0 -10 -19 -26 -42z\"\/><path d=\"M2375 1950 c-198 -44 -350 -190 -395 -379 -18 -76 -8 -221 19 -290 114 -284 457 -406 731 -260 98 52 188 154 231 260 27 69 37 214 19 290 -38 163 -166 304 -326 360 -67 23 -215 33 -279 19z\"\/><\/g><\/svg><\/i> <img loading=\"lazy\" decoding=\"async\" width=\"16\" height=\"16\" alt=\"Loading\" src=\"https:\/\/tsie.utn.edu.ec\/2025\/wp-content\/plugins\/page-views-count\/ajax-loader-2x.gif\" border=0 \/><\/p><div class=\"pvc_clear\"><\/div>","protected":false},"excerpt":{"rendered":"<p>Coordinadora general del evento Comit\u00e9 cient\u00edfico internacional Comit\u00e9 cient\u00edfico nacional<\/p>\n<div class=\"pvc_clear\"><\/div>\n<p id=\"pvc_stats_556\" class=\"pvc_stats all  \" data-element-id=\"556\" style=\"\"><i class=\"pvc-stats-icon large\" aria-hidden=\"true\"><svg xmlns=\"http:\/\/www.w3.org\/2000\/svg\" version=\"1.0\" viewBox=\"0 0 502 315\" preserveAspectRatio=\"xMidYMid meet\"><g transform=\"translate(0,332) scale(0.1,-0.1)\" fill=\"\" stroke=\"none\"><path d=\"M2394 3279 l-29 -30 -3 -207 c-2 -182 0 -211 15 -242 39 -76 157 -76 196 0 15 31 17 60 15 243 l-3 209 -33 29 c-26 23 -41 29 -80 29 -41 0 -53 -5 -78 -31z\"\/><path d=\"M3085 3251 c-45 -19 -58 -50 -96 -229 -47 -217 -49 -260 -13 -295 52 -53 146 -42 177 20 16 31 87 366 87 410 0 70 -86 122 -155 94z\"\/><path d=\"M1751 3234 c-13 -9 -29 -31 -37 -50 -12 -29 -10 -49 21 -204 19 -94 39 -189 45 -210 14 -50 54 -80 110 -80 34 0 48 6 76 34 21 21 34 44 34 59 0 14 -18 113 -40 219 -37 178 -43 195 -70 221 -36 32 -101 37 -139 11z\"\/><path d=\"M1163 3073 c-36 -7 -73 -59 -73 -102 0 -56 133 -378 171 -413 34 -32 83 -37 129 -13 70 36 67 87 -16 290 -86 209 -89 214 -129 231 -35 14 -42 15 -82 7z\"\/><path d=\"M3689 3066 c-15 -9 -33 -30 -42 -48 -48 -103 -147 -355 -147 -375 0 -98 131 -148 192 -74 13 15 57 108 97 206 80 196 84 226 37 273 -30 30 -99 39 -137 18z\"\/><path d=\"M583 2784 c-38 -19 -67 -74 -58 -113 9 -42 211 -354 242 -373 16 -10 45 -18 66 -18 51 0 107 52 107 100 0 39 -1 41 -124 234 -80 126 -108 162 -133 173 -41 17 -61 16 -100 -3z\"\/><path d=\"M4250 2784 c-14 -9 -74 -91 -133 -183 -95 -150 -107 -173 -107 -213 0 -55 33 -94 87 -104 67 -13 90 8 211 198 130 202 137 225 78 284 -27 27 -42 34 -72 34 -22 0 -50 -8 -64 -16z\"\/><path d=\"M2275 2693 c-553 -48 -1095 -270 -1585 -649 -135 -104 -459 -423 -483 -476 -23 -49 -22 -139 2 -186 73 -142 361 -457 571 -626 285 -228 642 -407 990 -497 242 -63 336 -73 660 -74 310 0 370 5 595 52 535 111 1045 392 1455 803 122 121 250 273 275 326 19 41 19 137 0 174 -41 79 -309 363 -465 492 -447 370 -946 591 -1479 653 -113 14 -422 18 -536 8z m395 -428 c171 -34 330 -124 456 -258 112 -119 167 -219 211 -378 27 -96 24 -300 -5 -401 -72 -255 -236 -447 -474 -557 -132 -62 -201 -76 -368 -76 -167 0 -236 14 -368 76 -213 98 -373 271 -451 485 -162 444 86 934 547 1084 153 49 292 57 452 25z m909 -232 c222 -123 408 -262 593 -441 76 -74 138 -139 138 -144 0 -16 -233 -242 -330 -319 -155 -123 -309 -223 -461 -299 l-81 -41 32 46 c18 26 49 83 70 128 143 306 141 649 -6 957 -25 52 -61 116 -79 142 l-34 47 45 -20 c26 -10 76 -36 113 -56z m-2057 25 c-40 -58 -105 -190 -130 -263 -110 -324 -59 -707 132 -981 25 -35 42 -64 37 -64 -19 0 -241 119 -326 174 -188 122 -406 314 -532 468 l-58 71 108 103 c185 178 428 349 672 473 66 33 121 60 123 61 2 0 -10 -19 -26 -42z\"\/><path d=\"M2375 1950 c-198 -44 -350 -190 -395 -379 -18 -76 -8 -221 19 -290 114 -284 457 -406 731 -260 98 52 188 154 231 260 27 69 37 214 19 290 -38 163 -166 304 -326 360 -67 23 -215 33 -279 19z\"\/><\/g><\/svg><\/i> <img loading=\"lazy\" decoding=\"async\" width=\"16\" height=\"16\" alt=\"Loading\" src=\"https:\/\/tsie.utn.edu.ec\/2025\/wp-content\/plugins\/page-views-count\/ajax-loader-2x.gif\" border=0 \/><\/p>\n<div class=\"pvc_clear\"><\/div>\n","protected":false},"author":2,"featured_media":0,"parent":0,"menu_order":0,"comment_status":"closed","ping_status":"closed","template":"","meta":{"footnotes":""},"class_list":["post-556","page","type-page","status-publish","hentry"],"_links":{"self":[{"href":"https:\/\/tsie.utn.edu.ec\/2025\/wp-json\/wp\/v2\/pages\/556","targetHints":{"allow":["GET"]}}],"collection":[{"href":"https:\/\/tsie.utn.edu.ec\/2025\/wp-json\/wp\/v2\/pages"}],"about":[{"href":"https:\/\/tsie.utn.edu.ec\/2025\/wp-json\/wp\/v2\/types\/page"}],"author":[{"embeddable":true,"href":"https:\/\/tsie.utn.edu.ec\/2025\/wp-json\/wp\/v2\/users\/2"}],"replies":[{"embeddable":true,"href":"https:\/\/tsie.utn.edu.ec\/2025\/wp-json\/wp\/v2\/comments?post=556"}],"version-history":[{"count":25,"href":"https:\/\/tsie.utn.edu.ec\/2025\/wp-json\/wp\/v2\/pages\/556\/revisions"}],"predecessor-version":[{"id":1141,"href":"https:\/\/tsie.utn.edu.ec\/2025\/wp-json\/wp\/v2\/pages\/556\/revisions\/1141"}],"wp:attachment":[{"href":"https:\/\/tsie.utn.edu.ec\/2025\/wp-json\/wp\/v2\/media?parent=556"}],"curies":[{"name":"wp","href":"https:\/\/api.w.org\/{rel}","templated":true}]}}