{"id":15,"date":"2026-01-12T13:15:23","date_gmt":"2026-01-12T18:15:23","guid":{"rendered":"https:\/\/tsie.utn.edu.ec\/2026\/?page_id=15"},"modified":"2026-04-17T11:35:41","modified_gmt":"2026-04-17T16:35:41","slug":"ejes-tematicos","status":"publish","type":"page","link":"https:\/\/tsie.utn.edu.ec\/2026\/ejes-tematicos\/","title":{"rendered":"EJES TEM\u00c1TICOS"},"content":{"rendered":"\n<p class=\"has-text-align-left\">Nos mueve la convicci\u00f3n de que el conocimiento se potencia cuando se comparte. Como un espacio de encuentro global para estudiantes, docentes y expertos de diversas disciplinas, este congreso invita a la reflexi\u00f3n profunda y al debate constructivo. Bajo el enfoque del Objetivo de Desarrollo Sostenible <strong>(ODS) 4: Educaci\u00f3n de Calidad<\/strong>, presentamos los ejes tem\u00e1ticos que guiar\u00e1n nuestra misi\u00f3n de transformar el futuro educativo.<\/p>\n\n\n\n<p class=\"has-white-color has-accent-background-color has-text-color has-background has-link-color has-medium-font-size wp-elements-d8426c01f8812d42572c9b95e824e2cf\">1 &#8211; Tecnolog\u00eda e innovaci\u00f3n educativa + IA<\/p>\n\n\n\n<div id=\"wp-block-themeisle-blocks-advanced-columns-2db28608\" class=\"wp-block-themeisle-blocks-advanced-columns has-2-columns has-desktop-oneTwo-layout has-tablet-equal-layout has-mobile-collapsedRows-layout has-vertical-unset\"><div class=\"wp-block-themeisle-blocks-advanced-columns-overlay\"><\/div><div class=\"innerblocks-wrap\">\n<div id=\"wp-block-themeisle-blocks-advanced-column-73e7f57d\" class=\"wp-block-themeisle-blocks-advanced-column\"><div class=\"wp-block-image\">\n<figure class=\"aligncenter size-full is-resized\"><img loading=\"lazy\" decoding=\"async\" width=\"800\" height=\"800\" src=\"https:\/\/tsie.utn.edu.ec\/2026\/wp-content\/uploads\/2026\/03\/1Tecnologia-e-innovacion-educativaIA.jpg\" alt=\"\" class=\"wp-image-440\" style=\"width:208px;height:auto\" srcset=\"https:\/\/tsie.utn.edu.ec\/2026\/wp-content\/uploads\/2026\/03\/1Tecnologia-e-innovacion-educativaIA.jpg 800w, https:\/\/tsie.utn.edu.ec\/2026\/wp-content\/uploads\/2026\/03\/1Tecnologia-e-innovacion-educativaIA-300x300.jpg 300w, https:\/\/tsie.utn.edu.ec\/2026\/wp-content\/uploads\/2026\/03\/1Tecnologia-e-innovacion-educativaIA-150x150.jpg 150w, https:\/\/tsie.utn.edu.ec\/2026\/wp-content\/uploads\/2026\/03\/1Tecnologia-e-innovacion-educativaIA-768x768.jpg 768w\" sizes=\"auto, (max-width: 800px) 100vw, 800px\" \/><\/figure>\n<\/div><\/div>\n\n\n\n<div id=\"wp-block-themeisle-blocks-advanced-column-a707db6d\" class=\"wp-block-themeisle-blocks-advanced-column\">\n<div id=\"wp-block-themeisle-blocks-icon-list-ed3160ad\" class=\"wp-block-themeisle-blocks-icon-list\">\n<div id=\"wp-block-themeisle-blocks-icon-list-item-7497261d\" class=\"wp-block-themeisle-blocks-icon-list-item\"><img decoding=\"async\" src=\"https:\/\/tsie.utn.edu.ec\/2026\/wp-content\/uploads\/2026\/02\/ICONO-BARRA-SITIO.png\"\/><p class=\"wp-block-themeisle-blocks-icon-list-item-content\">Recursos educativos asistidos con IA.<\/p><\/div>\n\n\n\n<div id=\"wp-block-themeisle-blocks-icon-list-item-a44f3ff3\" class=\"wp-block-themeisle-blocks-icon-list-item\"><img decoding=\"async\" src=\"https:\/\/tsie.utn.edu.ec\/2026\/wp-content\/uploads\/2026\/02\/LOGO-BARRA-SITIO.png\"\/><p class=\"wp-block-themeisle-blocks-icon-list-item-content\">Realidad virtual, aumentada y mixta para el aprendizaje.<\/p><\/div>\n\n\n\n<div id=\"wp-block-themeisle-blocks-icon-list-item-f1d6927d\" class=\"wp-block-themeisle-blocks-icon-list-item\"><img decoding=\"async\" src=\"https:\/\/tsie.utn.edu.ec\/2026\/wp-content\/uploads\/2026\/02\/LOGO-BARRA-SITIO-1.png\"\/><p class=\"wp-block-themeisle-blocks-icon-list-item-content\">Anal\u00edtica de datos educativos e IA para el aprendizaje personalizado.<\/p><\/div>\n\n\n\n<div id=\"wp-block-themeisle-blocks-icon-list-item-29934e37\" class=\"wp-block-themeisle-blocks-icon-list-item\"><img decoding=\"async\" src=\"https:\/\/tsie.utn.edu.ec\/2026\/wp-content\/uploads\/2026\/02\/LOGO-BARRA-SITIO-2.png\"\/><p class=\"wp-block-themeisle-blocks-icon-list-item-content\">Plataformas adaptativas y tutores inteligentes.<\/p><\/div>\n\n\n\n<div id=\"wp-block-themeisle-blocks-icon-list-item-f1a1dec1\" class=\"wp-block-themeisle-blocks-icon-list-item\"><img decoding=\"async\" src=\"https:\/\/tsie.utn.edu.ec\/2026\/wp-content\/uploads\/2026\/02\/LOGO-BARRA-SITIO-3.png\"\/><p class=\"wp-block-themeisle-blocks-icon-list-item-content\">Seguridad digital, \u00e9tica algor\u00edtmica y gobernanza de datos.<\/p><\/div>\n<\/div>\n<\/div>\n<\/div><\/div>\n\n\n\n<p class=\"has-white-color has-accent-background-color has-text-color has-background has-link-color has-medium-font-size wp-elements-04bc9a88a07b5ca40933bbd59ef8301a\">2 &#8211; Educomunicaci\u00f3n y sociedad digital<\/p>\n\n\n\n<div id=\"wp-block-themeisle-blocks-advanced-columns-b2f75cf5\" class=\"wp-block-themeisle-blocks-advanced-columns has-2-columns has-desktop-oneTwo-layout has-tablet-equal-layout has-mobile-collapsedRows-layout has-vertical-unset\"><div class=\"wp-block-themeisle-blocks-advanced-columns-overlay\"><\/div><div class=\"innerblocks-wrap\">\n<div id=\"wp-block-themeisle-blocks-advanced-column-30101fd4\" class=\"wp-block-themeisle-blocks-advanced-column\"><div class=\"wp-block-image\">\n<figure class=\"aligncenter size-full is-resized\"><img loading=\"lazy\" decoding=\"async\" width=\"800\" height=\"800\" src=\"https:\/\/tsie.utn.edu.ec\/2026\/wp-content\/uploads\/2026\/03\/2Educomunicacion-y-sociedad-digital.jpg\" alt=\"\" class=\"wp-image-442\" style=\"width:208px\" srcset=\"https:\/\/tsie.utn.edu.ec\/2026\/wp-content\/uploads\/2026\/03\/2Educomunicacion-y-sociedad-digital.jpg 800w, https:\/\/tsie.utn.edu.ec\/2026\/wp-content\/uploads\/2026\/03\/2Educomunicacion-y-sociedad-digital-300x300.jpg 300w, https:\/\/tsie.utn.edu.ec\/2026\/wp-content\/uploads\/2026\/03\/2Educomunicacion-y-sociedad-digital-150x150.jpg 150w, https:\/\/tsie.utn.edu.ec\/2026\/wp-content\/uploads\/2026\/03\/2Educomunicacion-y-sociedad-digital-768x768.jpg 768w\" sizes=\"auto, (max-width: 800px) 100vw, 800px\" \/><\/figure>\n<\/div><\/div>\n\n\n\n<div id=\"wp-block-themeisle-blocks-advanced-column-205aeb73\" class=\"wp-block-themeisle-blocks-advanced-column\">\n<div id=\"wp-block-themeisle-blocks-icon-list-0dd124e1\" class=\"wp-block-themeisle-blocks-icon-list\">\n<div id=\"wp-block-themeisle-blocks-icon-list-item-4602a08d\" class=\"wp-block-themeisle-blocks-icon-list-item\"><img decoding=\"async\" src=\"https:\/\/tsie.utn.edu.ec\/2026\/wp-content\/uploads\/2026\/02\/ICONO-BARRA-SITIO.png\"\/><p class=\"wp-block-themeisle-blocks-icon-list-item-content\">Alfabetizaci\u00f3n medi\u00e1tica e IA generativa.<\/p><\/div>\n\n\n\n<div id=\"wp-block-themeisle-blocks-icon-list-item-b42bf2d2\" class=\"wp-block-themeisle-blocks-icon-list-item\"><img decoding=\"async\" src=\"https:\/\/tsie.utn.edu.ec\/2026\/wp-content\/uploads\/2026\/02\/LOGO-BARRA-SITIO.png\"\/><p class=\"wp-block-themeisle-blocks-icon-list-item-content\">Comunicaci\u00f3n transmedia aplicada a entornos educativos.<\/p><\/div>\n\n\n\n<div id=\"wp-block-themeisle-blocks-icon-list-item-8f72cb80\" class=\"wp-block-themeisle-blocks-icon-list-item\"><img decoding=\"async\" src=\"https:\/\/tsie.utn.edu.ec\/2026\/wp-content\/uploads\/2026\/02\/LOGO-BARRA-SITIO-1.png\"\/><p class=\"wp-block-themeisle-blocks-icon-list-item-content\">Narrativas digitales con herramientas basadas en IA.<\/p><\/div>\n\n\n\n<div id=\"wp-block-themeisle-blocks-icon-list-item-f26cfb60\" class=\"wp-block-themeisle-blocks-icon-list-item\"><img decoding=\"async\" src=\"https:\/\/tsie.utn.edu.ec\/2026\/wp-content\/uploads\/2026\/02\/LOGO-BARRA-SITIO-2.png\"\/><p class=\"wp-block-themeisle-blocks-icon-list-item-content\">Uso cr\u00edtico de redes sociales y reputaci\u00f3n digital.<\/p><\/div>\n<\/div>\n<\/div>\n<\/div><\/div>\n\n\n\n<p class=\"has-white-color has-accent-background-color has-text-color has-background has-link-color has-medium-font-size wp-elements-752883d7f9e57ec29c8cd044ffc9cf95\">3 &#8211; Educaci\u00f3n, neurociencia y psicolog\u00eda<\/p>\n\n\n\n<div id=\"wp-block-themeisle-blocks-advanced-columns-b411e25a\" class=\"wp-block-themeisle-blocks-advanced-columns has-2-columns has-desktop-oneTwo-layout has-tablet-equal-layout has-mobile-collapsedRows-layout has-vertical-unset\"><div class=\"wp-block-themeisle-blocks-advanced-columns-overlay\"><\/div><div class=\"innerblocks-wrap\">\n<div id=\"wp-block-themeisle-blocks-advanced-column-13ffb772\" class=\"wp-block-themeisle-blocks-advanced-column\"><div class=\"wp-block-image\">\n<figure class=\"aligncenter size-full is-resized\"><img loading=\"lazy\" decoding=\"async\" width=\"800\" height=\"800\" src=\"https:\/\/tsie.utn.edu.ec\/2026\/wp-content\/uploads\/2026\/03\/3Educacion-neurociencia-y-psicologia.jpg\" alt=\"\" class=\"wp-image-443\" style=\"width:208px\" srcset=\"https:\/\/tsie.utn.edu.ec\/2026\/wp-content\/uploads\/2026\/03\/3Educacion-neurociencia-y-psicologia.jpg 800w, https:\/\/tsie.utn.edu.ec\/2026\/wp-content\/uploads\/2026\/03\/3Educacion-neurociencia-y-psicologia-300x300.jpg 300w, https:\/\/tsie.utn.edu.ec\/2026\/wp-content\/uploads\/2026\/03\/3Educacion-neurociencia-y-psicologia-150x150.jpg 150w, https:\/\/tsie.utn.edu.ec\/2026\/wp-content\/uploads\/2026\/03\/3Educacion-neurociencia-y-psicologia-768x768.jpg 768w\" sizes=\"auto, (max-width: 800px) 100vw, 800px\" \/><\/figure>\n<\/div><\/div>\n\n\n\n<div id=\"wp-block-themeisle-blocks-advanced-column-8545345c\" class=\"wp-block-themeisle-blocks-advanced-column\">\n<div id=\"wp-block-themeisle-blocks-icon-list-a9287138\" class=\"wp-block-themeisle-blocks-icon-list\">\n<div id=\"wp-block-themeisle-blocks-icon-list-item-6314828a\" class=\"wp-block-themeisle-blocks-icon-list-item\"><img decoding=\"async\" src=\"https:\/\/tsie.utn.edu.ec\/2026\/wp-content\/uploads\/2026\/02\/ICONO-BARRA-SITIO.png\"\/><p class=\"wp-block-themeisle-blocks-icon-list-item-content\">IA para an\u00e1lisis cognitivo y estilos de aprendizaje.<\/p><\/div>\n\n\n\n<div id=\"wp-block-themeisle-blocks-icon-list-item-43389ff8\" class=\"wp-block-themeisle-blocks-icon-list-item\"><img decoding=\"async\" src=\"https:\/\/tsie.utn.edu.ec\/2026\/wp-content\/uploads\/2026\/02\/LOGO-BARRA-SITIO.png\"\/><p class=\"wp-block-themeisle-blocks-icon-list-item-content\">Neuroeducaci\u00f3n en ambientes digitales.<\/p><\/div>\n\n\n\n<div id=\"wp-block-themeisle-blocks-icon-list-item-fdf926e7\" class=\"wp-block-themeisle-blocks-icon-list-item\"><img decoding=\"async\" src=\"https:\/\/tsie.utn.edu.ec\/2026\/wp-content\/uploads\/2026\/02\/LOGO-BARRA-SITIO-1.png\"\/><p class=\"wp-block-themeisle-blocks-icon-list-item-content\">Gamificaci\u00f3n y modelos motivacionales con apoyo algor\u00edtmico.<\/p><\/div>\n<\/div>\n<\/div>\n<\/div><\/div>\n\n\n\n<p class=\"has-white-color has-accent-background-color has-text-color has-background has-link-color has-medium-font-size wp-elements-089c181ca347f04e6b6f9352acc9830f\">4 &#8211; Arte, dise\u00f1o, cultura y patrimonio<\/p>\n\n\n\n<div id=\"wp-block-themeisle-blocks-advanced-columns-daee2963\" class=\"wp-block-themeisle-blocks-advanced-columns has-2-columns has-desktop-oneTwo-layout has-tablet-equal-layout has-mobile-collapsedRows-layout has-vertical-unset\"><div class=\"wp-block-themeisle-blocks-advanced-columns-overlay\"><\/div><div class=\"innerblocks-wrap\">\n<div id=\"wp-block-themeisle-blocks-advanced-column-4fb2ffeb\" class=\"wp-block-themeisle-blocks-advanced-column\"><div class=\"wp-block-image\">\n<figure class=\"aligncenter size-full is-resized\"><img loading=\"lazy\" decoding=\"async\" width=\"800\" height=\"800\" src=\"https:\/\/tsie.utn.edu.ec\/2026\/wp-content\/uploads\/2026\/03\/4Arte-diseno-cultura-y-patrimonio.jpg\" alt=\"\" class=\"wp-image-444\" style=\"width:208px\" srcset=\"https:\/\/tsie.utn.edu.ec\/2026\/wp-content\/uploads\/2026\/03\/4Arte-diseno-cultura-y-patrimonio.jpg 800w, https:\/\/tsie.utn.edu.ec\/2026\/wp-content\/uploads\/2026\/03\/4Arte-diseno-cultura-y-patrimonio-300x300.jpg 300w, https:\/\/tsie.utn.edu.ec\/2026\/wp-content\/uploads\/2026\/03\/4Arte-diseno-cultura-y-patrimonio-150x150.jpg 150w, https:\/\/tsie.utn.edu.ec\/2026\/wp-content\/uploads\/2026\/03\/4Arte-diseno-cultura-y-patrimonio-768x768.jpg 768w\" sizes=\"auto, (max-width: 800px) 100vw, 800px\" \/><\/figure>\n<\/div><\/div>\n\n\n\n<div id=\"wp-block-themeisle-blocks-advanced-column-46b84ab9\" class=\"wp-block-themeisle-blocks-advanced-column\">\n<div id=\"wp-block-themeisle-blocks-icon-list-701c3b45\" class=\"wp-block-themeisle-blocks-icon-list\">\n<div id=\"wp-block-themeisle-blocks-icon-list-item-e25d3e84\" class=\"wp-block-themeisle-blocks-icon-list-item\"><img decoding=\"async\" src=\"https:\/\/tsie.utn.edu.ec\/2026\/wp-content\/uploads\/2026\/02\/ICONO-BARRA-SITIO.png\"\/><p class=\"wp-block-themeisle-blocks-icon-list-item-content\">Creaci\u00f3n art\u00edstica asistida por IA.<\/p><\/div>\n\n\n\n<div id=\"wp-block-themeisle-blocks-icon-list-item-2568693a\" class=\"wp-block-themeisle-blocks-icon-list-item\"><img decoding=\"async\" src=\"https:\/\/tsie.utn.edu.ec\/2026\/wp-content\/uploads\/2026\/02\/LOGO-BARRA-SITIO.png\"\/><p class=\"wp-block-themeisle-blocks-icon-list-item-content\">Dise\u00f1o interactivo y narrativas visuales.<\/p><\/div>\n\n\n\n<div id=\"wp-block-themeisle-blocks-icon-list-item-baebf617\" class=\"wp-block-themeisle-blocks-icon-list-item\"><img decoding=\"async\" src=\"https:\/\/tsie.utn.edu.ec\/2026\/wp-content\/uploads\/2026\/02\/LOGO-BARRA-SITIO-1.png\"\/><p class=\"wp-block-themeisle-blocks-icon-list-item-content\">Conservaci\u00f3n del patrimonio mediante tecnolog\u00edas emergentes.<\/p><\/div>\n<\/div>\n<\/div>\n<\/div><\/div>\n\n\n\n<p class=\"has-white-color has-accent-background-color has-text-color has-background has-link-color has-medium-font-size wp-elements-e88c3162ed0e40b5ec844b4ea4f784bd\">5 &#8211; Actividad f\u00edsica, deporte y salud<\/p>\n\n\n\n<div id=\"wp-block-themeisle-blocks-advanced-columns-6f7faf54\" class=\"wp-block-themeisle-blocks-advanced-columns has-2-columns has-desktop-oneTwo-layout has-tablet-equal-layout has-mobile-collapsedRows-layout has-vertical-unset\"><div class=\"wp-block-themeisle-blocks-advanced-columns-overlay\"><\/div><div class=\"innerblocks-wrap\">\n<div id=\"wp-block-themeisle-blocks-advanced-column-9cf836ca\" class=\"wp-block-themeisle-blocks-advanced-column\"><div class=\"wp-block-image\">\n<figure class=\"aligncenter size-full is-resized\"><img loading=\"lazy\" decoding=\"async\" width=\"800\" height=\"800\" src=\"https:\/\/tsie.utn.edu.ec\/2026\/wp-content\/uploads\/2026\/03\/5Actividad-fisica-deporte-y-salud.jpg\" alt=\"\" class=\"wp-image-445\" style=\"width:208px\" srcset=\"https:\/\/tsie.utn.edu.ec\/2026\/wp-content\/uploads\/2026\/03\/5Actividad-fisica-deporte-y-salud.jpg 800w, https:\/\/tsie.utn.edu.ec\/2026\/wp-content\/uploads\/2026\/03\/5Actividad-fisica-deporte-y-salud-300x300.jpg 300w, https:\/\/tsie.utn.edu.ec\/2026\/wp-content\/uploads\/2026\/03\/5Actividad-fisica-deporte-y-salud-150x150.jpg 150w, https:\/\/tsie.utn.edu.ec\/2026\/wp-content\/uploads\/2026\/03\/5Actividad-fisica-deporte-y-salud-768x768.jpg 768w\" sizes=\"auto, (max-width: 800px) 100vw, 800px\" \/><\/figure>\n<\/div><\/div>\n\n\n\n<div id=\"wp-block-themeisle-blocks-advanced-column-274e1414\" class=\"wp-block-themeisle-blocks-advanced-column\">\n<div id=\"wp-block-themeisle-blocks-icon-list-988d21d0\" class=\"wp-block-themeisle-blocks-icon-list\">\n<div id=\"wp-block-themeisle-blocks-icon-list-item-0e52e1b7\" class=\"wp-block-themeisle-blocks-icon-list-item\"><img decoding=\"async\" src=\"https:\/\/tsie.utn.edu.ec\/2026\/wp-content\/uploads\/2026\/02\/ICONO-BARRA-SITIO.png\"\/><p class=\"wp-block-themeisle-blocks-icon-list-item-content\">Tecnolog\u00edas aplicadas al rendimiento humano.<\/p><\/div>\n\n\n\n<div id=\"wp-block-themeisle-blocks-icon-list-item-b056c5ec\" class=\"wp-block-themeisle-blocks-icon-list-item\"><img decoding=\"async\" src=\"https:\/\/tsie.utn.edu.ec\/2026\/wp-content\/uploads\/2026\/02\/LOGO-BARRA-SITIO.png\"\/><p class=\"wp-block-themeisle-blocks-icon-list-item-content\">IA para medici\u00f3n biomec\u00e1nica y prevenci\u00f3n de lesiones.<\/p><\/div>\n\n\n\n<div id=\"wp-block-themeisle-blocks-icon-list-item-0992a340\" class=\"wp-block-themeisle-blocks-icon-list-item\"><img decoding=\"async\" src=\"https:\/\/tsie.utn.edu.ec\/2026\/wp-content\/uploads\/2026\/02\/LOGO-BARRA-SITIO-1.png\"\/><p class=\"wp-block-themeisle-blocks-icon-list-item-content\">Educaci\u00f3n f\u00edsica y bienestar integral.<\/p><\/div>\n<\/div>\n<\/div>\n<\/div><\/div>\n\n\n\n<p class=\"has-white-color has-accent-background-color has-text-color has-background has-link-color has-medium-font-size wp-elements-2c92c2995aa87de7b04d81b31f93019a\">6 &#8211; Biodiversidad y sustentabilidad<\/p>\n\n\n\n<div id=\"wp-block-themeisle-blocks-advanced-columns-7e9e069e\" class=\"wp-block-themeisle-blocks-advanced-columns has-2-columns has-desktop-oneTwo-layout has-tablet-equal-layout has-mobile-collapsedRows-layout has-vertical-unset\"><div class=\"wp-block-themeisle-blocks-advanced-columns-overlay\"><\/div><div class=\"innerblocks-wrap\">\n<div id=\"wp-block-themeisle-blocks-advanced-column-209ecc81\" class=\"wp-block-themeisle-blocks-advanced-column\"><div class=\"wp-block-image\">\n<figure class=\"aligncenter size-full is-resized\"><img loading=\"lazy\" decoding=\"async\" width=\"800\" height=\"800\" src=\"https:\/\/tsie.utn.edu.ec\/2026\/wp-content\/uploads\/2026\/03\/6Biodiversidad-y-sustentabilidad.jpg\" alt=\"\" class=\"wp-image-446\" style=\"width:208px\" srcset=\"https:\/\/tsie.utn.edu.ec\/2026\/wp-content\/uploads\/2026\/03\/6Biodiversidad-y-sustentabilidad.jpg 800w, https:\/\/tsie.utn.edu.ec\/2026\/wp-content\/uploads\/2026\/03\/6Biodiversidad-y-sustentabilidad-300x300.jpg 300w, https:\/\/tsie.utn.edu.ec\/2026\/wp-content\/uploads\/2026\/03\/6Biodiversidad-y-sustentabilidad-150x150.jpg 150w, https:\/\/tsie.utn.edu.ec\/2026\/wp-content\/uploads\/2026\/03\/6Biodiversidad-y-sustentabilidad-768x768.jpg 768w\" sizes=\"auto, (max-width: 800px) 100vw, 800px\" \/><\/figure>\n<\/div><\/div>\n\n\n\n<div id=\"wp-block-themeisle-blocks-advanced-column-3c9766f7\" class=\"wp-block-themeisle-blocks-advanced-column\">\n<div id=\"wp-block-themeisle-blocks-icon-list-6a1a3532\" class=\"wp-block-themeisle-blocks-icon-list\">\n<div id=\"wp-block-themeisle-blocks-icon-list-item-1c0ec3d1\" class=\"wp-block-themeisle-blocks-icon-list-item\"><img decoding=\"async\" src=\"https:\/\/tsie.utn.edu.ec\/2026\/wp-content\/uploads\/2026\/02\/ICONO-BARRA-SITIO.png\"\/><p class=\"wp-block-themeisle-blocks-icon-list-item-content\">IA para monitoreo ambiental y gesti\u00f3n sostenible.<\/p><\/div>\n\n\n\n<div id=\"wp-block-themeisle-blocks-icon-list-item-cdf13f2c\" class=\"wp-block-themeisle-blocks-icon-list-item\"><img decoding=\"async\" src=\"https:\/\/tsie.utn.edu.ec\/2026\/wp-content\/uploads\/2026\/02\/LOGO-BARRA-SITIO.png\"\/><p class=\"wp-block-themeisle-blocks-icon-list-item-content\">Cambio clim\u00e1tico, conservaci\u00f3n y educaci\u00f3n ambiental.<\/p><\/div>\n\n\n\n<div id=\"wp-block-themeisle-blocks-icon-list-item-1fdb13d4\" class=\"wp-block-themeisle-blocks-icon-list-item\"><img decoding=\"async\" src=\"https:\/\/tsie.utn.edu.ec\/2026\/wp-content\/uploads\/2026\/02\/LOGO-BARRA-SITIO-1.png\"\/><p class=\"wp-block-themeisle-blocks-icon-list-item-content\">Innovaci\u00f3n circular y proyectos verdes tecnol\u00f3gicos.<\/p><\/div>\n<\/div>\n<\/div>\n<\/div><\/div>\n\n\n\n<p class=\"has-white-color has-accent-background-color has-text-color has-background has-link-color has-medium-font-size wp-elements-591034514ec6a07563c43c5269dd3207\">7 &#8211; Educaci\u00f3n e inteligencia artificial<\/p>\n\n\n\n<div id=\"wp-block-themeisle-blocks-advanced-columns-7b99cee6\" class=\"wp-block-themeisle-blocks-advanced-columns has-2-columns has-desktop-oneTwo-layout has-tablet-equal-layout has-mobile-collapsedRows-layout has-vertical-unset\"><div class=\"wp-block-themeisle-blocks-advanced-columns-overlay\"><\/div><div class=\"innerblocks-wrap\">\n<div id=\"wp-block-themeisle-blocks-advanced-column-7f1b2b44\" class=\"wp-block-themeisle-blocks-advanced-column\"><div class=\"wp-block-image\">\n<figure class=\"aligncenter size-full is-resized\"><img loading=\"lazy\" decoding=\"async\" width=\"800\" height=\"800\" src=\"https:\/\/tsie.utn.edu.ec\/2026\/wp-content\/uploads\/2026\/03\/7Educacion-e-inteligencia-artificial.jpg\" alt=\"\" class=\"wp-image-447\" style=\"width:208px\" srcset=\"https:\/\/tsie.utn.edu.ec\/2026\/wp-content\/uploads\/2026\/03\/7Educacion-e-inteligencia-artificial.jpg 800w, https:\/\/tsie.utn.edu.ec\/2026\/wp-content\/uploads\/2026\/03\/7Educacion-e-inteligencia-artificial-300x300.jpg 300w, https:\/\/tsie.utn.edu.ec\/2026\/wp-content\/uploads\/2026\/03\/7Educacion-e-inteligencia-artificial-150x150.jpg 150w, https:\/\/tsie.utn.edu.ec\/2026\/wp-content\/uploads\/2026\/03\/7Educacion-e-inteligencia-artificial-768x768.jpg 768w\" sizes=\"auto, (max-width: 800px) 100vw, 800px\" \/><\/figure>\n<\/div><\/div>\n\n\n\n<div id=\"wp-block-themeisle-blocks-advanced-column-03d711c3\" class=\"wp-block-themeisle-blocks-advanced-column\">\n<div id=\"wp-block-themeisle-blocks-icon-list-a6029328\" class=\"wp-block-themeisle-blocks-icon-list\">\n<div id=\"wp-block-themeisle-blocks-icon-list-item-418606f5\" class=\"wp-block-themeisle-blocks-icon-list-item\"><img decoding=\"async\" src=\"https:\/\/tsie.utn.edu.ec\/2026\/wp-content\/uploads\/2026\/02\/ICONO-BARRA-SITIO.png\"\/><p class=\"wp-block-themeisle-blocks-icon-list-item-content\">Pol\u00edticas para la integraci\u00f3n de IA en sistemas educativos.<\/p><\/div>\n\n\n\n<div id=\"wp-block-themeisle-blocks-icon-list-item-7883db12\" class=\"wp-block-themeisle-blocks-icon-list-item\"><img decoding=\"async\" src=\"https:\/\/tsie.utn.edu.ec\/2026\/wp-content\/uploads\/2026\/02\/LOGO-BARRA-SITIO.png\"\/><p class=\"wp-block-themeisle-blocks-icon-list-item-content\">Competencias digitales para la era de los algoritmos.<\/p><\/div>\n\n\n\n<div id=\"wp-block-themeisle-blocks-icon-list-item-f616189a\" class=\"wp-block-themeisle-blocks-icon-list-item\"><img decoding=\"async\" src=\"https:\/\/tsie.utn.edu.ec\/2026\/wp-content\/uploads\/2026\/02\/LOGO-BARRA-SITIO-1.png\"\/><p class=\"wp-block-themeisle-blocks-icon-list-item-content\">Escenarios de futuro: aulas h\u00edbridas, automatizadas y aumentadas.<\/p><\/div>\n<\/div>\n<\/div>\n<\/div><\/div>\n\n\n\n<p class=\"has-white-color has-accent-background-color has-text-color has-background has-link-color has-medium-font-size wp-elements-30c7162d115a79bb1a84d7e738df0423\">8 &#8211; Interculturalidad, inclusi\u00f3n y ciudadan\u00eda digital<\/p>\n\n\n\n<div id=\"wp-block-themeisle-blocks-advanced-columns-a2b3f2e6\" class=\"wp-block-themeisle-blocks-advanced-columns has-2-columns has-desktop-oneTwo-layout has-tablet-equal-layout has-mobile-collapsedRows-layout has-vertical-unset\"><div class=\"wp-block-themeisle-blocks-advanced-columns-overlay\"><\/div><div class=\"innerblocks-wrap\">\n<div id=\"wp-block-themeisle-blocks-advanced-column-a28cdd91\" class=\"wp-block-themeisle-blocks-advanced-column\"><div class=\"wp-block-image\">\n<figure class=\"aligncenter size-full is-resized\"><img loading=\"lazy\" decoding=\"async\" width=\"800\" height=\"800\" src=\"https:\/\/tsie.utn.edu.ec\/2026\/wp-content\/uploads\/2026\/03\/8Interculturalidad-inclusion-y-ciudadania-digital.jpg\" alt=\"\" class=\"wp-image-448\" style=\"width:208px\" srcset=\"https:\/\/tsie.utn.edu.ec\/2026\/wp-content\/uploads\/2026\/03\/8Interculturalidad-inclusion-y-ciudadania-digital.jpg 800w, https:\/\/tsie.utn.edu.ec\/2026\/wp-content\/uploads\/2026\/03\/8Interculturalidad-inclusion-y-ciudadania-digital-300x300.jpg 300w, https:\/\/tsie.utn.edu.ec\/2026\/wp-content\/uploads\/2026\/03\/8Interculturalidad-inclusion-y-ciudadania-digital-150x150.jpg 150w, https:\/\/tsie.utn.edu.ec\/2026\/wp-content\/uploads\/2026\/03\/8Interculturalidad-inclusion-y-ciudadania-digital-768x768.jpg 768w\" sizes=\"auto, (max-width: 800px) 100vw, 800px\" \/><\/figure>\n<\/div><\/div>\n\n\n\n<div id=\"wp-block-themeisle-blocks-advanced-column-4bf164af\" class=\"wp-block-themeisle-blocks-advanced-column\">\n<div id=\"wp-block-themeisle-blocks-icon-list-fa1781ce\" class=\"wp-block-themeisle-blocks-icon-list\">\n<div id=\"wp-block-themeisle-blocks-icon-list-item-9aeeeb86\" class=\"wp-block-themeisle-blocks-icon-list-item\"><img decoding=\"async\" src=\"https:\/\/tsie.utn.edu.ec\/2026\/wp-content\/uploads\/2026\/02\/ICONO-BARRA-SITIO.png\"\/><p class=\"wp-block-themeisle-blocks-icon-list-item-content\">Educaci\u00f3n intercultural en entornos digitales.<\/p><\/div>\n\n\n\n<div id=\"wp-block-themeisle-blocks-icon-list-item-0f2278cc\" class=\"wp-block-themeisle-blocks-icon-list-item\"><img decoding=\"async\" src=\"https:\/\/tsie.utn.edu.ec\/2026\/wp-content\/uploads\/2026\/02\/LOGO-BARRA-SITIO.png\"\/><p class=\"wp-block-themeisle-blocks-icon-list-item-content\">Accesibilidad tecnol\u00f3gica y brecha digital.<\/p><\/div>\n\n\n\n<div id=\"wp-block-themeisle-blocks-icon-list-item-a4587d7c\" class=\"wp-block-themeisle-blocks-icon-list-item\"><img decoding=\"async\" src=\"https:\/\/tsie.utn.edu.ec\/2026\/wp-content\/uploads\/2026\/02\/LOGO-BARRA-SITIO-1.png\"\/><p class=\"wp-block-themeisle-blocks-icon-list-item-content\">\u00c9tica social y participaci\u00f3n ciudadana en ecosistemas digitales.<\/p><\/div>\n<\/div>\n<\/div>\n<\/div><\/div>\n\n\n\n<p><\/p>\n","protected":false},"excerpt":{"rendered":"<p>Nos mueve la convicci\u00f3n de que el conocimiento se potencia cuando se comparte. Como un espacio de encuentro global para estudiantes, docentes y expertos de diversas disciplinas, este congreso invita a la reflexi\u00f3n profunda y al debate constructivo. Bajo el enfoque del Objetivo de Desarrollo Sostenible (ODS) 4: Educaci\u00f3n de [&hellip;]<\/p>\n","protected":false},"author":2,"featured_media":0,"parent":0,"menu_order":0,"comment_status":"closed","ping_status":"closed","template":"","meta":{"om_disable_all_campaigns":false,"_monsterinsights_skip_tracking":false,"_monsterinsights_sitenote_active":false,"_monsterinsights_sitenote_note":"","_monsterinsights_sitenote_category":0,"_themeisle_gutenberg_block_has_review":false,"footnotes":""},"class_list":["post-15","page","type-page","status-publish","hentry"],"aioseo_notices":[],"_links":{"self":[{"href":"https:\/\/tsie.utn.edu.ec\/2026\/wp-json\/wp\/v2\/pages\/15","targetHints":{"allow":["GET"]}}],"collection":[{"href":"https:\/\/tsie.utn.edu.ec\/2026\/wp-json\/wp\/v2\/pages"}],"about":[{"href":"https:\/\/tsie.utn.edu.ec\/2026\/wp-json\/wp\/v2\/types\/page"}],"author":[{"embeddable":true,"href":"https:\/\/tsie.utn.edu.ec\/2026\/wp-json\/wp\/v2\/users\/2"}],"replies":[{"embeddable":true,"href":"https:\/\/tsie.utn.edu.ec\/2026\/wp-json\/wp\/v2\/comments?post=15"}],"version-history":[{"count":77,"href":"https:\/\/tsie.utn.edu.ec\/2026\/wp-json\/wp\/v2\/pages\/15\/revisions"}],"predecessor-version":[{"id":673,"href":"https:\/\/tsie.utn.edu.ec\/2026\/wp-json\/wp\/v2\/pages\/15\/revisions\/673"}],"wp:attachment":[{"href":"https:\/\/tsie.utn.edu.ec\/2026\/wp-json\/wp\/v2\/media?parent=15"}],"curies":[{"name":"wp","href":"https:\/\/api.w.org\/{rel}","templated":true}]}}