{"id":19,"date":"2026-01-12T13:17:54","date_gmt":"2026-01-12T18:17:54","guid":{"rendered":"https:\/\/tsie.utn.edu.ec\/2026\/?page_id=19"},"modified":"2026-04-22T22:01:22","modified_gmt":"2026-04-23T03:01:22","slug":"organizacion","status":"publish","type":"page","link":"https:\/\/tsie.utn.edu.ec\/2026\/organizacion\/","title":{"rendered":"ORGANIZACI\u00d3N"},"content":{"rendered":"\n<p class=\"has-white-color has-accent-background-color has-text-color has-background has-link-color wp-elements-12db656bf7e3dd45b82fca378a858c1e\"><strong>Coordinaci\u00f3n general del evento<\/strong><\/p>\n\n\n\n<div id=\"wp-block-themeisle-blocks-icon-list-c004f77d\" class=\"wp-block-themeisle-blocks-icon-list\">\n<div id=\"wp-block-themeisle-blocks-icon-list-item-538a7959\" class=\"wp-block-themeisle-blocks-icon-list-item\"><img decoding=\"async\" src=\"https:\/\/tsie.utn.edu.ec\/2026\/wp-content\/uploads\/2026\/02\/LOGO-BARRA-SITIO-3.png\"\/><p class=\"wp-block-themeisle-blocks-icon-list-item-content\">Asociaci\u00f3n General de Profesores UTN.<\/p><\/div>\n<\/div>\n\n\n\n<p class=\"has-white-color has-accent-background-color has-text-color has-background has-link-color wp-elements-f224cb0c013b5dcc78560f19a8c59038\"><strong>Comit\u00e9 cient\u00edfico internacional<\/strong><\/p>\n\n\n\n<div id=\"wp-block-themeisle-blocks-icon-list-47f29987\" class=\"wp-block-themeisle-blocks-icon-list\">\n<div id=\"wp-block-themeisle-blocks-icon-list-item-2bed56b6\" class=\"wp-block-themeisle-blocks-icon-list-item\"><img decoding=\"async\" src=\"https:\/\/tsie.utn.edu.ec\/2026\/wp-content\/uploads\/2026\/02\/LOGO-BARRA-SITIO-3.png\"\/><p class=\"wp-block-themeisle-blocks-icon-list-item-content\">PhD. Sonia Casillas-Mart\u00edn. Universidad de Salamanca. Espa\u00f1a<\/p><\/div>\n\n\n\n<div id=\"wp-block-themeisle-blocks-icon-list-item-27b41afe\" class=\"wp-block-themeisle-blocks-icon-list-item\"><img decoding=\"async\" src=\"https:\/\/tsie.utn.edu.ec\/2026\/wp-content\/uploads\/2026\/02\/LOGO-BARRA-SITIO-3.png\"\/><p class=\"wp-block-themeisle-blocks-icon-list-item-content\">PhD. Marcos Cabezas- Gonz\u00e1lez. Universidad de Salamanca. Espa\u00f1a<\/p><\/div>\n\n\n\n<div id=\"wp-block-themeisle-blocks-icon-list-item-4459f3a1\" class=\"wp-block-themeisle-blocks-icon-list-item\"><img decoding=\"async\" src=\"https:\/\/tsie.utn.edu.ec\/2026\/wp-content\/uploads\/2026\/02\/LOGO-BARRA-SITIO-3.png\"\/><p class=\"wp-block-themeisle-blocks-icon-list-item-content\">PhD. Francisco Pe\u00f1alvo. Universidad de Salamanca. Espa\u00f1a<\/p><\/div>\n\n\n\n<div id=\"wp-block-themeisle-blocks-icon-list-item-5a4591e6\" class=\"wp-block-themeisle-blocks-icon-list-item\"><img decoding=\"async\" src=\"https:\/\/tsie.utn.edu.ec\/2026\/wp-content\/uploads\/2026\/02\/LOGO-BARRA-SITIO-3.png\"\/><p class=\"wp-block-themeisle-blocks-icon-list-item-content\">PhD. Maricarmen Caldeiro. Universidad Santiago de Compostela. Espa\u00f1a<\/p><\/div>\n\n\n\n<div id=\"wp-block-themeisle-blocks-icon-list-item-1039ff61\" class=\"wp-block-themeisle-blocks-icon-list-item\"><img decoding=\"async\" src=\"https:\/\/tsie.utn.edu.ec\/2026\/wp-content\/uploads\/2026\/02\/LOGO-BARRA-SITIO-3.png\"\/><p class=\"wp-block-themeisle-blocks-icon-list-item-content\">PhD. Denis Fern\u00e1ndez \u00c1lvares. Universidad de Cienfuegos. Cuba<\/p><\/div>\n\n\n\n<div id=\"wp-block-themeisle-blocks-icon-list-item-ba2b99c7\" class=\"wp-block-themeisle-blocks-icon-list-item\"><img decoding=\"async\" src=\"https:\/\/tsie.utn.edu.ec\/2026\/wp-content\/uploads\/2026\/02\/LOGO-BARRA-SITIO-3.png\"\/><p class=\"wp-block-themeisle-blocks-icon-list-item-content\">PhD. Ana Mar\u00eda Hern\u00e1ndez Carretero, Universidad de Extremadura. Espa\u00f1a.<\/p><\/div>\n\n\n\n<div id=\"wp-block-themeisle-blocks-icon-list-item-0c285d82\" class=\"wp-block-themeisle-blocks-icon-list-item\"><img decoding=\"async\" src=\"https:\/\/tsie.utn.edu.ec\/2026\/wp-content\/uploads\/2026\/02\/LOGO-BARRA-SITIO-3.png\"\/><p class=\"wp-block-themeisle-blocks-icon-list-item-content\">PhD. Carina Claudia Cabo, Universidad Nacional de Rosario. Argentina<\/p><\/div>\n\n\n\n<div id=\"wp-block-themeisle-blocks-icon-list-item-14a84c08\" class=\"wp-block-themeisle-blocks-icon-list-item\"><img decoding=\"async\" src=\"https:\/\/tsie.utn.edu.ec\/2026\/wp-content\/uploads\/2026\/02\/LOGO-BARRA-SITIO-3.png\"\/><p class=\"wp-block-themeisle-blocks-icon-list-item-content\">PhD. Anal\u00eda Ver\u00f3nica Caputto, Universidad Nacional de Rosario. Argentina<\/p><\/div>\n\n\n\n<div id=\"wp-block-themeisle-blocks-icon-list-item-410783fb\" class=\"wp-block-themeisle-blocks-icon-list-item\"><img decoding=\"async\" src=\"https:\/\/tsie.utn.edu.ec\/2026\/wp-content\/uploads\/2026\/02\/LOGO-BARRA-SITIO-3.png\"\/><p class=\"wp-block-themeisle-blocks-icon-list-item-content\">PhD(c). Andr\u00e9s Naranjo Vinueza. Universidad Salamanca. Espa\u00f1a<\/p><\/div>\n\n\n\n<div id=\"wp-block-themeisle-blocks-icon-list-item-21eefe38\" class=\"wp-block-themeisle-blocks-icon-list-item\"><img decoding=\"async\" src=\"https:\/\/tsie.utn.edu.ec\/2026\/wp-content\/uploads\/2026\/02\/LOGO-BARRA-SITIO-3.png\"\/><p class=\"wp-block-themeisle-blocks-icon-list-item-content\">PhD. Claudia Del Huerto Romero, Universidad Nacional de C\u00f3rdova. Argentina<\/p><\/div>\n\n\n\n<div id=\"wp-block-themeisle-blocks-icon-list-item-80ba1074\" class=\"wp-block-themeisle-blocks-icon-list-item\"><img decoding=\"async\" src=\"https:\/\/tsie.utn.edu.ec\/2026\/wp-content\/uploads\/2026\/02\/LOGO-BARRA-SITIO-3.png\"\/><p class=\"wp-block-themeisle-blocks-icon-list-item-content\">PhD. Alejandro Nu\u00f1ez Alberca, Universidad de San Mart\u00edn de Porres. Per\u00fa<\/p><\/div>\n\n\n\n<div id=\"wp-block-themeisle-blocks-icon-list-item-09849848\" class=\"wp-block-themeisle-blocks-icon-list-item\"><img decoding=\"async\" src=\"https:\/\/tsie.utn.edu.ec\/2026\/wp-content\/uploads\/2026\/02\/LOGO-BARRA-SITIO-3.png\"\/><p class=\"wp-block-themeisle-blocks-icon-list-item-content\">PhD. Walther Hern\u00e1n Casimiro Urcos, Universidad Nacional de Educaci\u00f3n. Per\u00fa<\/p><\/div>\n\n\n\n<div id=\"wp-block-themeisle-blocks-icon-list-item-bf7bb01b\" class=\"wp-block-themeisle-blocks-icon-list-item\"><img decoding=\"async\" src=\"https:\/\/tsie.utn.edu.ec\/2026\/wp-content\/uploads\/2026\/02\/LOGO-BARRA-SITIO-3.png\"\/><p class=\"wp-block-themeisle-blocks-icon-list-item-content\">PhD. Sof\u00eda Barr\u00f3n Abad, Universidad Internacional de Valencia. Espa\u00f1a<\/p><\/div>\n\n\n\n<div id=\"wp-block-themeisle-blocks-icon-list-item-1c3b1931\" class=\"wp-block-themeisle-blocks-icon-list-item\"><img decoding=\"async\" src=\"https:\/\/tsie.utn.edu.ec\/2026\/wp-content\/uploads\/2026\/02\/LOGO-BARRA-SITIO-3.png\"\/><p class=\"wp-block-themeisle-blocks-icon-list-item-content\">PhD. Juan Flores Preciado. Universidad de las Am\u00e9ricas y del Caribe. M\u00e9xico<\/p><\/div>\n\n\n\n<div id=\"wp-block-themeisle-blocks-icon-list-item-c203d563\" class=\"wp-block-themeisle-blocks-icon-list-item\"><img decoding=\"async\" src=\"https:\/\/tsie.utn.edu.ec\/2026\/wp-content\/uploads\/2026\/02\/LOGO-BARRA-SITIO-3.png\"\/><p class=\"wp-block-themeisle-blocks-icon-list-item-content\">PhD. Javier Mazeres. Universidad de Hu\u00e1naco. Per\u00fa<\/p><\/div>\n\n\n\n<div id=\"wp-block-themeisle-blocks-icon-list-item-95dd4ce2\" class=\"wp-block-themeisle-blocks-icon-list-item\"><img decoding=\"async\" src=\"https:\/\/tsie.utn.edu.ec\/2026\/wp-content\/uploads\/2026\/02\/LOGO-BARRA-SITIO-3.png\"\/><p class=\"wp-block-themeisle-blocks-icon-list-item-content\">MSc. Eugenia del Carmen Mora Quintana. Universidad de Cienfuegos. Cuba<\/p><\/div>\n<\/div>\n\n\n\n<p class=\"has-white-color has-accent-background-color has-text-color has-background has-link-color wp-elements-bdf91e6b72977fd66b75fa9294c58097\"><strong>Comit\u00e9 cient\u00edfico nacional<\/strong><\/p>\n\n\n\n<div id=\"wp-block-themeisle-blocks-icon-list-11fcd4d0\" class=\"wp-block-themeisle-blocks-icon-list\">\n<div id=\"wp-block-themeisle-blocks-icon-list-item-5a82efdf\" class=\"wp-block-themeisle-blocks-icon-list-item\"><img decoding=\"async\" src=\"https:\/\/tsie.utn.edu.ec\/2026\/wp-content\/uploads\/2026\/02\/LOGO-BARRA-SITIO-3.png\"\/><p class=\"wp-block-themeisle-blocks-icon-list-item-content\">PhD. Marlon Santiago Leal Paredes. Universidad de Otavalo. Ecuador<\/p><\/div>\n\n\n\n<div id=\"wp-block-themeisle-blocks-icon-list-item-0532baae\" class=\"wp-block-themeisle-blocks-icon-list-item\"><img decoding=\"async\" src=\"https:\/\/tsie.utn.edu.ec\/2026\/wp-content\/uploads\/2026\/02\/LOGO-BARRA-SITIO-3.png\"\/><p class=\"wp-block-themeisle-blocks-icon-list-item-content\">PhD. Pablo Andr\u00e9s Escand\u00f3n Montenegro. Universidad Andina Sim\u00f3n Bol\u00edvar, sede Ecuador. Ecuador<\/p><\/div>\n\n\n\n<div id=\"wp-block-themeisle-blocks-icon-list-item-03a44e5b\" class=\"wp-block-themeisle-blocks-icon-list-item\"><img decoding=\"async\" src=\"https:\/\/tsie.utn.edu.ec\/2026\/wp-content\/uploads\/2026\/02\/LOGO-BARRA-SITIO-3.png\"\/><p class=\"wp-block-themeisle-blocks-icon-list-item-content\">PhD. Ana Mar\u00eda Beltr\u00e1n Flandoli. Universidad T\u00e9cnica Particular de Loja. Ecuador<\/p><\/div>\n\n\n\n<div id=\"wp-block-themeisle-blocks-icon-list-item-63d5c245\" class=\"wp-block-themeisle-blocks-icon-list-item\"><img decoding=\"async\" src=\"https:\/\/tsie.utn.edu.ec\/2026\/wp-content\/uploads\/2026\/02\/LOGO-BARRA-SITIO-3.png\"\/><p class=\"wp-block-themeisle-blocks-icon-list-item-content\">PhD. H\u00e9ctor Tapia Ram\u00edrez. Universidad de Otavalo. Ecuador<\/p><\/div>\n\n\n\n<div id=\"wp-block-themeisle-blocks-icon-list-item-ad79a233\" class=\"wp-block-themeisle-blocks-icon-list-item\"><img decoding=\"async\" src=\"https:\/\/tsie.utn.edu.ec\/2026\/wp-content\/uploads\/2026\/02\/LOGO-BARRA-SITIO-3.png\"\/><p class=\"wp-block-themeisle-blocks-icon-list-item-content\">PhD. Bel\u00e9n Amador Rodr\u00edguez. Universidad T\u00e9cnica Luis Vargas Torres de Esmeraldas. Ecuador<\/p><\/div>\n\n\n\n<div id=\"wp-block-themeisle-blocks-icon-list-item-e31a0a3c\" class=\"wp-block-themeisle-blocks-icon-list-item\"><img decoding=\"async\" src=\"https:\/\/tsie.utn.edu.ec\/2026\/wp-content\/uploads\/2026\/02\/LOGO-BARRA-SITIO-3.png\"\/><p class=\"wp-block-themeisle-blocks-icon-list-item-content\">PhD. Diego Alfonso Almeida Gal\u00e1rraga. Universidad Yachay Tech. Ecuador<\/p><\/div>\n\n\n\n<div id=\"wp-block-themeisle-blocks-icon-list-item-be0d6943\" class=\"wp-block-themeisle-blocks-icon-list-item\"><img decoding=\"async\" src=\"https:\/\/tsie.utn.edu.ec\/2026\/wp-content\/uploads\/2026\/02\/LOGO-BARRA-SITIO-3.png\"\/><p class=\"wp-block-themeisle-blocks-icon-list-item-content\">PhD. Christian Andr\u00e9s Tirado Espin. Universidad Yachay Tech. Ecuador<\/p><\/div>\n\n\n\n<div id=\"wp-block-themeisle-blocks-icon-list-item-e46b6f61\" class=\"wp-block-themeisle-blocks-icon-list-item\"><img decoding=\"async\" src=\"https:\/\/tsie.utn.edu.ec\/2026\/wp-content\/uploads\/2026\/02\/LOGO-BARRA-SITIO-3.png\"\/><p class=\"wp-block-themeisle-blocks-icon-list-item-content\">PhD. Miguel Naranjo-Toro. Universidad T\u00e9cnica del Norte. Ecuador<\/p><\/div>\n\n\n\n<div id=\"wp-block-themeisle-blocks-icon-list-item-590ffae7\" class=\"wp-block-themeisle-blocks-icon-list-item\"><img decoding=\"async\" src=\"https:\/\/tsie.utn.edu.ec\/2026\/wp-content\/uploads\/2026\/02\/LOGO-BARRA-SITIO-3.png\"\/><p class=\"wp-block-themeisle-blocks-icon-list-item-content\">PhD. Alexandra Mina. Universidad T\u00e9cnica del Norte. Ecuador<\/p><\/div>\n\n\n\n<div id=\"wp-block-themeisle-blocks-icon-list-item-2227bd0f\" class=\"wp-block-themeisle-blocks-icon-list-item\"><img decoding=\"async\" src=\"https:\/\/tsie.utn.edu.ec\/2026\/wp-content\/uploads\/2026\/02\/LOGO-BARRA-SITIO-3.png\"\/><p class=\"wp-block-themeisle-blocks-icon-list-item-content\">PhD. Nhora Magdalena Ben\u00edtez Bastidas. Universidad T\u00e9cnica del Norte. Ecuador<\/p><\/div>\n\n\n\n<div id=\"wp-block-themeisle-blocks-icon-list-item-b45b5cd8\" class=\"wp-block-themeisle-blocks-icon-list-item\"><img decoding=\"async\" src=\"https:\/\/tsie.utn.edu.ec\/2026\/wp-content\/uploads\/2026\/02\/LOGO-BARRA-SITIO-3.png\"\/><p class=\"wp-block-themeisle-blocks-icon-list-item-content\">PhD. Carla Alexandra Yand\u00fan Cartagena. Universidad T\u00e9cnica del Norte. Ecuador<\/p><\/div>\n\n\n\n<div id=\"wp-block-themeisle-blocks-icon-list-item-ca187cd0\" class=\"wp-block-themeisle-blocks-icon-list-item\"><img decoding=\"async\" src=\"https:\/\/tsie.utn.edu.ec\/2026\/wp-content\/uploads\/2026\/02\/LOGO-BARRA-SITIO-3.png\"\/><p class=\"wp-block-themeisle-blocks-icon-list-item-content\">PhD. Andrea Basantes Andrade. Universidad T\u00e9cnica del Norte. Ecuador<\/p><\/div>\n\n\n\n<div id=\"wp-block-themeisle-blocks-icon-list-item-181285f1\" class=\"wp-block-themeisle-blocks-icon-list-item\"><img decoding=\"async\" src=\"https:\/\/tsie.utn.edu.ec\/2026\/wp-content\/uploads\/2026\/02\/LOGO-BARRA-SITIO-3.png\"\/><p class=\"wp-block-themeisle-blocks-icon-list-item-content\">PhD. Ana Mar\u00eda Larrea Ayala. Universidad T\u00e9cnica del Norte. Ecuador<\/p><\/div>\n\n\n\n<div id=\"wp-block-themeisle-blocks-icon-list-item-71d8e09b\" class=\"wp-block-themeisle-blocks-icon-list-item\"><img decoding=\"async\" src=\"https:\/\/tsie.utn.edu.ec\/2026\/wp-content\/uploads\/2026\/02\/LOGO-BARRA-SITIO-3.png\"\/><p class=\"wp-block-themeisle-blocks-icon-list-item-content\">PhD. Luz Marina Pereira Gonz\u00e1lez. Universidad T\u00e9cnica del Norte. Ecuador<\/p><\/div>\n\n\n\n<div id=\"wp-block-themeisle-blocks-icon-list-item-4042835b\" class=\"wp-block-themeisle-blocks-icon-list-item\"><img decoding=\"async\" src=\"https:\/\/tsie.utn.edu.ec\/2026\/wp-content\/uploads\/2026\/02\/LOGO-BARRA-SITIO-3.png\"\/><p class=\"wp-block-themeisle-blocks-icon-list-item-content\">PhD. Henry Rafael Cadena Povea. Universidad T\u00e9cnica del Norte. Ecuador<\/p><\/div>\n\n\n\n<div id=\"wp-block-themeisle-blocks-icon-list-item-a0e90203\" class=\"wp-block-themeisle-blocks-icon-list-item\"><img decoding=\"async\" src=\"https:\/\/tsie.utn.edu.ec\/2026\/wp-content\/uploads\/2026\/02\/LOGO-BARRA-SITIO-3.png\"\/><p class=\"wp-block-themeisle-blocks-icon-list-item-content\">PhD. Cathy Pamela Guevara Vega. Universidad T\u00e9cnica del Norte. Ecuador<\/p><\/div>\n\n\n\n<div id=\"wp-block-themeisle-blocks-icon-list-item-8b504c4c\" class=\"wp-block-themeisle-blocks-icon-list-item\"><img decoding=\"async\" src=\"https:\/\/tsie.utn.edu.ec\/2026\/wp-content\/uploads\/2026\/02\/LOGO-BARRA-SITIO-3.png\"\/><p class=\"wp-block-themeisle-blocks-icon-list-item-content\">PhD. Sandra Guevara-Betancourt. Universidad T\u00e9cnica del Norte. Ecuador<\/p><\/div>\n\n\n\n<div id=\"wp-block-themeisle-blocks-icon-list-item-a19c782a\" class=\"wp-block-themeisle-blocks-icon-list-item\"><img decoding=\"async\" src=\"https:\/\/tsie.utn.edu.ec\/2026\/wp-content\/uploads\/2026\/02\/LOGO-BARRA-SITIO-3.png\"\/><p class=\"wp-block-themeisle-blocks-icon-list-item-content\">PhD. Claudia Alicia Ruiz Chagna. Universidad T\u00e9cnica del Norte. Ecuador<\/p><\/div>\n\n\n\n<div id=\"wp-block-themeisle-blocks-icon-list-item-29ba58aa\" class=\"wp-block-themeisle-blocks-icon-list-item\"><img decoding=\"async\" src=\"https:\/\/tsie.utn.edu.ec\/2026\/wp-content\/uploads\/2026\/02\/LOGO-BARRA-SITIO-3.png\"\/><p class=\"wp-block-themeisle-blocks-icon-list-item-content\">PhD. Jose Ali Moncada Rangel. Universidad T\u00e9cnica del Norte. Ecuador<\/p><\/div>\n\n\n\n<div id=\"wp-block-themeisle-blocks-icon-list-item-abb6b65a\" class=\"wp-block-themeisle-blocks-icon-list-item\"><img decoding=\"async\" src=\"https:\/\/tsie.utn.edu.ec\/2026\/wp-content\/uploads\/2026\/02\/LOGO-BARRA-SITIO-3.png\"\/><p class=\"wp-block-themeisle-blocks-icon-list-item-content\">PhD. Lorena Toro Mayorga. Universidad T\u00e9cnica del Norte. Ecuador<\/p><\/div>\n\n\n\n<div id=\"wp-block-themeisle-blocks-icon-list-item-3122ecf4\" class=\"wp-block-themeisle-blocks-icon-list-item\"><img decoding=\"async\" src=\"https:\/\/tsie.utn.edu.ec\/2026\/wp-content\/uploads\/2026\/02\/LOGO-BARRA-SITIO-3.png\"\/><p class=\"wp-block-themeisle-blocks-icon-list-item-content\">PhD. Jos\u00e9 Antonio Qui\u00f1a Mera. Universidad T\u00e9cnica del Norte. Ecuador<\/p><\/div>\n\n\n\n<div id=\"wp-block-themeisle-blocks-icon-list-item-9f40292f\" class=\"wp-block-themeisle-blocks-icon-list-item\"><img decoding=\"async\" src=\"https:\/\/tsie.utn.edu.ec\/2026\/wp-content\/uploads\/2026\/02\/LOGO-BARRA-SITIO-3.png\"\/><p class=\"wp-block-themeisle-blocks-icon-list-item-content\">PhD. Brizeida G\u00e1mez Aparicio. Universidad T\u00e9cnica del Norte. Ecuador<\/p><\/div>\n\n\n\n<div id=\"wp-block-themeisle-blocks-icon-list-item-26b58694\" class=\"wp-block-themeisle-blocks-icon-list-item\"><img decoding=\"async\" src=\"https:\/\/tsie.utn.edu.ec\/2026\/wp-content\/uploads\/2026\/02\/LOGO-BARRA-SITIO-3.png\"\/><p class=\"wp-block-themeisle-blocks-icon-list-item-content\">PhD. Nelly Patricia Acosta Ortiz. Universidad T\u00e9cnica del Norte. Ecuador<\/p><\/div>\n\n\n\n<div id=\"wp-block-themeisle-blocks-icon-list-item-3f363f5b\" class=\"wp-block-themeisle-blocks-icon-list-item\"><img decoding=\"async\" src=\"https:\/\/tsie.utn.edu.ec\/2026\/wp-content\/uploads\/2026\/02\/LOGO-BARRA-SITIO-3.png\"\/><p class=\"wp-block-themeisle-blocks-icon-list-item-content\">PhD. Adriana Elizabeth Aroca F\u00e1rez. Universidad T\u00e9cnica del Norte. Ecuador<\/p><\/div>\n\n\n\n<div id=\"wp-block-themeisle-blocks-icon-list-item-a8b8db37\" class=\"wp-block-themeisle-blocks-icon-list-item\"><img decoding=\"async\" src=\"https:\/\/tsie.utn.edu.ec\/2026\/wp-content\/uploads\/2026\/02\/LOGO-BARRA-SITIO-3.png\"\/><p class=\"wp-block-themeisle-blocks-icon-list-item-content\">PhD. Jessica Paola Mantilla Salgado. Universidad T\u00e9cnica del Norte. Ecuador<\/p><\/div>\n\n\n\n<div id=\"wp-block-themeisle-blocks-icon-list-item-ee7bb583\" class=\"wp-block-themeisle-blocks-icon-list-item\"><img decoding=\"async\" src=\"https:\/\/tsie.utn.edu.ec\/2026\/wp-content\/uploads\/2026\/02\/LOGO-BARRA-SITIO-3.png\"\/><p class=\"wp-block-themeisle-blocks-icon-list-item-content\">PhD. Frank Guerra. Universidad T\u00e9cnica del Norte, Ecuador.<\/p><\/div>\n\n\n\n<div id=\"wp-block-themeisle-blocks-icon-list-item-8e3d9e2b\" class=\"wp-block-themeisle-blocks-icon-list-item\"><img decoding=\"async\" src=\"https:\/\/tsie.utn.edu.ec\/2026\/wp-content\/uploads\/2026\/02\/LOGO-BARRA-SITIO-3.png\"\/><p class=\"wp-block-themeisle-blocks-icon-list-item-content\">MSc. Jos\u00e9 Luciano Revelo Ruiz. Universidad T\u00e9cnica del Norte. Ecuador<\/p><\/div>\n\n\n\n<div id=\"wp-block-themeisle-blocks-icon-list-item-86425bdd\" class=\"wp-block-themeisle-blocks-icon-list-item\"><img decoding=\"async\" src=\"https:\/\/tsie.utn.edu.ec\/2026\/wp-content\/uploads\/2026\/02\/LOGO-BARRA-SITIO-3.png\"\/><p class=\"wp-block-themeisle-blocks-icon-list-item-content\">MSc. Ramiro Carrascal. Universidad T\u00e9cnica del Norte. Ecuador<\/p><\/div>\n\n\n\n<div id=\"wp-block-themeisle-blocks-icon-list-item-8e8523bb\" class=\"wp-block-themeisle-blocks-icon-list-item\"><img decoding=\"async\" src=\"https:\/\/tsie.utn.edu.ec\/2026\/wp-content\/uploads\/2026\/02\/LOGO-BARRA-SITIO-3.png\"\/><p class=\"wp-block-themeisle-blocks-icon-list-item-content\">MSc. Carolina Guzm\u00e1n Cevallos. Universidad T\u00e9cnica del Norte. Ecuador<\/p><\/div>\n\n\n\n<div id=\"wp-block-themeisle-blocks-icon-list-item-500521ed\" class=\"wp-block-themeisle-blocks-icon-list-item\"><img decoding=\"async\" src=\"https:\/\/tsie.utn.edu.ec\/2026\/wp-content\/uploads\/2026\/02\/LOGO-BARRA-SITIO-3.png\"\/><p class=\"wp-block-themeisle-blocks-icon-list-item-content\">MSc. David Ortiz. Universidad T\u00e9cnica del Norte. Ecuador<\/p><\/div>\n\n\n\n<div id=\"wp-block-themeisle-blocks-icon-list-item-a7b23a2e\" class=\"wp-block-themeisle-blocks-icon-list-item\"><img decoding=\"async\" src=\"https:\/\/tsie.utn.edu.ec\/2026\/wp-content\/uploads\/2026\/02\/LOGO-BARRA-SITIO-3.png\"\/><p class=\"wp-block-themeisle-blocks-icon-list-item-content\">Msc. Edison D\u00edaz. Universidad T\u00e9cnica del Norte. Ecuador<\/p><\/div>\n\n\n\n<div id=\"wp-block-themeisle-blocks-icon-list-item-51c49b8f\" class=\"wp-block-themeisle-blocks-icon-list-item\"><img decoding=\"async\" src=\"https:\/\/tsie.utn.edu.ec\/2026\/wp-content\/uploads\/2026\/02\/LOGO-BARRA-SITIO-3.png\"\/><p class=\"wp-block-themeisle-blocks-icon-list-item-content\">Msc. Marcelo Cervantes. Universidad T\u00e9cnica del Norte. Ecuador<\/p><\/div>\n\n\n\n<div id=\"wp-block-themeisle-blocks-icon-list-item-c14697af\" class=\"wp-block-themeisle-blocks-icon-list-item\"><img decoding=\"async\" src=\"https:\/\/tsie.utn.edu.ec\/2026\/wp-content\/uploads\/2026\/02\/LOGO-BARRA-SITIO-3.png\"\/><p class=\"wp-block-themeisle-blocks-icon-list-item-content\">Msc. Marco Antonio Hern\u00e1ndez. Universidad T\u00e9cnica del Norte. Ecuador<\/p><\/div>\n\n\n\n<div id=\"wp-block-themeisle-blocks-icon-list-item-59a2d0b4\" class=\"wp-block-themeisle-blocks-icon-list-item\"><img decoding=\"async\" src=\"https:\/\/tsie.utn.edu.ec\/2026\/wp-content\/uploads\/2026\/02\/LOGO-BARRA-SITIO-3.png\"\/><p class=\"wp-block-themeisle-blocks-icon-list-item-content\">Msc. Darwin Mafla. Universidad T\u00e9cnica del Norte. Ecuador<\/p><\/div>\n\n\n\n<div id=\"wp-block-themeisle-blocks-icon-list-item-6255c91d\" class=\"wp-block-themeisle-blocks-icon-list-item\"><img decoding=\"async\" src=\"https:\/\/tsie.utn.edu.ec\/2026\/wp-content\/uploads\/2026\/02\/LOGO-BARRA-SITIO-3.png\"\/><p class=\"wp-block-themeisle-blocks-icon-list-item-content\">MSc. Santiago Loaiza. Universidad T\u00e9cnica del Norte. Ecuador<\/p><\/div>\n\n\n\n<div id=\"wp-block-themeisle-blocks-icon-list-item-3317b558\" class=\"wp-block-themeisle-blocks-icon-list-item\"><img decoding=\"async\" src=\"https:\/\/tsie.utn.edu.ec\/2026\/wp-content\/uploads\/2026\/02\/LOGO-BARRA-SITIO-3.png\"\/><p class=\"wp-block-themeisle-blocks-icon-list-item-content\">MSc. Andrea Jhaneth Vaca Vaca. Universidad T\u00e9cnica del Norte. Ecuador<\/p><\/div>\n\n\n\n<div id=\"wp-block-themeisle-blocks-icon-list-item-d0129882\" class=\"wp-block-themeisle-blocks-icon-list-item\"><img decoding=\"async\" src=\"https:\/\/tsie.utn.edu.ec\/2026\/wp-content\/uploads\/2026\/02\/LOGO-BARRA-SITIO-3.png\"\/><p class=\"wp-block-themeisle-blocks-icon-list-item-content\">MSc. Virna Isabel Acosta Paredes. Universidad T\u00e9cnica del Norte. Ecuador<\/p><\/div>\n\n\n\n<div id=\"wp-block-themeisle-blocks-icon-list-item-38b350aa\" class=\"wp-block-themeisle-blocks-icon-list-item\"><img decoding=\"async\" src=\"https:\/\/tsie.utn.edu.ec\/2026\/wp-content\/uploads\/2026\/02\/LOGO-BARRA-SITIO-3.png\"\/><p class=\"wp-block-themeisle-blocks-icon-list-item-content\">MSc. Armando Fabricio Rosero Vaca. Universidad T\u00e9cnica del Norte. Ecuador<\/p><\/div>\n\n\n\n<div id=\"wp-block-themeisle-blocks-icon-list-item-66359b9d\" class=\"wp-block-themeisle-blocks-icon-list-item\"><img decoding=\"async\" src=\"https:\/\/tsie.utn.edu.ec\/2026\/wp-content\/uploads\/2026\/02\/LOGO-BARRA-SITIO-3.png\"\/><p class=\"wp-block-themeisle-blocks-icon-list-item-content\">MSc. Manuel Alfredo Mont\u00fafar Flores. Universidad T\u00e9cnica del Norte. Ecuador<\/p><\/div>\n\n\n\n<div id=\"wp-block-themeisle-blocks-icon-list-item-fa118e77\" class=\"wp-block-themeisle-blocks-icon-list-item\"><img decoding=\"async\" src=\"https:\/\/tsie.utn.edu.ec\/2026\/wp-content\/uploads\/2026\/02\/LOGO-BARRA-SITIO-3.png\"\/><p class=\"wp-block-themeisle-blocks-icon-list-item-content\">MSc. Saud Yarad Salguero. Universidad T\u00e9cnica del Norte. Ecuador<\/p><\/div>\n\n\n\n<div id=\"wp-block-themeisle-blocks-icon-list-item-422999b9\" class=\"wp-block-themeisle-blocks-icon-list-item\"><img decoding=\"async\" src=\"https:\/\/tsie.utn.edu.ec\/2026\/wp-content\/uploads\/2026\/02\/LOGO-BARRA-SITIO-3.png\"\/><p class=\"wp-block-themeisle-blocks-icon-list-item-content\">Msc. Ver\u00f3nica Zambrano. Universidad T\u00e9cnica del Norte. Ecuador<\/p><\/div>\n\n\n\n<div id=\"wp-block-themeisle-blocks-icon-list-item-9abb45f0\" class=\"wp-block-themeisle-blocks-icon-list-item\"><img decoding=\"async\" src=\"https:\/\/tsie.utn.edu.ec\/2026\/wp-content\/uploads\/2026\/02\/LOGO-BARRA-SITIO-3.png\"\/><p class=\"wp-block-themeisle-blocks-icon-list-item-content\">Msc. Jaime Portilla. Universidad T\u00e9cnica del Norte. Ecuador<\/p><\/div>\n\n\n\n<div id=\"wp-block-themeisle-blocks-icon-list-item-5c2b7015\" class=\"wp-block-themeisle-blocks-icon-list-item\"><img decoding=\"async\" src=\"https:\/\/tsie.utn.edu.ec\/2026\/wp-content\/uploads\/2026\/02\/LOGO-BARRA-SITIO-3.png\"\/><p class=\"wp-block-themeisle-blocks-icon-list-item-content\">MSc. Lorena Jaramillo Mediavilla. Universidad T\u00e9cnica del Norte. Ecuador<\/p><\/div>\n\n\n\n<div id=\"wp-block-themeisle-blocks-icon-list-item-f3108f9a\" class=\"wp-block-themeisle-blocks-icon-list-item\"><img decoding=\"async\" src=\"https:\/\/tsie.utn.edu.ec\/2026\/wp-content\/uploads\/2026\/02\/LOGO-BARRA-SITIO-3.png\"\/><p class=\"wp-block-themeisle-blocks-icon-list-item-content\">Msc. Mar\u00eda Jos\u00e9 Torres. Universidad T\u00e9cnica del Norte. Ecuador<\/p><\/div>\n\n\n\n<div id=\"wp-block-themeisle-blocks-icon-list-item-d85e0599\" class=\"wp-block-themeisle-blocks-icon-list-item\"><img decoding=\"async\" src=\"https:\/\/tsie.utn.edu.ec\/2026\/wp-content\/uploads\/2026\/02\/LOGO-BARRA-SITIO-3.png\"\/><p class=\"wp-block-themeisle-blocks-icon-list-item-content\">MSc. Alex Israel N\u00fa\u00f1ez S\u00e1nchez. Universidad T\u00e9cnica del Norte. Ecuador<\/p><\/div>\n<\/div>\n","protected":false},"excerpt":{"rendered":"<p>Coordinaci\u00f3n general del evento Comit\u00e9 cient\u00edfico internacional Comit\u00e9 cient\u00edfico nacional<\/p>\n","protected":false},"author":2,"featured_media":0,"parent":0,"menu_order":0,"comment_status":"closed","ping_status":"closed","template":"","meta":{"om_disable_all_campaigns":false,"_monsterinsights_skip_tracking":false,"_monsterinsights_sitenote_active":false,"_monsterinsights_sitenote_note":"","_monsterinsights_sitenote_category":0,"_themeisle_gutenberg_block_has_review":false,"footnotes":""},"class_list":["post-19","page","type-page","status-publish","hentry"],"aioseo_notices":[],"_links":{"self":[{"href":"https:\/\/tsie.utn.edu.ec\/2026\/wp-json\/wp\/v2\/pages\/19","targetHints":{"allow":["GET"]}}],"collection":[{"href":"https:\/\/tsie.utn.edu.ec\/2026\/wp-json\/wp\/v2\/pages"}],"about":[{"href":"https:\/\/tsie.utn.edu.ec\/2026\/wp-json\/wp\/v2\/types\/page"}],"author":[{"embeddable":true,"href":"https:\/\/tsie.utn.edu.ec\/2026\/wp-json\/wp\/v2\/users\/2"}],"replies":[{"embeddable":true,"href":"https:\/\/tsie.utn.edu.ec\/2026\/wp-json\/wp\/v2\/comments?post=19"}],"version-history":[{"count":3,"href":"https:\/\/tsie.utn.edu.ec\/2026\/wp-json\/wp\/v2\/pages\/19\/revisions"}],"predecessor-version":[{"id":810,"href":"https:\/\/tsie.utn.edu.ec\/2026\/wp-json\/wp\/v2\/pages\/19\/revisions\/810"}],"wp:attachment":[{"href":"https:\/\/tsie.utn.edu.ec\/2026\/wp-json\/wp\/v2\/media?parent=19"}],"curies":[{"name":"wp","href":"https:\/\/api.w.org\/{rel}","templated":true}]}}