{"id":25,"date":"2026-01-12T13:19:42","date_gmt":"2026-01-12T18:19:42","guid":{"rendered":"https:\/\/tsie.utn.edu.ec\/2026\/?page_id=25"},"modified":"2026-04-22T12:52:48","modified_gmt":"2026-04-22T17:52:48","slug":"inscripcion-pago","status":"publish","type":"page","link":"https:\/\/tsie.utn.edu.ec\/2026\/inscripcion-pago\/","title":{"rendered":"INVERSI\u00d3N"},"content":{"rendered":"\n<p class=\"has-accent-color has-text-color has-link-color wp-elements-d4b4504e6e41ff35e5ca7ef6c26d6553\"><strong>La inscripci\u00f3n incluye:<\/strong><\/p>\n\n\n\n<ul class=\"wp-block-list\">\n<li>Acceso a las conferencias magistrales (en vivo y virtuales).<\/li>\n\n\n\n<li>Acceso a los espacios cient\u00edficos (Carteles culturales, p\u00f3ster cient\u00edficos, producci\u00f3n audiovisual).<\/li>\n\n\n\n<li>Acceso a Conferencias Experienciales Especializadas.<\/li>\n\n\n\n<li>Constancia de asistencia con acreditaci\u00f3n acad\u00e9mica.<\/li>\n\n\n\n<li>Constancia de participaci\u00f3n\/expositor (si presenta) con acreditaci\u00f3n acad\u00e9mica.<\/li>\n\n\n\n<li>Memorias del Congreso con ISBN.<\/li>\n<\/ul>\n\n\n\n<p><strong>Potencia tu perfil, transforma tu entorno.<\/strong>  Obt\u00e9n acceso exclusivo a ponentes internacionales y <strong>certifica tu participaci\u00f3n<\/strong> en el evento acad\u00e9mico del a\u00f1o.<\/p>\n\n\n\n<div class=\"wp-block-columns is-layout-flex wp-container-core-columns-is-layout-28f84493 wp-block-columns-is-layout-flex\">\n<div class=\"wp-block-column is-layout-flow wp-block-column-is-layout-flow\" style=\"flex-basis:60px\"><\/div>\n\n\n\n<div class=\"wp-block-column is-layout-flow wp-block-column-is-layout-flow\">\n<figure class=\"wp-block-table is-style-regular\"><table class=\"has-border-color has-black-border-color has-fixed-layout\" style=\"border-width:1px\"><tbody><tr><td><strong>CATEGOR\u00cdA DE PARTICIPANTE<\/strong><\/td><td class=\"has-text-align-center\" data-align=\"center\"><strong>MODALIDAD DE PARTICIPACI\u00d3N<\/strong><\/td><td class=\"has-text-align-center\" data-align=\"center\"><strong>VALOR UNITARIO (USD)<\/strong><\/td><\/tr><tr><td rowspan=\"5\"><strong>Estudiantes (UTN<\/strong><\/td><td class=\"has-text-align-center\" data-align=\"center\">Asistencia general.<\/td><td class=\"has-text-align-center\" data-align=\"center\"><strong>$25.00<\/strong><\/td><\/tr><tr><td>Presentaci\u00f3n de Ponencia<\/td><td class=\"has-text-align-center\" data-align=\"center\"><strong>$25.00<\/strong><\/td><\/tr><tr><td>Presentaci\u00f3n de P\u00f3ster Cient\u00edfico.<\/td><td class=\"has-text-align-center\" data-align=\"center\"><strong>$25.00<\/strong><\/td><\/tr><tr><td>Presentaci\u00f3n de Cartel Cultural.<\/td><td class=\"has-text-align-center\" data-align=\"center\"><strong>$25.00<\/strong><\/td><\/tr><tr><td>Presentaci\u00f3n de Producto Audiovisual.<\/td><td class=\"has-text-align-center\" data-align=\"center\"><strong>$25.00<\/strong><\/td><\/tr><tr><td colspan=\"3\"><strong>Con tu inscripci\u00f3n en cualquiera de las modalidades obtienes el certificado de asistencia (cumpliendo el porcentaje m\u00ednimo requerido de participaci\u00f3n). Recuerda que recibes el 20 % de descuento al participar en dos o &nbsp;m\u00e1s modalidades de participaci\u00f3n.<\/strong><\/td><\/tr><tr><td><strong>CATEGOR\u00cdA DE PARTICIPANTE<\/strong><\/td><td class=\"has-text-align-center\" data-align=\"center\"><strong>MODALIDAD DE PARTICIPACI\u00d3N<\/strong><\/td><td class=\"has-text-align-center\" data-align=\"center\"><strong>VALOR UNITARIO (USD)<\/strong><\/td><\/tr><tr><td rowspan=\"5\"><strong>Estudiantes Externos<\/strong><\/td><td class=\"has-text-align-center\" data-align=\"center\">Asistencia general.<\/td><td class=\"has-text-align-center\" data-align=\"center\"><strong>$40.00<\/strong><\/td><\/tr><tr><td>Presentaci\u00f3n de Ponencia<\/td><td class=\"has-text-align-center\" data-align=\"center\"><strong>$40.00<\/strong><\/td><\/tr><tr><td>Presentaci\u00f3n de P\u00f3ster Cient\u00edfico.<\/td><td class=\"has-text-align-center\" data-align=\"center\"><strong>$40.00<\/strong><\/td><\/tr><tr><td>Presentaci\u00f3n de Cartel Cultural.<\/td><td class=\"has-text-align-center\" data-align=\"center\"><strong>$40.00<\/strong><\/td><\/tr><tr><td>Presentaci\u00f3n de Producto Audiovisual.<\/td><td class=\"has-text-align-center\" data-align=\"center\"><strong>$40.00<\/strong><\/td><\/tr><tr><td colspan=\"3\"><strong>Con tu inscripci\u00f3n en cualquiera de las modalidades obtienes el certificado de asistencia (cumpliendo el porcentaje m\u00ednimo requerido de participaci\u00f3n). Recuerda que recibes el 20 % de descuento al participar en dos o&nbsp; m\u00e1s modalidades de participaci\u00f3n.<\/strong><\/td><\/tr><tr><td><strong>CATEGOR\u00cdA DE PARTICIPANTE<\/strong><\/td><td class=\"has-text-align-center\" data-align=\"center\"><strong>MODALIDAD DE PARTICIPACI\u00d3N<\/strong><\/td><td class=\"has-text-align-center\" data-align=\"center\"><strong>VALOR UNITARIO (USD)<\/strong><\/td><\/tr><tr><td rowspan=\"5\"><strong>Docentes y Profesionales<\/strong> (UTN y Externos)<\/td><td class=\"has-text-align-center\" data-align=\"center\">Asistencia general.<\/td><td class=\"has-text-align-center\" data-align=\"center\"><strong>$50.00<\/strong><\/td><\/tr><tr><td>Presentaci\u00f3n de Ponencia<\/td><td class=\"has-text-align-center\" data-align=\"center\"><strong>$50.00<\/strong><\/td><\/tr><tr><td>Presentaci\u00f3n de P\u00f3ster Cient\u00edfico.<\/td><td class=\"has-text-align-center\" data-align=\"center\"><strong>$50.00<\/strong><\/td><\/tr><tr><td>Presentaci\u00f3n de Cartel Cultural.<\/td><td class=\"has-text-align-center\" data-align=\"center\"><strong>$50.00<\/strong><\/td><\/tr><tr><td>Presentaci\u00f3n de Producto Audiovisual.<\/td><td class=\"has-text-align-center\" data-align=\"center\"><strong>$50.00<\/strong><\/td><\/tr><tr><td colspan=\"3\"><strong>Con tu inscripci\u00f3n en cualquiera de las modalidades obtienes el certificado de asistencia (cumpliendo el porcentaje m\u00ednimo requerido de participaci\u00f3n). Recuerda que recibes el 20 % de descuento al participar en dos o&nbsp; m\u00e1s modalidades de participaci\u00f3n.<\/strong><\/td><\/tr><\/tbody><\/table><\/figure>\n<\/div>\n\n\n\n<div class=\"wp-block-column is-layout-flow wp-block-column-is-layout-flow\" style=\"flex-basis:60px\"><\/div>\n<\/div>\n","protected":false},"excerpt":{"rendered":"<p>La inscripci\u00f3n incluye: Potencia tu perfil, transforma tu entorno. Obt\u00e9n acceso exclusivo a ponentes internacionales y certifica tu participaci\u00f3n en el evento acad\u00e9mico del a\u00f1o. CATEGOR\u00cdA DE PARTICIPANTE MODALIDAD DE PARTICIPACI\u00d3N VALOR UNITARIO (USD) Estudiantes (UTN Asistencia general. $25.00 Presentaci\u00f3n de Ponencia $25.00 Presentaci\u00f3n de P\u00f3ster Cient\u00edfico. $25.00 Presentaci\u00f3n de [&hellip;]<\/p>\n","protected":false},"author":2,"featured_media":0,"parent":0,"menu_order":0,"comment_status":"closed","ping_status":"closed","template":"","meta":{"om_disable_all_campaigns":false,"_monsterinsights_skip_tracking":false,"_monsterinsights_sitenote_active":false,"_monsterinsights_sitenote_note":"","_monsterinsights_sitenote_category":0,"_themeisle_gutenberg_block_has_review":false,"footnotes":""},"class_list":["post-25","page","type-page","status-publish","hentry"],"aioseo_notices":[],"_links":{"self":[{"href":"https:\/\/tsie.utn.edu.ec\/2026\/wp-json\/wp\/v2\/pages\/25","targetHints":{"allow":["GET"]}}],"collection":[{"href":"https:\/\/tsie.utn.edu.ec\/2026\/wp-json\/wp\/v2\/pages"}],"about":[{"href":"https:\/\/tsie.utn.edu.ec\/2026\/wp-json\/wp\/v2\/types\/page"}],"author":[{"embeddable":true,"href":"https:\/\/tsie.utn.edu.ec\/2026\/wp-json\/wp\/v2\/users\/2"}],"replies":[{"embeddable":true,"href":"https:\/\/tsie.utn.edu.ec\/2026\/wp-json\/wp\/v2\/comments?post=25"}],"version-history":[{"count":3,"href":"https:\/\/tsie.utn.edu.ec\/2026\/wp-json\/wp\/v2\/pages\/25\/revisions"}],"predecessor-version":[{"id":788,"href":"https:\/\/tsie.utn.edu.ec\/2026\/wp-json\/wp\/v2\/pages\/25\/revisions\/788"}],"wp:attachment":[{"href":"https:\/\/tsie.utn.edu.ec\/2026\/wp-json\/wp\/v2\/media?parent=25"}],"curies":[{"name":"wp","href":"https:\/\/api.w.org\/{rel}","templated":true}]}}