{"id":74,"date":"2026-01-15T09:07:26","date_gmt":"2026-01-15T14:07:26","guid":{"rendered":"https:\/\/tsie.utn.edu.ec\/2026\/?page_id=74"},"modified":"2026-05-04T16:12:53","modified_gmt":"2026-05-04T21:12:53","slug":"instructivos","status":"publish","type":"page","link":"https:\/\/tsie.utn.edu.ec\/2026\/instructivos\/","title":{"rendered":"INSTRUCTIVOS"},"content":{"rendered":"\n<p>Ponemos a disposici\u00f3n de los investigadores, docentes y estudiantes todos los materiales necesarios para la preparaci\u00f3n y env\u00edo de sus trabajos al <strong>IV Congreso Internacional TSIE 2026<\/strong>. Aseg\u00farese de utilizar la plantilla correspondiente a su modalidad de participaci\u00f3n.<\/p>\n\n\n\n<h3 class=\"wp-block-heading has-accent-color has-text-color has-link-color wp-elements-54e04b6940790324aee6b311d6f5580a\">Instrucciones de Uso<\/h3>\n\n\n\n<ol start=\"1\" class=\"wp-block-list\">\n<li><strong>Descarga:<\/strong> Haga clic en el \u00edcono de descarga correspondiente a su modalidad.<\/li>\n\n\n\n<li><strong>Edici\u00f3n:<\/strong> No modifique los m\u00e1rgenes, fuentes ni tama\u00f1os establecidos en las plantillas <code>.docx<\/code>, ya que esto garantiza la uniformidad en el Libro de Memorias.<\/li>\n\n\n\n<li><strong>Conversi\u00f3n:<\/strong> Salve su documento final siguiendo la nomenclatura: <code>APELLIDO_NOMBRE_TSIE2026<\/code>.<\/li>\n<\/ol>\n\n\n\n<div class=\"wp-block-columns are-vertically-aligned-center is-not-stacked-on-mobile has-border-color has-black-border-color is-layout-flex wp-container-core-columns-is-layout-9eaeac25 wp-block-columns-is-layout-flex\" style=\"border-width:1px;border-top-left-radius:1px;border-top-right-radius:1px;border-bottom-left-radius:1px;border-bottom-right-radius:1px;margin-top:1px;margin-bottom:1px\">\n<div class=\"wp-block-column is-vertically-aligned-center is-layout-flow wp-block-column-is-layout-flow\" style=\"flex-basis:300px\">\n<p class=\"has-text-align-center\"><strong>MODALIDAD<\/strong><\/p>\n<\/div>\n\n\n\n<div class=\"wp-block-column is-vertically-aligned-center is-layout-flow wp-block-column-is-layout-flow\">\n<p class=\"has-text-align-center\"><strong>NORMATIVA<\/strong><\/p>\n<\/div>\n\n\n\n<div class=\"wp-block-column is-vertically-aligned-center is-layout-flow wp-block-column-is-layout-flow\">\n<p class=\"has-text-align-center\"><strong>PLANTILLA<\/strong> <strong>DESCARGA<\/strong><\/p>\n<\/div>\n<\/div>\n\n\n\n<div class=\"wp-block-columns are-vertically-aligned-center is-not-stacked-on-mobile has-border-color has-black-border-color is-layout-flex wp-container-core-columns-is-layout-9eaeac25 wp-block-columns-is-layout-flex\" style=\"border-width:1px;border-top-left-radius:1px;border-top-right-radius:1px;border-bottom-left-radius:1px;border-bottom-right-radius:1px;margin-top:1px;margin-bottom:1px\">\n<div class=\"wp-block-column is-vertically-aligned-center is-layout-flow wp-block-column-is-layout-flow\" style=\"flex-basis:300px\">\n<p><strong>CARTEL CULTURAL<\/strong><\/p>\n<\/div>\n\n\n\n<div class=\"wp-block-column is-vertically-aligned-center is-layout-flow wp-block-column-is-layout-flow\"><div class=\"wp-block-image\">\n<figure class=\"aligncenter size-large is-resized\"><a href=\"https:\/\/tsie.utn.edu.ec\/2026\/wp-content\/uploads\/2026\/04\/NORMATIVA-CARTEL-CULTURAL-TSIE-2026.pdf\" target=\"_blank\" rel=\" noreferrer noopener\"><img loading=\"lazy\" decoding=\"async\" width=\"879\" height=\"1024\" src=\"https:\/\/tsie.utn.edu.ec\/2026\/wp-content\/uploads\/2026\/03\/pdf-2025-879x1024.png\" alt=\"\" class=\"wp-image-500\" style=\"width:50px\" srcset=\"https:\/\/tsie.utn.edu.ec\/2026\/wp-content\/uploads\/2026\/03\/pdf-2025-879x1024.png 879w, https:\/\/tsie.utn.edu.ec\/2026\/wp-content\/uploads\/2026\/03\/pdf-2025-258x300.png 258w, https:\/\/tsie.utn.edu.ec\/2026\/wp-content\/uploads\/2026\/03\/pdf-2025-768x894.png 768w, https:\/\/tsie.utn.edu.ec\/2026\/wp-content\/uploads\/2026\/03\/pdf-2025.png 935w\" sizes=\"auto, (max-width: 879px) 100vw, 879px\" \/><\/a><\/figure>\n<\/div><\/div>\n\n\n\n<div class=\"wp-block-column is-vertically-aligned-center is-layout-flow wp-block-column-is-layout-flow\"><div class=\"wp-block-image\">\n<figure class=\"aligncenter size-large is-resized\"><a href=\"https:\/\/tsie.utn.edu.ec\/2026\/wp-content\/uploads\/2026\/04\/FORMATO-CARTEL-CULTURAL-TSIE-2026.docx\" target=\"_blank\" rel=\" noreferrer noopener\"><img loading=\"lazy\" decoding=\"async\" width=\"966\" height=\"1024\" src=\"https:\/\/tsie.utn.edu.ec\/2026\/wp-content\/uploads\/2026\/03\/word-2025-966x1024.png\" alt=\"\" class=\"wp-image-501\" style=\"width:50px\" srcset=\"https:\/\/tsie.utn.edu.ec\/2026\/wp-content\/uploads\/2026\/03\/word-2025-966x1024.png 966w, https:\/\/tsie.utn.edu.ec\/2026\/wp-content\/uploads\/2026\/03\/word-2025-283x300.png 283w, https:\/\/tsie.utn.edu.ec\/2026\/wp-content\/uploads\/2026\/03\/word-2025-768x814.png 768w, https:\/\/tsie.utn.edu.ec\/2026\/wp-content\/uploads\/2026\/03\/word-2025.png 1044w\" sizes=\"auto, (max-width: 966px) 100vw, 966px\" \/><\/a><\/figure>\n<\/div><\/div>\n<\/div>\n\n\n\n<div class=\"wp-block-columns are-vertically-aligned-center is-not-stacked-on-mobile has-border-color has-black-border-color is-layout-flex wp-container-core-columns-is-layout-9eaeac25 wp-block-columns-is-layout-flex\" style=\"border-width:1px;border-top-left-radius:1px;border-top-right-radius:1px;border-bottom-left-radius:1px;border-bottom-right-radius:1px;margin-top:1px;margin-bottom:1px\">\n<div class=\"wp-block-column is-vertically-aligned-center is-layout-flow wp-block-column-is-layout-flow\" style=\"flex-basis:300px\">\n<p><strong>PONENCIA<\/strong><\/p>\n<\/div>\n\n\n\n<div class=\"wp-block-column is-vertically-aligned-center is-layout-flow wp-block-column-is-layout-flow\"><div class=\"wp-block-image\">\n<figure class=\"aligncenter size-large is-resized\"><a href=\"https:\/\/tsie.utn.edu.ec\/2026\/wp-content\/uploads\/2026\/05\/NORMATIVA-PONENCIA-TSIE-2026.pdf\" target=\"_blank\" rel=\" noreferrer noopener\"><img loading=\"lazy\" decoding=\"async\" width=\"879\" height=\"1024\" src=\"https:\/\/tsie.utn.edu.ec\/2026\/wp-content\/uploads\/2026\/03\/pdf-2025-879x1024.png\" alt=\"\" class=\"wp-image-500\" style=\"width:50px\" srcset=\"https:\/\/tsie.utn.edu.ec\/2026\/wp-content\/uploads\/2026\/03\/pdf-2025-879x1024.png 879w, https:\/\/tsie.utn.edu.ec\/2026\/wp-content\/uploads\/2026\/03\/pdf-2025-258x300.png 258w, https:\/\/tsie.utn.edu.ec\/2026\/wp-content\/uploads\/2026\/03\/pdf-2025-768x894.png 768w, https:\/\/tsie.utn.edu.ec\/2026\/wp-content\/uploads\/2026\/03\/pdf-2025.png 935w\" sizes=\"auto, (max-width: 879px) 100vw, 879px\" \/><\/a><\/figure>\n<\/div><\/div>\n\n\n\n<div class=\"wp-block-column is-vertically-aligned-center is-layout-flow wp-block-column-is-layout-flow\"><div class=\"wp-block-image\">\n<figure class=\"aligncenter size-large is-resized\"><a href=\"https:\/\/tsie.utn.edu.ec\/2026\/wp-content\/uploads\/2026\/04\/FORMATO-PONENCIA-TSIE-2026.docx\" target=\"_blank\" rel=\" noreferrer noopener\"><img loading=\"lazy\" decoding=\"async\" width=\"966\" height=\"1024\" src=\"https:\/\/tsie.utn.edu.ec\/2026\/wp-content\/uploads\/2026\/03\/word-2025-966x1024.png\" alt=\"\" class=\"wp-image-501\" style=\"width:50px\" srcset=\"https:\/\/tsie.utn.edu.ec\/2026\/wp-content\/uploads\/2026\/03\/word-2025-966x1024.png 966w, https:\/\/tsie.utn.edu.ec\/2026\/wp-content\/uploads\/2026\/03\/word-2025-283x300.png 283w, https:\/\/tsie.utn.edu.ec\/2026\/wp-content\/uploads\/2026\/03\/word-2025-768x814.png 768w, https:\/\/tsie.utn.edu.ec\/2026\/wp-content\/uploads\/2026\/03\/word-2025.png 1044w\" sizes=\"auto, (max-width: 966px) 100vw, 966px\" \/><\/a><\/figure>\n<\/div><\/div>\n<\/div>\n\n\n\n<div class=\"wp-block-columns is-not-stacked-on-mobile has-border-color has-black-border-color is-layout-flex wp-container-core-columns-is-layout-9eaeac25 wp-block-columns-is-layout-flex\" style=\"border-width:1px;border-top-left-radius:1px;border-top-right-radius:1px;border-bottom-left-radius:1px;border-bottom-right-radius:1px;margin-top:1px;margin-bottom:1px\">\n<div class=\"wp-block-column is-vertically-aligned-center is-layout-flow wp-block-column-is-layout-flow\" style=\"flex-basis:300px\">\n<p><strong>P\u00d3STER CIENT\u00cdFICO<\/strong><\/p>\n<\/div>\n\n\n\n<div class=\"wp-block-column is-layout-flow wp-block-column-is-layout-flow\"><div class=\"wp-block-image\">\n<figure class=\"aligncenter size-large is-resized\"><a href=\"https:\/\/tsie.utn.edu.ec\/2026\/wp-content\/uploads\/2026\/05\/NORMATIVA-POSTER-CIENTIFICO-TSIE-2026.pdf\" target=\"_blank\" rel=\" noreferrer noopener\"><img loading=\"lazy\" decoding=\"async\" width=\"879\" height=\"1024\" src=\"https:\/\/tsie.utn.edu.ec\/2026\/wp-content\/uploads\/2026\/03\/pdf-2025-879x1024.png\" alt=\"\" class=\"wp-image-500\" style=\"width:50px\" srcset=\"https:\/\/tsie.utn.edu.ec\/2026\/wp-content\/uploads\/2026\/03\/pdf-2025-879x1024.png 879w, https:\/\/tsie.utn.edu.ec\/2026\/wp-content\/uploads\/2026\/03\/pdf-2025-258x300.png 258w, https:\/\/tsie.utn.edu.ec\/2026\/wp-content\/uploads\/2026\/03\/pdf-2025-768x894.png 768w, https:\/\/tsie.utn.edu.ec\/2026\/wp-content\/uploads\/2026\/03\/pdf-2025.png 935w\" sizes=\"auto, (max-width: 879px) 100vw, 879px\" \/><\/a><\/figure>\n<\/div><\/div>\n\n\n\n<div class=\"wp-block-column is-layout-flow wp-block-column-is-layout-flow\"><div class=\"wp-block-image\">\n<figure class=\"aligncenter size-large is-resized\"><a href=\"https:\/\/tsie.utn.edu.ec\/2026\/wp-content\/uploads\/2026\/04\/FORMATO-POSTER-CIENTIFICO-TSIE-2026.docx\" target=\"_blank\" rel=\" noreferrer noopener\"><img loading=\"lazy\" decoding=\"async\" width=\"966\" height=\"1024\" src=\"https:\/\/tsie.utn.edu.ec\/2026\/wp-content\/uploads\/2026\/03\/word-2025-966x1024.png\" alt=\"\" class=\"wp-image-501\" style=\"width:50px\" srcset=\"https:\/\/tsie.utn.edu.ec\/2026\/wp-content\/uploads\/2026\/03\/word-2025-966x1024.png 966w, https:\/\/tsie.utn.edu.ec\/2026\/wp-content\/uploads\/2026\/03\/word-2025-283x300.png 283w, https:\/\/tsie.utn.edu.ec\/2026\/wp-content\/uploads\/2026\/03\/word-2025-768x814.png 768w, https:\/\/tsie.utn.edu.ec\/2026\/wp-content\/uploads\/2026\/03\/word-2025.png 1044w\" sizes=\"auto, (max-width: 966px) 100vw, 966px\" \/><\/a><\/figure>\n<\/div><\/div>\n<\/div>\n\n\n\n<div class=\"wp-block-columns are-vertically-aligned-center is-not-stacked-on-mobile has-border-color has-black-border-color is-layout-flex wp-container-core-columns-is-layout-9eaeac25 wp-block-columns-is-layout-flex\" style=\"border-width:1px;border-top-left-radius:1px;border-top-right-radius:1px;border-bottom-left-radius:1px;border-bottom-right-radius:1px;margin-top:1px;margin-bottom:1px\">\n<div class=\"wp-block-column is-vertically-aligned-center is-layout-flow wp-block-column-is-layout-flow\" style=\"flex-basis:300px\">\n<p><strong>PRODUCCI\u00d3N AUDIOVISUAL<\/strong><\/p>\n<\/div>\n\n\n\n<div class=\"wp-block-column is-vertically-aligned-center is-layout-flow wp-block-column-is-layout-flow\"><div class=\"wp-block-image\">\n<figure class=\"aligncenter size-large is-resized\"><a href=\"https:\/\/tsie.utn.edu.ec\/2026\/wp-content\/uploads\/2026\/04\/NORMATIVA-PRODUCCION-AUDIOVISUAL-TSIE-2026.pdf\" target=\"_blank\" rel=\" noreferrer noopener\"><img loading=\"lazy\" decoding=\"async\" width=\"879\" height=\"1024\" src=\"https:\/\/tsie.utn.edu.ec\/2026\/wp-content\/uploads\/2026\/03\/pdf-2025-879x1024.png\" alt=\"\" class=\"wp-image-500\" style=\"aspect-ratio:0.8583919970142367;width:50px\" srcset=\"https:\/\/tsie.utn.edu.ec\/2026\/wp-content\/uploads\/2026\/03\/pdf-2025-879x1024.png 879w, https:\/\/tsie.utn.edu.ec\/2026\/wp-content\/uploads\/2026\/03\/pdf-2025-258x300.png 258w, https:\/\/tsie.utn.edu.ec\/2026\/wp-content\/uploads\/2026\/03\/pdf-2025-768x894.png 768w, https:\/\/tsie.utn.edu.ec\/2026\/wp-content\/uploads\/2026\/03\/pdf-2025.png 935w\" sizes=\"auto, (max-width: 879px) 100vw, 879px\" \/><\/a><\/figure>\n<\/div><\/div>\n\n\n\n<div class=\"wp-block-column is-vertically-aligned-center is-layout-flow wp-block-column-is-layout-flow\"><div class=\"wp-block-image\">\n<figure class=\"aligncenter size-large is-resized\"><img loading=\"lazy\" decoding=\"async\" width=\"966\" height=\"1024\" src=\"https:\/\/tsie.utn.edu.ec\/2026\/wp-content\/uploads\/2026\/03\/word-2025-966x1024.png\" alt=\"\" class=\"wp-image-501\" style=\"aspect-ratio:0.9433409456511407;width:50px\" srcset=\"https:\/\/tsie.utn.edu.ec\/2026\/wp-content\/uploads\/2026\/03\/word-2025-966x1024.png 966w, https:\/\/tsie.utn.edu.ec\/2026\/wp-content\/uploads\/2026\/03\/word-2025-283x300.png 283w, https:\/\/tsie.utn.edu.ec\/2026\/wp-content\/uploads\/2026\/03\/word-2025-768x814.png 768w, https:\/\/tsie.utn.edu.ec\/2026\/wp-content\/uploads\/2026\/03\/word-2025.png 1044w\" sizes=\"auto, (max-width: 966px) 100vw, 966px\" \/><\/figure>\n<\/div><\/div>\n<\/div>\n\n\n\n<p><\/p>\n\n\n\n<p><strong>4. Carga de archivo:<\/strong> Haga clic en la modalidad a participar y completa la informaci\u00f3n requerida <\/p>\n\n\n\n<div id=\"wp-block-themeisle-blocks-icon-list-3d4095e4\" class=\"wp-block-themeisle-blocks-icon-list\">\n<div id=\"wp-block-themeisle-blocks-icon-list-item-93e4fddc\" class=\"wp-block-themeisle-blocks-icon-list-item\"><img decoding=\"async\" src=\"https:\/\/tsie.utn.edu.ec\/2026\/wp-content\/uploads\/2026\/02\/LOGO-BARRA-SITIO-4.png\"\/><p class=\"wp-block-themeisle-blocks-icon-list-item-content\"><strong><a href=\"https:\/\/forms.gle\/DqrZ7phNo4ieXCQk6\" target=\"_blank\" rel=\"noopener\" title=\"\">CARTEL CULTURAL<\/a><\/strong><\/p><\/div>\n\n\n\n<div id=\"wp-block-themeisle-blocks-icon-list-item-e2b1505f\" class=\"wp-block-themeisle-blocks-icon-list-item\"><img decoding=\"async\" src=\"https:\/\/tsie.utn.edu.ec\/2026\/wp-content\/uploads\/2026\/02\/LOGO-BARRA-SITIO-4.png\"\/><p class=\"wp-block-themeisle-blocks-icon-list-item-content\"><strong><a href=\"https:\/\/forms.gle\/DqrZ7phNo4ieXCQk6\" target=\"_blank\" rel=\"noopener\" title=\"\">PONENCIA<\/a><\/strong><\/p><\/div>\n\n\n\n<div id=\"wp-block-themeisle-blocks-icon-list-item-3b91fd3f\" class=\"wp-block-themeisle-blocks-icon-list-item\"><img decoding=\"async\" src=\"https:\/\/tsie.utn.edu.ec\/2026\/wp-content\/uploads\/2026\/02\/LOGO-BARRA-SITIO-4.png\"\/><p class=\"wp-block-themeisle-blocks-icon-list-item-content\"><strong><a href=\"https:\/\/forms.gle\/5RqSfH8a58JEejJVA\" target=\"_blank\" rel=\"noopener\" title=\"\">P\u00d3STER CIENT\u00cdFICO<\/a><\/strong><\/p><\/div>\n\n\n\n<div id=\"wp-block-themeisle-blocks-icon-list-item-94749ac2\" class=\"wp-block-themeisle-blocks-icon-list-item\"><img decoding=\"async\" src=\"https:\/\/tsie.utn.edu.ec\/2026\/wp-content\/uploads\/2026\/02\/LOGO-BARRA-SITIO-4.png\"\/><p class=\"wp-block-themeisle-blocks-icon-list-item-content\"><strong><a href=\"https:\/\/forms.gle\/vxHdnLgyTW94saZn9\" target=\"_blank\" rel=\"noopener\" title=\"\">PRODUCCI\u00d3N AUDIOVISUAL<\/a><\/strong><\/p><\/div>\n<\/div>\n\n\n\n<p><\/p>\n","protected":false},"excerpt":{"rendered":"<p>Ponemos a disposici\u00f3n de los investigadores, docentes y estudiantes todos los materiales necesarios para la preparaci\u00f3n y env\u00edo de sus trabajos al IV Congreso Internacional TSIE 2026. Aseg\u00farese de utilizar la plantilla correspondiente a su modalidad de participaci\u00f3n. Instrucciones de Uso MODALIDAD NORMATIVA PLANTILLA DESCARGA CARTEL CULTURAL PONENCIA P\u00d3STER CIENT\u00cdFICO [&hellip;]<\/p>\n","protected":false},"author":2,"featured_media":0,"parent":0,"menu_order":0,"comment_status":"closed","ping_status":"closed","template":"","meta":{"om_disable_all_campaigns":false,"_monsterinsights_skip_tracking":false,"_monsterinsights_sitenote_active":false,"_monsterinsights_sitenote_note":"","_monsterinsights_sitenote_category":0,"_themeisle_gutenberg_block_has_review":false,"footnotes":""},"class_list":["post-74","page","type-page","status-publish","hentry"],"aioseo_notices":[],"_links":{"self":[{"href":"https:\/\/tsie.utn.edu.ec\/2026\/wp-json\/wp\/v2\/pages\/74","targetHints":{"allow":["GET"]}}],"collection":[{"href":"https:\/\/tsie.utn.edu.ec\/2026\/wp-json\/wp\/v2\/pages"}],"about":[{"href":"https:\/\/tsie.utn.edu.ec\/2026\/wp-json\/wp\/v2\/types\/page"}],"author":[{"embeddable":true,"href":"https:\/\/tsie.utn.edu.ec\/2026\/wp-json\/wp\/v2\/users\/2"}],"replies":[{"embeddable":true,"href":"https:\/\/tsie.utn.edu.ec\/2026\/wp-json\/wp\/v2\/comments?post=74"}],"version-history":[{"count":27,"href":"https:\/\/tsie.utn.edu.ec\/2026\/wp-json\/wp\/v2\/pages\/74\/revisions"}],"predecessor-version":[{"id":896,"href":"https:\/\/tsie.utn.edu.ec\/2026\/wp-json\/wp\/v2\/pages\/74\/revisions\/896"}],"wp:attachment":[{"href":"https:\/\/tsie.utn.edu.ec\/2026\/wp-json\/wp\/v2\/media?parent=74"}],"curies":[{"name":"wp","href":"https:\/\/api.w.org\/{rel}","templated":true}]}}