{"id":30,"date":"2026-03-04T15:45:14","date_gmt":"2026-03-04T15:45:14","guid":{"rendered":"https:\/\/tsie.utn.edu.ec\/?page_id=30"},"modified":"2026-04-29T16:32:31","modified_gmt":"2026-04-29T16:32:31","slug":"inicio","status":"publish","type":"page","link":"https:\/\/tsie.utn.edu.ec\/","title":{"rendered":""},"content":{"rendered":"\n<div class=\"wp-block-cover is-light hestia-clear-top-padding\" style=\"min-height:1021px;aspect-ratio:unset;\"><span aria-hidden=\"true\" class=\"wp-block-cover__background has-white-background-color has-background-dim-100 has-background-dim\"><\/span><div class=\"wp-block-cover__inner-container is-layout-flow wp-block-cover-is-layout-flow\">\n<h2 class=\"wp-block-heading has-text-align-center has-text-color\" style=\"color:#3c4858\">BIENVENIDOS <\/h2>\n\n\n\n<figure class=\"wp-block-embed aligncenter is-type-video is-provider-youtube wp-block-embed-youtube wp-embed-aspect-16-9 wp-has-aspect-ratio\"><div class=\"wp-block-embed__wrapper\">\n<iframe loading=\"lazy\" title=\"Invitaci\u00f3n a cuarte edici\u00f3n de TSIE 2026\" width=\"750\" height=\"422\" src=\"https:\/\/www.youtube.com\/embed\/bs0j9WEbbFw?feature=oembed\" frameborder=\"0\" allow=\"accelerometer; autoplay; clipboard-write; encrypted-media; gyroscope; picture-in-picture; web-share\" referrerpolicy=\"strict-origin-when-cross-origin\" allowfullscreen><\/iframe>\n<\/div><\/figure>\n\n\n\n<p>Tras el \u00e9xito de sus ediciones anteriores, la Asociaci\u00f3n General de Profesores UTN y la Facultad de Educaci\u00f3n, Ciencia y Tecnolog\u00eda (FECYT), con el aval de la <strong>Universidad T\u00e9cnica del Norte (UTN)<\/strong>, convocan a la cuarta edici\u00f3n del Congreso TSIE. El evento se llevar\u00e1 a cabo en Ibarra, Ecuador, consolid\u00e1ndose como el principal foro acad\u00e9mico para la discusi\u00f3n de soluciones tecnol\u00f3gicas y sostenibles en el \u00e1mbito educativo.<\/p>\n\n\n\n<p>El TSIE 2026 no solo es un espacio de aprendizaje, una plataforma estrat\u00e9gica para la <strong>publicaci\u00f3n de investigaciones en revistas indexadas de alto impacto<\/strong>. Buscamos potenciar la visibilidad de docentes y estudiantes, fomentando una cultura de rigor cient\u00edfico y excelencia acad\u00e9mica. Gracias a la alianza estrat\u00e9gica con grupos de \u00e9lite como <strong>e-CIER<\/strong>, <strong>GITE-USAL (Espa\u00f1a)<\/strong> y <strong>GIECYT<\/strong>, el congreso garantiza una visi\u00f3n global y multidisciplinaria orientada al empoderamiento social a trav\u00e9s del conocimiento.<\/p>\n\n\n\n<div style=\"height:40px\" aria-hidden=\"true\" class=\"wp-block-spacer\"><\/div>\n<\/div><\/div>\n\n\n\n<div class=\"wp-block-columns are-vertically-aligned-center container is-layout-flex wp-container-core-columns-is-layout-28f84493 wp-block-columns-is-layout-flex\">\n<div class=\"wp-block-column is-vertically-aligned-center col-md-5 is-layout-flow wp-block-column-is-layout-flow\">\n<div style=\"height:55px\" aria-hidden=\"true\" class=\"wp-block-spacer\"><\/div>\n\n\n\n<h2 class=\"wp-block-heading\">EJES TEM\u00c1TICOS<\/h2>\n\n\n\n<p>Como un espacio de encuentro global para estudiantes, docentes y expertos de diversas disciplinas, los ejes tem\u00e1ticos que guiar\u00e1n nuestra misi\u00f3n de transformar el futuro educativo.<\/p>\n<\/div>\n\n\n\n<div class=\"wp-block-column is-vertically-aligned-center col-md-6 col-md-offset1 is-layout-flow wp-block-column-is-layout-flow\">\n<div style=\"height:55px\" aria-hidden=\"true\" class=\"wp-block-spacer\"><\/div>\n\n\n\n<figure class=\"wp-block-gallery has-nested-images columns-8 is-cropped animated zoomIn slower o-anim-offset-0px wp-block-gallery-1 is-layout-flex wp-block-gallery-is-layout-flex\">\n<figure class=\"wp-block-image size-full\"><img loading=\"lazy\" decoding=\"async\" width=\"421\" height=\"543\" data-id=\"167\" src=\"https:\/\/tsie.utn.edu.ec\/wp-content\/uploads\/2026\/03\/Actividad-fisica-deporte-y-salud-1.png\" alt=\"\" class=\"wp-image-167\" srcset=\"https:\/\/tsie.utn.edu.ec\/wp-content\/uploads\/2026\/03\/Actividad-fisica-deporte-y-salud-1.png 421w, https:\/\/tsie.utn.edu.ec\/wp-content\/uploads\/2026\/03\/Actividad-fisica-deporte-y-salud-1-233x300.png 233w\" sizes=\"auto, (max-width: 421px) 100vw, 421px\" \/><\/figure>\n\n\n\n<figure class=\"wp-block-image size-full\"><img loading=\"lazy\" decoding=\"async\" width=\"490\" height=\"543\" data-id=\"174\" src=\"https:\/\/tsie.utn.edu.ec\/wp-content\/uploads\/2026\/03\/Tecnologia-e-innovacion.png\" alt=\"\" class=\"wp-image-174\" srcset=\"https:\/\/tsie.utn.edu.ec\/wp-content\/uploads\/2026\/03\/Tecnologia-e-innovacion.png 490w, https:\/\/tsie.utn.edu.ec\/wp-content\/uploads\/2026\/03\/Tecnologia-e-innovacion-271x300.png 271w\" sizes=\"auto, (max-width: 490px) 100vw, 490px\" \/><\/figure>\n\n\n\n<figure class=\"wp-block-image size-full\"><img loading=\"lazy\" decoding=\"async\" width=\"481\" height=\"536\" data-id=\"173\" src=\"https:\/\/tsie.utn.edu.ec\/wp-content\/uploads\/2026\/03\/Interculturalidad-inclusion-y-ciudadania-digital.png\" alt=\"\" class=\"wp-image-173\" srcset=\"https:\/\/tsie.utn.edu.ec\/wp-content\/uploads\/2026\/03\/Interculturalidad-inclusion-y-ciudadania-digital.png 481w, https:\/\/tsie.utn.edu.ec\/wp-content\/uploads\/2026\/03\/Interculturalidad-inclusion-y-ciudadania-digital-269x300.png 269w\" sizes=\"auto, (max-width: 481px) 100vw, 481px\" \/><\/figure>\n\n\n\n<figure class=\"wp-block-image size-full\"><img loading=\"lazy\" decoding=\"async\" width=\"421\" height=\"543\" data-id=\"172\" src=\"https:\/\/tsie.utn.edu.ec\/wp-content\/uploads\/2026\/03\/Educomunicacion-y-sociedad-digital.png\" alt=\"\" class=\"wp-image-172\" srcset=\"https:\/\/tsie.utn.edu.ec\/wp-content\/uploads\/2026\/03\/Educomunicacion-y-sociedad-digital.png 421w, https:\/\/tsie.utn.edu.ec\/wp-content\/uploads\/2026\/03\/Educomunicacion-y-sociedad-digital-233x300.png 233w\" sizes=\"auto, (max-width: 421px) 100vw, 421px\" \/><\/figure>\n\n\n\n<figure class=\"wp-block-image size-full\"><img loading=\"lazy\" decoding=\"async\" width=\"481\" height=\"543\" data-id=\"171\" src=\"https:\/\/tsie.utn.edu.ec\/wp-content\/uploads\/2026\/03\/Educacion-neurociencia-y-psicologia.png\" alt=\"\" class=\"wp-image-171\" srcset=\"https:\/\/tsie.utn.edu.ec\/wp-content\/uploads\/2026\/03\/Educacion-neurociencia-y-psicologia.png 481w, https:\/\/tsie.utn.edu.ec\/wp-content\/uploads\/2026\/03\/Educacion-neurociencia-y-psicologia-266x300.png 266w\" sizes=\"auto, (max-width: 481px) 100vw, 481px\" \/><\/figure>\n\n\n\n<figure class=\"wp-block-image size-full\"><img loading=\"lazy\" decoding=\"async\" width=\"423\" height=\"543\" data-id=\"170\" src=\"https:\/\/tsie.utn.edu.ec\/wp-content\/uploads\/2026\/03\/Educacion-e-inteligencia-artificial.png\" alt=\"\" class=\"wp-image-170\" srcset=\"https:\/\/tsie.utn.edu.ec\/wp-content\/uploads\/2026\/03\/Educacion-e-inteligencia-artificial.png 423w, https:\/\/tsie.utn.edu.ec\/wp-content\/uploads\/2026\/03\/Educacion-e-inteligencia-artificial-234x300.png 234w\" sizes=\"auto, (max-width: 423px) 100vw, 423px\" \/><\/figure>\n\n\n\n<figure class=\"wp-block-image size-full\"><img loading=\"lazy\" decoding=\"async\" width=\"421\" height=\"543\" data-id=\"169\" src=\"https:\/\/tsie.utn.edu.ec\/wp-content\/uploads\/2026\/03\/Biodiversidad-y-sustentabilidad.png\" alt=\"\" class=\"wp-image-169\" srcset=\"https:\/\/tsie.utn.edu.ec\/wp-content\/uploads\/2026\/03\/Biodiversidad-y-sustentabilidad.png 421w, https:\/\/tsie.utn.edu.ec\/wp-content\/uploads\/2026\/03\/Biodiversidad-y-sustentabilidad-233x300.png 233w\" sizes=\"auto, (max-width: 421px) 100vw, 421px\" \/><\/figure>\n\n\n\n<figure class=\"wp-block-image size-full\"><img loading=\"lazy\" decoding=\"async\" width=\"424\" height=\"543\" data-id=\"168\" src=\"https:\/\/tsie.utn.edu.ec\/wp-content\/uploads\/2026\/03\/Arte-diseno-cultura-y-patrimonio.png\" alt=\"\" class=\"wp-image-168\" srcset=\"https:\/\/tsie.utn.edu.ec\/wp-content\/uploads\/2026\/03\/Arte-diseno-cultura-y-patrimonio.png 424w, https:\/\/tsie.utn.edu.ec\/wp-content\/uploads\/2026\/03\/Arte-diseno-cultura-y-patrimonio-234x300.png 234w\" sizes=\"auto, (max-width: 424px) 100vw, 424px\" \/><\/figure>\n<\/figure>\n<\/div>\n<\/div>\n\n\n\n<div style=\"height:40px\" aria-hidden=\"true\" class=\"wp-block-spacer\"><\/div>\n\n\n\n<div style=\"height:40px\" aria-hidden=\"true\" class=\"wp-block-spacer\"><\/div>\n\n\n\n<div class=\"wp-block-cover is-light hestia-clear-top-padding\"><span aria-hidden=\"true\" class=\"wp-block-cover__background has-white-background-color has-background-dim-100 has-background-dim\"><\/span><div class=\"wp-block-cover__inner-container is-layout-flow wp-block-cover-is-layout-flow\">\n<h2 class=\"wp-block-heading has-text-align-center has-text-color\" style=\"color:#3c4858\"><strong><em>\u00a1El futuro de la educaci\u00f3n te espera!<\/em><\/strong><\/h2>\n\n\n\n<p class=\"has-text-align-center\">\u00danete al <strong>IV Congreso TSIE 2026<\/strong>. Consulta las fechas clave y participa en el evento acad\u00e9mico m\u00e1s relevante de la regi\u00f3n.<\/p>\n\n\n\n<p class=\"has-text-align-center has-accent-color has-text-color has-link-color has-large-font-size wp-elements-18f38b7f724203f40c7c3c09d6189bc4\"><strong>FECHAS IMPORTANTES<\/strong><\/p>\n\n\n\n<div class=\"wp-block-columns is-layout-flex wp-container-core-columns-is-layout-28f84493 wp-block-columns-is-layout-flex\">\n<div class=\"wp-block-column is-layout-flow wp-block-column-is-layout-flow\" style=\"flex-basis:60px\"><\/div>\n\n\n\n<div class=\"wp-block-column is-layout-flow wp-block-column-is-layout-flow\">\n<figure class=\"wp-block-table is-style-stripes\" style=\"font-size:18px\"><table class=\"has-white-background-color has-background has-fixed-layout\" style=\"border-width:1px\"><thead><tr><td class=\"has-text-align-left\" data-align=\"left\"><strong>ACTIVIDADES<\/strong><\/td><td class=\"has-text-align-center\" data-align=\"center\"><strong>FECHAS<\/strong><\/td><\/tr><\/thead><tbody><tr><td class=\"has-text-align-left\" data-align=\"left\"><strong>Presentaci\u00f3n oficial del evento TSIE 2026<\/strong><\/td><td class=\"has-text-align-center\" data-align=\"center\">29 de abril del 2026<\/td><\/tr><tr><td class=\"has-text-align-left\" data-align=\"left\"><strong>Env\u00edo de Res\u00famenes y Papers (Ponencia, P\u00f3ster, Cartel y Audiovisual)<\/strong><\/td><td class=\"has-text-align-center\" data-align=\"center\"><strong>Hasta el 13 de mayo del 2026<\/strong><\/td><\/tr><tr><td class=\"has-text-align-left\" data-align=\"left\"><strong>Revisi\u00f3n y aprobaci\u00f3n de trabajos por el Comit\u00e9 Cient\u00edfico<\/strong><\/td><td class=\"has-text-align-center\" data-align=\"center\">14 y 15 de mayo del 2026<\/td><\/tr><tr><td class=\"has-text-align-left\" data-align=\"left\"><strong>Notificaci\u00f3n de resultados de aceptaci\u00f3n<\/strong><\/td><td class=\"has-text-align-center\" data-align=\"center\">15 de mayo del 2026<\/td><\/tr><tr><td class=\"has-text-align-left\" data-align=\"left\"><strong>Carga de archivos finales (P\u00f3ster Cient\u00edficos y Carteles Culturales)<\/strong><\/td><td class=\"has-text-align-center\" data-align=\"center\">01 al 15 de mayo de 2026<\/td><\/tr><tr><td class=\"has-text-align-left\" data-align=\"left\"><strong>Registro (inscripci\u00f3n) y pago de participaci\u00f3n<\/strong><\/td><td class=\"has-text-align-center\" data-align=\"center\">Hasta el 18 de mayo de 2026<\/td><\/tr><tr><td class=\"has-text-align-left\" data-align=\"left\"><strong>DESARROLLO DEL IV CONGRESO TSIE 2026<\/strong> (precongreso e inauguraci\u00f3n)<\/td><td class=\"has-text-align-center\" data-align=\"center\"><strong>19 de mayo de 2026<\/strong><\/td><\/tr><tr><td class=\"has-text-align-left\" data-align=\"left\"><strong>Recepci\u00f3n de art\u00edculos completos (Revista JCR-Q2 \/ Scopus Q3)<\/strong><\/td><td class=\"has-text-align-center\" data-align=\"center\">20 de junio de 2026<\/td><\/tr><tr><td class=\"has-text-align-left\" data-align=\"left\"><strong>Revisi\u00f3n de pares ciegos y dictamen (Primera Ronda)<\/strong><\/td><td class=\"has-text-align-center\" data-align=\"center\">Del 20 al 30 de julio de 2026<\/td><\/tr><tr><td class=\"has-text-align-left\" data-align=\"left\"><strong>Notificaci\u00f3n de dictamen final para publicaci\u00f3n<\/strong><\/td><td class=\"has-text-align-center\" data-align=\"center\">31 de julio de 2026<\/td><\/tr><\/tbody><\/table><\/figure>\n<\/div>\n\n\n\n<div class=\"wp-block-column is-layout-flow wp-block-column-is-layout-flow\" style=\"flex-basis:60px\"><\/div>\n<\/div>\n\n\n\n<p class=\"has-text-align-center has-white-color has-accent-background-color has-text-color has-background has-link-color has-large-font-size wp-elements-868c91398fe8ac4fc7abe6376bccd5cb\"><strong>INVERSI\u00d3N<\/strong><\/p>\n\n\n\n<p class=\"has-text-align-center\"><strong>Potencia tu perfil, transforma tu entorno.<\/strong>  Obt\u00e9n acceso exclusivo a ponentes internacionales y <strong>certifica tu participaci\u00f3n<\/strong> en el evento acad\u00e9mico del a\u00f1o.<\/p>\n\n\n\n<div class=\"wp-block-columns is-layout-flex wp-container-core-columns-is-layout-28f84493 wp-block-columns-is-layout-flex\">\n<div class=\"wp-block-column is-layout-flow wp-block-column-is-layout-flow\" style=\"flex-basis:60px\"><\/div>\n\n\n\n<div class=\"wp-block-column is-layout-flow wp-block-column-is-layout-flow\">\n<figure class=\"wp-block-table is-style-regular\"><table class=\"has-border-color has-black-border-color has-fixed-layout\" style=\"border-width:1px\"><tbody><tr><td><strong>CATEGOR\u00cdA DE PARTICIPANTE<\/strong><\/td><td class=\"has-text-align-center\" data-align=\"center\"><strong>MODALIDAD DE PARTICIPACI\u00d3N<\/strong><\/td><td class=\"has-text-align-center\" data-align=\"center\"><strong>VALOR UNITARIO (USD)<\/strong><\/td><\/tr><tr><td rowspan=\"5\"><strong>Estudiantes (UTN<\/strong><\/td><td class=\"has-text-align-center\" data-align=\"center\">Asistencia general.<\/td><td class=\"has-text-align-center\" data-align=\"center\"><strong>$25.00<\/strong><\/td><\/tr><tr><td>Presentaci\u00f3n de Ponencia<\/td><td class=\"has-text-align-center\" data-align=\"center\"><strong>$25.00<\/strong><\/td><\/tr><tr><td>Presentaci\u00f3n de P\u00f3ster Cient\u00edfico.<\/td><td class=\"has-text-align-center\" data-align=\"center\"><strong>$25.00<\/strong><\/td><\/tr><tr><td>Presentaci\u00f3n de Cartel Cultural.<\/td><td class=\"has-text-align-center\" data-align=\"center\"><strong>$25.00<\/strong><\/td><\/tr><tr><td>Presentaci\u00f3n de Producto Audiovisual.<\/td><td class=\"has-text-align-center\" data-align=\"center\"><strong>$25.00<\/strong><\/td><\/tr><tr><td colspan=\"3\"><strong>Con tu inscripci\u00f3n en cualquiera de las modalidades obtienes el certificado de asistencia (cumpliendo el porcentaje m\u00ednimo requerido de participaci\u00f3n). Recuerda que recibes el 20 % de descuento al participar en dos o &nbsp;m\u00e1s modalidades de participaci\u00f3n.<\/strong><\/td><\/tr><tr><td><strong>CATEGOR\u00cdA DE PARTICIPANTE<\/strong><\/td><td class=\"has-text-align-center\" data-align=\"center\"><strong>MODALIDAD DE PARTICIPACI\u00d3N<\/strong><\/td><td class=\"has-text-align-center\" data-align=\"center\"><strong>VALOR UNITARIO (USD)<\/strong><\/td><\/tr><tr><td rowspan=\"5\"><strong>Estudiantes Externos<\/strong><\/td><td class=\"has-text-align-center\" data-align=\"center\">Asistencia general.<\/td><td class=\"has-text-align-center\" data-align=\"center\"><strong>$40.00<\/strong><\/td><\/tr><tr><td>Presentaci\u00f3n de Ponencia<\/td><td class=\"has-text-align-center\" data-align=\"center\"><strong>$40.00<\/strong><\/td><\/tr><tr><td>Presentaci\u00f3n de P\u00f3ster Cient\u00edfico.<\/td><td class=\"has-text-align-center\" data-align=\"center\"><strong>$40.00<\/strong><\/td><\/tr><tr><td>Presentaci\u00f3n de Cartel Cultural.<\/td><td class=\"has-text-align-center\" data-align=\"center\"><strong>$40.00<\/strong><\/td><\/tr><tr><td>Presentaci\u00f3n de Producto Audiovisual.<\/td><td class=\"has-text-align-center\" data-align=\"center\"><strong>$40.00<\/strong><\/td><\/tr><tr><td colspan=\"3\"><strong>Con tu inscripci\u00f3n en cualquiera de las modalidades obtienes el certificado de asistencia (cumpliendo el porcentaje m\u00ednimo requerido de participaci\u00f3n). Recuerda que recibes el 20 % de descuento al participar en dos o&nbsp; m\u00e1s modalidades de participaci\u00f3n.<\/strong><\/td><\/tr><tr><td><strong>CATEGOR\u00cdA DE PARTICIPANTE<\/strong><\/td><td class=\"has-text-align-center\" data-align=\"center\"><strong>MODALIDAD DE PARTICIPACI\u00d3N<\/strong><\/td><td class=\"has-text-align-center\" data-align=\"center\"><strong>VALOR UNITARIO (USD)<\/strong><\/td><\/tr><tr><td rowspan=\"5\"><strong>Docentes y Profesionales<\/strong> (UTN y Externos)<\/td><td class=\"has-text-align-center\" data-align=\"center\">Asistencia general.<\/td><td class=\"has-text-align-center\" data-align=\"center\"><strong>$50.00<\/strong><\/td><\/tr><tr><td>Presentaci\u00f3n de Ponencia<\/td><td class=\"has-text-align-center\" data-align=\"center\"><strong>$50.00<\/strong><\/td><\/tr><tr><td>Presentaci\u00f3n de P\u00f3ster Cient\u00edfico.<\/td><td class=\"has-text-align-center\" data-align=\"center\"><strong>$50.00<\/strong><\/td><\/tr><tr><td>Presentaci\u00f3n de Cartel Cultural.<\/td><td class=\"has-text-align-center\" data-align=\"center\"><strong>$50.00<\/strong><\/td><\/tr><tr><td>Presentaci\u00f3n de Producto Audiovisual.<\/td><td class=\"has-text-align-center\" data-align=\"center\"><strong>$50.00<\/strong><\/td><\/tr><tr><td colspan=\"3\"><strong>Con tu inscripci\u00f3n en cualquiera de las modalidades obtienes el certificado de asistencia (cumpliendo el porcentaje m\u00ednimo requerido de participaci\u00f3n). Recuerda que recibes el 20 % de descuento al participar en dos o&nbsp; m\u00e1s modalidades de participaci\u00f3n.<\/strong><\/td><\/tr><\/tbody><\/table><\/figure>\n<\/div>\n\n\n\n<div class=\"wp-block-column is-layout-flow wp-block-column-is-layout-flow\" style=\"flex-basis:60px\"><\/div>\n<\/div>\n\n\n\n<div style=\"height:40px\" aria-hidden=\"true\" class=\"wp-block-spacer\"><\/div>\n<\/div><\/div>\n\n\n\n<p><\/p>\n","protected":false},"excerpt":{"rendered":"<p>EJES TEM\u00c1TICOS Como un espacio de encuentro global para estudiantes, docentes y expertos de diversas disciplinas, los ejes tem\u00e1ticos que guiar\u00e1n nuestra misi\u00f3n de transformar el futuro educativo.<\/p>\n","protected":false},"author":2,"featured_media":71,"parent":0,"menu_order":0,"comment_status":"closed","ping_status":"closed","template":"","meta":{"om_disable_all_campaigns":false,"_monsterinsights_skip_tracking":false,"_monsterinsights_sitenote_active":false,"_monsterinsights_sitenote_note":"","_monsterinsights_sitenote_category":0,"_themeisle_gutenberg_block_has_review":false,"footnotes":""},"class_list":["post-30","page","type-page","status-publish","has-post-thumbnail","hentry"],"aioseo_notices":[],"_links":{"self":[{"href":"https:\/\/tsie.utn.edu.ec\/index.php\/wp-json\/wp\/v2\/pages\/30","targetHints":{"allow":["GET"]}}],"collection":[{"href":"https:\/\/tsie.utn.edu.ec\/index.php\/wp-json\/wp\/v2\/pages"}],"about":[{"href":"https:\/\/tsie.utn.edu.ec\/index.php\/wp-json\/wp\/v2\/types\/page"}],"author":[{"embeddable":true,"href":"https:\/\/tsie.utn.edu.ec\/index.php\/wp-json\/wp\/v2\/users\/2"}],"replies":[{"embeddable":true,"href":"https:\/\/tsie.utn.edu.ec\/index.php\/wp-json\/wp\/v2\/comments?post=30"}],"version-history":[{"count":49,"href":"https:\/\/tsie.utn.edu.ec\/index.php\/wp-json\/wp\/v2\/pages\/30\/revisions"}],"predecessor-version":[{"id":278,"href":"https:\/\/tsie.utn.edu.ec\/index.php\/wp-json\/wp\/v2\/pages\/30\/revisions\/278"}],"wp:featuredmedia":[{"embeddable":true,"href":"https:\/\/tsie.utn.edu.ec\/index.php\/wp-json\/wp\/v2\/media\/71"}],"wp:attachment":[{"href":"https:\/\/tsie.utn.edu.ec\/index.php\/wp-json\/wp\/v2\/media?parent=30"}],"curies":[{"name":"wp","href":"https:\/\/api.w.org\/{rel}","templated":true}]}}